{"id":31613,"date":"2023-05-04T09:49:40","date_gmt":"2023-05-04T09:49:40","guid":{"rendered":"https:\/\/www.tornum.com\/product\/heat-recovery-dryer-hrc\/"},"modified":"2025-07-30T11:27:07","modified_gmt":"2025-07-30T11:27:07","slug":"siltumenergijas-rekuperacijas-kalte-hrc","status":"publish","type":"product","link":"https:\/\/www.tornum.com\/lv\/product\/siltumenergijas-rekuperacijas-kalte-hrc\/","title":{"rendered":"SILTUMENER\u0122IJAS REKUPER\u0100CIJAS KALTE HRC"},"content":{"rendered":"<div class=\"wpb-content-wrapper\"><p>[vc_row gap=&#8221;35&#8243;][vc_column width=&#8221;2\/3&#8243;][vc_column_text]Siltuma rekuper\u0101cijas kalte <em>HRC<\/em> ietaupa ener\u0123iju bez jaudas zudumiem.<\/p>\n<p><em>HRC<\/em> kalte izmanto ener\u0123iju, kas tiktu zaud\u0113ta tradicion\u0101laj\u0101 graudu kalt\u0113. Tiek atg\u016bti l\u012bdz 10% siltumener\u0123ijas. Dizains nodro\u0161ina ar\u012b klus\u0101ku un t\u012br\u0101ku darba vidi. T\u0101pat k\u0101 visas <em>Tornum<\/em> graudu kaltes, ar\u012b <em>HRC<\/em> modelis ir izgatavots no karsti cinkota t\u0113rauda loksn\u0113m.<\/p>\n<p>Gaiss no <em>HRC<\/em> dzes\u0113\u0161anas zonas tiek recirkul\u0113ts. Recirkul\u0113tais uzsild\u012btais dzes\u0113\u0161anas gaiss tiek sajaukts ar uzsild\u012bto apk\u0101rt\u0113j\u0101s vides gaisu, kas ir izg\u0101jis cauri sild\u012b\u0161anas avotam. T\u0101 k\u0101 rekuper\u0113tais gaiss ir silt\u0101ks par apk\u0101rt\u0113jo gaisu, ir iesp\u0113jams samazin\u0101t ener\u0123ijas pat\u0113ri\u0146u no siltuma avota. J\u016bs joproj\u0101m sasniegsiet nepiecie\u0161amo kalt\u0113\u0161anas temperat\u016bru, sal\u012bdzinot ar temperat\u016bru, kas tiktu ieg\u016bta, izmantojot tikai apk\u0101rt\u0113j\u0101s vides gaisu. Turkl\u0101t kaltes konstrukcija nodro\u0161ina nepiecie\u0161am\u012bbu p\u0113c maz\u0101kas izpl\u016bdes ventilatora jaudas.[\/vc_column_text][\/vc_column][vc_column width=&#8221;1\/3&#8243;][vc_column_text]<strong>STANDARTA APR\u012aKOJUMS<\/strong><\/p>\n<p>\u2022 L\u012bme\u0146a indikators<br \/>\n\u2022 Mitr\u0101 gaisa piepl\u016bde<br \/>\n\u2022 Puls\u0113jo\u0161a izkrau\u0161anas sekcija<br \/>\n\u2022 L\u012bme\u0146a sensors<br \/>\n\u2022 Buferzona<br \/>\n\u2022 Ugunsgr\u0113ka signaliz\u0101cijas sist\u0113ma<br \/>\n\u2022 K\u0101pnes un platformas<br \/>\n\u2022 Rekuper\u0101cijas zona<br \/>\n\u2022 Mitruma l\u012bme\u0146a kontrole<br \/>\n\u2022 Spiediena m\u0113r\u012b\u0161ana palai\u0161anas regul\u0113\u0161anai<\/p>\n<p><strong>PIEDERUMI<\/strong><br \/>\n\u2022 Klusin\u0101t\u0101js[\/vc_column_text][\/vc_column][\/vc_row]<\/p>\n<\/div>","protected":false},"excerpt":{"rendered":"<p><em>HRC<\/em> kalte izmanto ener\u0123iju, kas tiktu zaud\u0113ta tradicion\u0101laj\u0101 graudu kalt\u0113. Tiek atg\u016bti l\u012bdz 10% siltumener\u0123ijas. Dizains nodro\u0161ina ar\u012b klus\u0101ku un t\u012br\u0101ku darba vidi.<\/p>\n","protected":false},"featured_media":31614,"comment_status":"open","ping_status":"closed","template":"","meta":{"_acf_changed":false},"product_brand":[],"product_cat":[845,864,846,884],"product_tag":[867,913,885,868],"class_list":{"0":"post-31613","1":"product","2":"type-product","3":"status-publish","4":"has-post-thumbnail","6":"product_cat-all-products-lv","7":"product_cat-grain-lv","8":"product_cat-conditioning-lv","9":"product_cat-grain-dryers-lv","10":"product_tag-dryer-lv","11":"product_tag-dryer-rex-lv","12":"product_tag-dryer-tk-lv","13":"product_tag-dryer-tkr-lv","14":"description-off","16":"first","17":"instock","18":"shipping-taxable","19":"product-type-simple"},"acf":[],"_links":{"self":[{"href":"https:\/\/www.tornum.com\/lv\/wp-json\/wp\/v2\/product\/31613","targetHints":{"allow":["GET"]}}],"collection":[{"href":"https:\/\/www.tornum.com\/lv\/wp-json\/wp\/v2\/product"}],"about":[{"href":"https:\/\/www.tornum.com\/lv\/wp-json\/wp\/v2\/types\/product"}],"replies":[{"embeddable":true,"href":"https:\/\/www.tornum.com\/lv\/wp-json\/wp\/v2\/comments?post=31613"}],"version-history":[{"count":2,"href":"https:\/\/www.tornum.com\/lv\/wp-json\/wp\/v2\/product\/31613\/revisions"}],"predecessor-version":[{"id":31749,"href":"https:\/\/www.tornum.com\/lv\/wp-json\/wp\/v2\/product\/31613\/revisions\/31749"}],"wp:featuredmedia":[{"embeddable":true,"href":"https:\/\/www.tornum.com\/lv\/wp-json\/wp\/v2\/media\/31614"}],"wp:attachment":[{"href":"https:\/\/www.tornum.com\/lv\/wp-json\/wp\/v2\/media?parent=31613"}],"wp:term":[{"taxonomy":"product_brand","embeddable":true,"href":"https:\/\/www.tornum.com\/lv\/wp-json\/wp\/v2\/product_brand?post=31613"},{"taxonomy":"product_cat","embeddable":true,"href":"https:\/\/www.tornum.com\/lv\/wp-json\/wp\/v2\/product_cat?post=31613"},{"taxonomy":"product_tag","embeddable":true,"href":"https:\/\/www.tornum.com\/lv\/wp-json\/wp\/v2\/product_tag?post=31613"}],"curies":[{"name":"wp","href":"https:\/\/api.w.org\/{rel}","templated":true}]}}