{"id":31615,"date":"2023-01-29T22:13:22","date_gmt":"2023-01-29T22:13:22","guid":{"rendered":"https:\/\/www.tornum.com\/product\/hopper-bottom-silos\/"},"modified":"2025-07-30T11:34:25","modified_gmt":"2025-07-30T11:34:25","slug":"silosi-ar-piltuvveida-gridu","status":"publish","type":"product","link":"https:\/\/www.tornum.com\/lv\/product\/silosi-ar-piltuvveida-gridu\/","title":{"rendered":"SILOSI AR PILTUVVEIDA GR\u012aDU"},"content":{"rendered":"<div class=\"wpb-content-wrapper\"><p>[vc_row][vc_column width=&#8221;2\/3&#8243;][vc_column_text]<em>Tornum <\/em>pied\u0101v\u0101 divus piltuvveida silosu mode\u013cus, attiec\u012bgi 45\u00b0 un 60\u00b0, lai nodro\u0161in\u0101tu vislab\u0101ko risin\u0101jumu ar\u012b mitriem produktiem un citiem produktiem ar augstu berzes le\u0146\u0137i.<\/p>\n<p>Piltuves loksnes, kompresijas gredzeni un balsta konstrukcija ir izgatavota no rievota, karsti cinkota t\u0113rauda. S\u0101nu loksnes ir 0,8\u20133,5\u00a0mm biezas, l\u012bdz 600\u00a0g\/m\u00b2. P\u0113c piepras\u012bjuma atsevi\u0161\u0137u izm\u0113ru silosus iesp\u0113jams pieg\u0101d\u0101t ar glud\u0101m sien\u0101m. M\u016bsu silosi ar piltuvveida gr\u012bdu ir projekt\u0113ti atbilsto\u0161i Eirokodeksa vai <em>ASAE \/ ANSI<\/em> standartiem, un tie var tikt pieg\u0101d\u0101ti ar \u012bpa\u0161iem seismisk\u0101s, sniega vai v\u0113ja slodzes iztur\u012bbas uzlabojumiem atbilsto\u0161i pras\u012bb\u0101m.<\/p>\n<p>Pied\u0101v\u0101jam pilnu piederumu kl\u0101stu, tostarp s\u0101nu durvis, pieslienam\u0101s k\u0101pnes, platformas, atbalsta tor\u0146us, ventil\u0101cijas un temperat\u016bras uzr\u0101d\u012b\u0161anas sist\u0113mas, k\u0101 ar\u012b meh\u0101nisk\u0101s apstr\u0101des apr\u012bkojumu.[\/vc_column_text][\/vc_column][vc_column width=&#8221;1\/3&#8243;][\/vc_column][\/vc_row]<\/p>\n<\/div>","protected":false},"excerpt":{"rendered":"<p><em>Tornum <\/em>pied\u0101v\u0101 divus piltuvveida silosu mode\u013cus, attiec\u012bgi 45\u00b0 un 60\u00b0, lai nodro\u0161in\u0101tu vislab\u0101ko risin\u0101jumu ar\u012b mitriem produktiem un citiem produktiem ar augstu berzes le\u0146\u0137i.<\/p>\n","protected":false},"featured_media":31616,"comment_status":"open","ping_status":"closed","template":"","meta":{"_acf_changed":false},"product_brand":[],"product_cat":[845,863,864,901,923],"product_tag":[888,903,851,904],"class_list":{"0":"post-31615","1":"product","2":"type-product","3":"status-publish","4":"has-post-thumbnail","6":"product_cat-all-products-lv","7":"product_cat-food-2-lv","8":"product_cat-grain-lv","9":"product_cat-storage-lv","10":"product_cat-hopper-silo-lv","11":"product_tag-bin-lv","12":"product_tag-bins-lv","13":"product_tag-silo-lv","14":"product_tag-storage-lv","15":"pa_products-type-all-products-lv","16":"pa_products-type-grain-lv","17":"description-off","19":"first","20":"instock","21":"shipping-taxable","22":"product-type-simple"},"acf":[],"_links":{"self":[{"href":"https:\/\/www.tornum.com\/lv\/wp-json\/wp\/v2\/product\/31615","targetHints":{"allow":["GET"]}}],"collection":[{"href":"https:\/\/www.tornum.com\/lv\/wp-json\/wp\/v2\/product"}],"about":[{"href":"https:\/\/www.tornum.com\/lv\/wp-json\/wp\/v2\/types\/product"}],"replies":[{"embeddable":true,"href":"https:\/\/www.tornum.com\/lv\/wp-json\/wp\/v2\/comments?post=31615"}],"version-history":[{"count":2,"href":"https:\/\/www.tornum.com\/lv\/wp-json\/wp\/v2\/product\/31615\/revisions"}],"predecessor-version":[{"id":31760,"href":"https:\/\/www.tornum.com\/lv\/wp-json\/wp\/v2\/product\/31615\/revisions\/31760"}],"wp:featuredmedia":[{"embeddable":true,"href":"https:\/\/www.tornum.com\/lv\/wp-json\/wp\/v2\/media\/31616"}],"wp:attachment":[{"href":"https:\/\/www.tornum.com\/lv\/wp-json\/wp\/v2\/media?parent=31615"}],"wp:term":[{"taxonomy":"product_brand","embeddable":true,"href":"https:\/\/www.tornum.com\/lv\/wp-json\/wp\/v2\/product_brand?post=31615"},{"taxonomy":"product_cat","embeddable":true,"href":"https:\/\/www.tornum.com\/lv\/wp-json\/wp\/v2\/product_cat?post=31615"},{"taxonomy":"product_tag","embeddable":true,"href":"https:\/\/www.tornum.com\/lv\/wp-json\/wp\/v2\/product_tag?post=31615"}],"curies":[{"name":"wp","href":"https:\/\/api.w.org\/{rel}","templated":true}]}}