{"id":31617,"date":"2023-05-14T21:59:36","date_gmt":"2023-05-14T21:59:36","guid":{"rendered":"https:\/\/www.tornum.com\/product\/hopper-scale-dviu\/"},"modified":"2025-07-30T11:44:48","modified_gmt":"2025-07-30T11:44:48","slug":"bunkura-svari-dviu","status":"publish","type":"product","link":"https:\/\/www.tornum.com\/lv\/product\/bunkura-svari-dviu\/","title":{"rendered":"BUNKURA SVARI DVIU"},"content":{"rendered":"<p><em>Tornum<\/em> bunkura svari izstr\u0101d\u0101ti \u0101trai, sa\u0146emto un izkrauto br\u012bvi birsto\u0161u materi\u0101lu, piem\u0113ram, graudu, kukur\u016bzas, lopbar\u012bbas, pulverveida un granulu sv\u0113r\u0161anai.<\/p>\n<p>Svari prec\u012bzi izstr\u0101d\u0101ti, lai nodro\u0161in\u0101tu ilgu kalpo\u0161anas laiku, r\u016bp\u0113joties ar\u012b par maksim\u0101lu t\u012br\u012bbu.<\/p>\n<p>Pieejami divi bunkura svaru <em>DVIU<\/em> mode\u013ci: se\u0161i <em>DVIU\/N<\/em> izm\u0113ri ar jaudu no 5 l\u012bdz 200 t\/h un asto\u0146i <em>DVIU\/F<\/em> izm\u0113ri ar jaudu no 250 l\u012bdz 1200 t\/h, kas apr\u0113\u0137in\u0101ta graudiem ar tilpuma svaru 0,6 t\/m<sup>3<\/sup>.<\/p>\n<p>Svari tiek pieg\u0101d\u0101ti ar svara r\u0101d\u012bt\u0101ju un printeri ar lietot\u0101ja saskarni un dokument\u0101ciju vair\u0101k\u0101s valod\u0101s. Sist\u0113mas integr\u0101cija un datu nos\u016bt\u012b\u0161ana ir papildu iesp\u0113jas p\u0113c izv\u0113les.<\/p>\n","protected":false},"excerpt":{"rendered":"<p><em>Tornum<\/em> bunkura svari izstr\u0101d\u0101ti \u0101trai, sa\u0146emto un izkrauto br\u012bvi birsto\u0161u materi\u0101lu, piem\u0113ram, graudu, kukur\u016bzas, lopbar\u012bbas, pulverveida un granulu sv\u0113r\u0161anai.<\/p>\n","protected":false},"featured_media":31619,"comment_status":"open","ping_status":"closed","template":"","meta":{"_acf_changed":false},"product_brand":[],"product_cat":[845,880,863,864,870,924],"product_tag":[898,925,904,926],"class_list":{"0":"post-31617","1":"product","2":"type-product","3":"status-publish","4":"has-post-thumbnail","6":"product_cat-all-products-lv","7":"product_cat-feed-lv","8":"product_cat-food-2-lv","9":"product_cat-grain-lv","10":"product_cat-material-handling-lv","11":"product_cat-all-products-2-lv","12":"product_tag-cleaning-lv","13":"product_tag-scale-lv","14":"product_tag-storage-lv","15":"product_tag-weight-lv","16":"description-off","18":"first","19":"instock","20":"shipping-taxable","21":"product-type-simple"},"acf":[],"_links":{"self":[{"href":"https:\/\/www.tornum.com\/lv\/wp-json\/wp\/v2\/product\/31617","targetHints":{"allow":["GET"]}}],"collection":[{"href":"https:\/\/www.tornum.com\/lv\/wp-json\/wp\/v2\/product"}],"about":[{"href":"https:\/\/www.tornum.com\/lv\/wp-json\/wp\/v2\/types\/product"}],"replies":[{"embeddable":true,"href":"https:\/\/www.tornum.com\/lv\/wp-json\/wp\/v2\/comments?post=31617"}],"version-history":[{"count":2,"href":"https:\/\/www.tornum.com\/lv\/wp-json\/wp\/v2\/product\/31617\/revisions"}],"predecessor-version":[{"id":31764,"href":"https:\/\/www.tornum.com\/lv\/wp-json\/wp\/v2\/product\/31617\/revisions\/31764"}],"wp:featuredmedia":[{"embeddable":true,"href":"https:\/\/www.tornum.com\/lv\/wp-json\/wp\/v2\/media\/31619"}],"wp:attachment":[{"href":"https:\/\/www.tornum.com\/lv\/wp-json\/wp\/v2\/media?parent=31617"}],"wp:term":[{"taxonomy":"product_brand","embeddable":true,"href":"https:\/\/www.tornum.com\/lv\/wp-json\/wp\/v2\/product_brand?post=31617"},{"taxonomy":"product_cat","embeddable":true,"href":"https:\/\/www.tornum.com\/lv\/wp-json\/wp\/v2\/product_cat?post=31617"},{"taxonomy":"product_tag","embeddable":true,"href":"https:\/\/www.tornum.com\/lv\/wp-json\/wp\/v2\/product_tag?post=31617"}],"curies":[{"name":"wp","href":"https:\/\/api.w.org\/{rel}","templated":true}]}}