{"id":31620,"date":"2023-05-14T19:47:39","date_gmt":"2023-05-14T19:47:39","guid":{"rendered":"https:\/\/www.tornum.com\/product\/i-line-conveyors\/"},"modified":"2025-08-01T09:45:21","modified_gmt":"2025-08-01T09:45:21","slug":"i-linijas-transportieri","status":"publish","type":"product","link":"https:\/\/www.tornum.com\/lv\/product\/i-linijas-transportieri\/","title":{"rendered":"I-L\u012aNIJAS TRANSPORTIERI"},"content":{"rendered":"<p>\u0160is iek\u0101rtu kl\u0101sts, kas paredz\u0113ts industri\u0101las lauksaimniec\u012bbas lietojumiem, kurus nepiecie\u0161ams regul\u0101ri izmantot visa gada garum\u0101, ir pieejams kvie\u0161u transport\u0113\u0161anas jaudai no 40 l\u012bdz 150 t\/h. Pilns iek\u0101rtu kl\u0101sts ietver vertik\u0101las, horizont\u0101las, izliektas un sl\u012bpas iek\u0101rtas, kas paredz\u0113tas atbilsto\u0161ai poz\u012bcijai graudu pl\u016bsm\u0101. I-l\u012bnijas kl\u0101st\u0101 ietilpst ar\u012b lentes transportieri ar jaudu l\u012bdz 150 t\/h. Ir pieejams pilns piederumu kl\u0101sts, kas ietver manu\u0101lus, elektriskos un pneimatiskos slaidus, dro\u0161\u012bbas sensorus, \u0101truma monitora sensorus, speci\u0101las pretest\u012bbas siksnas e\u013c\u013cas produktiem un daudzus citus. Transportierus var piel\u0101got, lai tie atbilstu da\u017e\u0101d\u0101m klientu pras\u012bb\u0101m attiec\u012bb\u0101 uz \u0137\u0113des un lentes \u0101trumu.<\/p>\n","protected":false},"excerpt":{"rendered":"<p>I-l\u012bnija ir produktu l\u012bnija, kas paredz\u0113ta intens\u012bvai lieto\u0161anai visu gadu un izstr\u0101d\u0101ta, lai apmierin\u0101tu graudu nozares un vid\u0113ju l\u012bdz lielu saimniec\u012bbu pras\u012bbas. \u0160ie transportieri tiek klasific\u0113ti k\u0101 II kategorijas <em>2D\/OD<\/em> transportieri, un tie ir piem\u0113roti t\u0101du drupin\u0101tu un pulverveida materi\u0101lu transport\u0113\u0161anai, kas atbilst 21. vai 22. zonai, k\u0101 ar\u012b tad, ja \u0101r\u0113j\u0101 vide nav klasific\u0113ta. Tie ir ra\u017eoti no cinkota t\u0113rauda atbilsto\u0161i ES iek\u0101rtu direkt\u012bv\u0101m.<\/p>\n","protected":false},"featured_media":29582,"comment_status":"open","ping_status":"closed","template":"","meta":{"_acf_changed":false},"product_brand":[],"product_cat":[845,880,863,864,870,927],"product_tag":[889,895,904,890],"class_list":{"0":"post-31620","1":"product","2":"type-product","3":"status-publish","4":"has-post-thumbnail","6":"product_cat-all-products-lv","7":"product_cat-feed-lv","8":"product_cat-food-2-lv","9":"product_cat-grain-lv","10":"product_cat-material-handling-lv","11":"product_cat-conveyors-lv","12":"product_tag-conveyor-lv","13":"product_tag-elevator-lv","14":"product_tag-storage-lv","15":"product_tag-transport-lv","16":"description-off","18":"first","19":"instock","20":"shipping-taxable","21":"product-type-simple"},"acf":[],"_links":{"self":[{"href":"https:\/\/www.tornum.com\/lv\/wp-json\/wp\/v2\/product\/31620","targetHints":{"allow":["GET"]}}],"collection":[{"href":"https:\/\/www.tornum.com\/lv\/wp-json\/wp\/v2\/product"}],"about":[{"href":"https:\/\/www.tornum.com\/lv\/wp-json\/wp\/v2\/types\/product"}],"replies":[{"embeddable":true,"href":"https:\/\/www.tornum.com\/lv\/wp-json\/wp\/v2\/comments?post=31620"}],"version-history":[{"count":2,"href":"https:\/\/www.tornum.com\/lv\/wp-json\/wp\/v2\/product\/31620\/revisions"}],"predecessor-version":[{"id":31791,"href":"https:\/\/www.tornum.com\/lv\/wp-json\/wp\/v2\/product\/31620\/revisions\/31791"}],"wp:featuredmedia":[{"embeddable":true,"href":"https:\/\/www.tornum.com\/lv\/wp-json\/wp\/v2\/media\/29582"}],"wp:attachment":[{"href":"https:\/\/www.tornum.com\/lv\/wp-json\/wp\/v2\/media?parent=31620"}],"wp:term":[{"taxonomy":"product_brand","embeddable":true,"href":"https:\/\/www.tornum.com\/lv\/wp-json\/wp\/v2\/product_brand?post=31620"},{"taxonomy":"product_cat","embeddable":true,"href":"https:\/\/www.tornum.com\/lv\/wp-json\/wp\/v2\/product_cat?post=31620"},{"taxonomy":"product_tag","embeddable":true,"href":"https:\/\/www.tornum.com\/lv\/wp-json\/wp\/v2\/product_tag?post=31620"}],"curies":[{"name":"wp","href":"https:\/\/api.w.org\/{rel}","templated":true}]}}