{"id":31633,"date":"2023-05-14T21:57:30","date_gmt":"2023-05-14T21:57:30","guid":{"rendered":"https:\/\/www.tornum.com\/product\/intake-building\/"},"modified":"2025-07-30T12:02:19","modified_gmt":"2025-07-30T12:02:19","slug":"uzpildes-korpuss","status":"publish","type":"product","link":"https:\/\/www.tornum.com\/lv\/product\/uzpildes-korpuss\/","title":{"rendered":"UZPILDES KORPUSS"},"content":{"rendered":"<p>Ja nav nepiecie\u0161ams pilns elevators, bet ir nepiecie\u0161ami uzlabojumi graudu iekrau\u0161anai un izkrau\u0161anai,<em> Tornum<\/em> pied\u0101v\u0101 produktus un \u0113ku korpusus efekt\u012bv\u0101kas pl\u016bsmas nodro\u0161in\u0101\u0161anai. Jaunais korpuss var tikt savienots ar eso\u0161ajiem vai var darboties piln\u012bgi neatkar\u012bgi.<\/p>\n<p>Visi korpusi un t\u0113rauda strukt\u016bras ir ieguvu\u0161as CE mar\u0137\u0113jumu atbilsto\u0161i EN 1090-1, kas ir ES pras\u012bba kop\u0161 2014.\u00a0gada.<\/p>\n","protected":false},"excerpt":{"rendered":"<p>Ja nav nepiecie\u0161ams pilns elevators, bet ir nepiecie\u0161ami uzlabojumi graudu iekrau\u0161anai un izkrau\u0161anai,<em> Tornum<\/em> pied\u0101v\u0101 produktus un \u0113ku korpusus efekt\u012bv\u0101kas pl\u016bsmas nodro\u0161in\u0101\u0161anai. Jaunais korpuss var tikt savienots ar eso\u0161ajiem vai var darboties piln\u012bgi neatkar\u012bgi.<\/p>\n<p>Visi korpusi un t\u0113rauda strukt\u016bras ir ieguvu\u0161as CE mar\u0137\u0113jumu atbilsto\u0161i EN 1090-1, kas ir ES pras\u012bba kop\u0161 2014.\u00a0gada.<\/p>\n","protected":false},"featured_media":31637,"comment_status":"open","ping_status":"closed","template":"","meta":{"_acf_changed":false},"product_brand":[],"product_cat":[845,901,902],"product_tag":[888,906,867,928],"class_list":{"0":"post-31633","1":"product","2":"type-product","3":"status-publish","4":"has-post-thumbnail","6":"product_cat-all-products-lv","7":"product_cat-storage-lv","8":"product_cat-building-storage-lv","9":"product_tag-bin-lv","10":"product_tag-building-lv","11":"product_tag-dryer-lv","12":"product_tag-intake-lv","13":"description-off","15":"first","16":"instock","17":"shipping-taxable","18":"product-type-simple"},"acf":[],"_links":{"self":[{"href":"https:\/\/www.tornum.com\/lv\/wp-json\/wp\/v2\/product\/31633","targetHints":{"allow":["GET"]}}],"collection":[{"href":"https:\/\/www.tornum.com\/lv\/wp-json\/wp\/v2\/product"}],"about":[{"href":"https:\/\/www.tornum.com\/lv\/wp-json\/wp\/v2\/types\/product"}],"replies":[{"embeddable":true,"href":"https:\/\/www.tornum.com\/lv\/wp-json\/wp\/v2\/comments?post=31633"}],"version-history":[{"count":2,"href":"https:\/\/www.tornum.com\/lv\/wp-json\/wp\/v2\/product\/31633\/revisions"}],"predecessor-version":[{"id":31816,"href":"https:\/\/www.tornum.com\/lv\/wp-json\/wp\/v2\/product\/31633\/revisions\/31816"}],"wp:featuredmedia":[{"embeddable":true,"href":"https:\/\/www.tornum.com\/lv\/wp-json\/wp\/v2\/media\/31637"}],"wp:attachment":[{"href":"https:\/\/www.tornum.com\/lv\/wp-json\/wp\/v2\/media?parent=31633"}],"wp:term":[{"taxonomy":"product_brand","embeddable":true,"href":"https:\/\/www.tornum.com\/lv\/wp-json\/wp\/v2\/product_brand?post=31633"},{"taxonomy":"product_cat","embeddable":true,"href":"https:\/\/www.tornum.com\/lv\/wp-json\/wp\/v2\/product_cat?post=31633"},{"taxonomy":"product_tag","embeddable":true,"href":"https:\/\/www.tornum.com\/lv\/wp-json\/wp\/v2\/product_tag?post=31633"}],"curies":[{"name":"wp","href":"https:\/\/api.w.org\/{rel}","templated":true}]}}