{"id":31634,"date":"2023-05-14T20:53:53","date_gmt":"2023-05-14T20:53:53","guid":{"rendered":"https:\/\/www.tornum.com\/product\/idc-intelligent-dryer-control\/"},"modified":"2025-07-30T11:53:04","modified_gmt":"2025-07-30T11:53:04","slug":"idc-inteligenta-kaltes-vadibas-sistema","status":"publish","type":"product","link":"https:\/\/www.tornum.com\/lv\/product\/idc-inteligenta-kaltes-vadibas-sistema\/","title":{"rendered":"IDC \u2013 INTELI\u0122ENT\u0100 KALTES VAD\u012aBAS SIST\u0112MA"},"content":{"rendered":"<div class=\"wpb-content-wrapper\"><p>[vc_row][vc_column width=&#8221;2\/3&#8243;][vc_column_text]Piln\u012bga kontrole neatkar\u012bgi no t\u0101, kur j\u016bs atrodaties.<\/p>\n<p><em>Tornum IDC<\/em> ir uz programmat\u016bru balst\u012bta vad\u012bbas sist\u0113ma, kas uzrauga un kontrol\u0113 izejas mitruma saturu caurpl\u016bdes tipa graudu kalt\u0113s un sast\u0101v no mitruma sensoriem un vad\u012bbas bloka. Izmantojot lietot\u0101jam draudz\u012bgu saskarni, varat piln\u012bb\u0101 kontrol\u0113t visu kalt\u0113\u0161anas procesu sav\u0101 dator\u0101 vai plan\u0161etdator\u0101.<\/p>\n<p><strong>Kalt\u0113\u0161ana, iev\u0113rojot prec\u012bzu mitruma saturu<br \/>\n<\/strong>Viens sensors atrodas vien\u0101 no aug\u0161\u0113j\u0101m kalt\u0113\u0161anas sekcij\u0101m, un tas m\u0113ra ien\u0101ko\u0161o graudu mitrumu. Otrs sensors atrodas atdzes\u0113\u0161anas sekcij\u0101, tuvu pie kaltes izvada. Izmantojot inform\u0101ciju par ien\u0101ko\u0161\u0101 un izejo\u0161\u0101 mitruma saturu, vad\u012bbas sist\u0113ma nosaka kaltes izkrau\u0161anas \u0101trumu, lai sasniegtu v\u0113lamo izejo\u0161o graudu mitruma saturu neatkar\u012bgi no apk\u0101rt\u0113j\u0101s vides apst\u0101k\u013ciem.<\/p>\n<p><strong>Kalt\u0113\u0161anas izmaksu optimiz\u0101cija<br \/>\n<\/strong>V\u0113l b\u016btisk\u0101k \u2013 ar <em>Tornum IDC<\/em> pal\u012bdz\u012bbu j\u016bs piln\u012bb\u0101 kontrol\u0113siet kalt\u0113\u0161anas procesu un samazin\u0101siet p\u0101rm\u0113r\u012bgas kalt\u0113\u0161anas risku tikai dro\u0161\u012bbas labad, t\u0101d\u0113j\u0101di izvairoties no d\u0101rgu proced\u016bru veik\u0161anas. Kalt\u0113\u0161anas uzraudz\u012bbai nepiecie\u0161ams maz\u0101k cilv\u0113kstundu, t\u0101d\u0113j\u0101di izmaksas tiek samazin\u0101tas v\u0113l vair\u0101k.<\/p>\n<p><strong>Optimiz\u0113ta graudu kvalit\u0101te<br \/>\n<\/strong>Graudu kalt\u0113\u0161ana ar <em>Tornum IDC<\/em> noz\u012bm\u0113 ar\u012b to, ka j\u016bs ieg\u016bsiet v\u0113lamos mitruma l\u012bme\u0146us vienm\u0113r, sasniedzot maksim\u0101lo produktu kvalit\u0101ti, svaru un cenu.[\/vc_column_text][\/vc_column][vc_column width=&#8221;1\/3&#8243;][vc_column_text]<strong>PRIEK\u0160ROC\u012aBAS<\/strong><br \/>\n\u2022 Samazin\u0101tas kalt\u0113\u0161anas izmaksas<br \/>\n\u2022 Paaugstin\u0101ta kaltes jauda<br \/>\n\u2022 Piln\u012bga kontrole p\u0101r kalt\u0113\u0161anas procesu<br \/>\n\u2022 Iesp\u0113ja main\u012bt graudu un kalt\u0113\u0161anas veidu ar vienu piesk\u0101rienu<br \/>\n\u2022 Optimiz\u0113ts kalt\u0113\u0161anas process<br \/>\n\u2022 inteli\u0123enta programmat\u016bra, kas piel\u0101gojas apst\u0101k\u013ciem<br \/>\n\u2022 Viegli uzst\u0101d\u0101ma un \u0113rta lieto\u0161an\u0101<br \/>\n\u2022 Lielisks ieguld\u012bjums, kas uzreiz dod rezult\u0101tus[\/vc_column_text][\/vc_column][\/vc_row]<\/p>\n<\/div>","protected":false},"excerpt":{"rendered":"<p><em>Tornum IDC<\/em> ir uz programmat\u016bru balst\u012bta vad\u012bbas sist\u0113ma, kas uzrauga un kontrol\u0113 izejas mitruma saturu caurpl\u016bdes tipa graudu kalt\u0113s un sast\u0101v no mitruma sensoriem un vad\u012bbas bloka. Izmantojot lietot\u0101jam draudz\u012bgu saskarni, varat piln\u012bb\u0101 kontrol\u0113t visu kalt\u0113\u0161anas procesu sav\u0101 dator\u0101 vai plan\u0161etdator\u0101.<\/p>\n","protected":false},"featured_media":53224,"comment_status":"open","ping_status":"closed","template":"","meta":{"_acf_changed":false},"product_brand":[],"product_cat":[845,874,929],"product_tag":[867,877,878,879],"class_list":{"0":"post-31634","1":"product","2":"type-product","3":"status-publish","4":"has-post-thumbnail","6":"product_cat-all-products-lv","7":"product_cat-grain-management-lv","8":"product_cat-idc-lv","9":"product_tag-dryer-lv","10":"product_tag-monitoring-lv","11":"product_tag-pc-lv","12":"product_tag-plc-lv","13":"description-off","15":"first","16":"instock","17":"shipping-taxable","18":"product-type-simple"},"acf":[],"_links":{"self":[{"href":"https:\/\/www.tornum.com\/lv\/wp-json\/wp\/v2\/product\/31634","targetHints":{"allow":["GET"]}}],"collection":[{"href":"https:\/\/www.tornum.com\/lv\/wp-json\/wp\/v2\/product"}],"about":[{"href":"https:\/\/www.tornum.com\/lv\/wp-json\/wp\/v2\/types\/product"}],"replies":[{"embeddable":true,"href":"https:\/\/www.tornum.com\/lv\/wp-json\/wp\/v2\/comments?post=31634"}],"version-history":[{"count":2,"href":"https:\/\/www.tornum.com\/lv\/wp-json\/wp\/v2\/product\/31634\/revisions"}],"predecessor-version":[{"id":31809,"href":"https:\/\/www.tornum.com\/lv\/wp-json\/wp\/v2\/product\/31634\/revisions\/31809"}],"wp:featuredmedia":[{"embeddable":true,"href":"https:\/\/www.tornum.com\/lv\/wp-json\/wp\/v2\/media\/53224"}],"wp:attachment":[{"href":"https:\/\/www.tornum.com\/lv\/wp-json\/wp\/v2\/media?parent=31634"}],"wp:term":[{"taxonomy":"product_brand","embeddable":true,"href":"https:\/\/www.tornum.com\/lv\/wp-json\/wp\/v2\/product_brand?post=31634"},{"taxonomy":"product_cat","embeddable":true,"href":"https:\/\/www.tornum.com\/lv\/wp-json\/wp\/v2\/product_cat?post=31634"},{"taxonomy":"product_tag","embeddable":true,"href":"https:\/\/www.tornum.com\/lv\/wp-json\/wp\/v2\/product_tag?post=31634"}],"curies":[{"name":"wp","href":"https:\/\/api.w.org\/{rel}","templated":true}]}}