{"id":31638,"date":"2023-04-03T12:15:20","date_gmt":"2023-04-03T12:15:20","guid":{"rendered":"https:\/\/www.tornum.com\/product\/intake-pit-tgs\/"},"modified":"2025-07-30T12:11:22","modified_gmt":"2025-07-30T12:11:22","slug":"uzpildes-sahta-tgs","status":"publish","type":"product","link":"https:\/\/www.tornum.com\/lv\/product\/uzpildes-sahta-tgs\/","title":{"rendered":"UZPILDES \u0160AHTA TGS"},"content":{"rendered":"<div class=\"wpb-content-wrapper\"><p>[vc_row gap=&#8221;35&#8243; css=&#8221;.vc_custom_1683181467819{padding-left: 10px !important;}&#8221;][vc_column width=&#8221;2\/3&#8243;][vc_column_text]<em>Tornum<\/em> uzpildes \u0161ahta <em>TGS<\/em> nodro\u0161ina lielu tilpumu, neskatoties uz t\u0101s nelielo dzi\u013cumu. \u0160ahtai ir gluda iek\u0161puse, kas nodro\u0161ina labus higi\u0113niskos apst\u0101k\u013cus, un tai nepiecie\u0161ama minim\u0101la t\u012br\u012b\u0161ana. <em>TGS<\/em> uzpildes \u0161ahta ir piem\u0113rota \u0137\u0113\u017eu transportieriem ar jaudu l\u012bdz pat 400 t\/h un paredz\u0113ta uzst\u0101d\u012b\u0161anai caurpl\u016bdes caurul\u0113.[\/vc_column_text][\/vc_column][vc_column width=&#8221;1\/3&#8243;][vc_column_text]<strong>FUNKCIJAS<\/strong><br \/>\n\u2022 Ra\u017eota no karsti cinkot\u0101m t\u0113rauda loksn\u0113m ar \u0101r\u0113jiem stiegrojumiem<br \/>\n\u2022 Apr\u012bkota ar stipr\u0101m balstsij\u0101m, lai atvieglotu piek\u0101r\u0161anu un atbalst\u012btu neso\u0161\u0101s re\u017e\u0123u konstrukcijas.<br \/>\n\u2022 Gluda iek\u0161puse, kas nodro\u0161ina labus higi\u0113niskos apst\u0101k\u013cus un minim\u0101lu t\u012br\u012b\u0161anas nepiecie\u0161am\u012bbu<br \/>\n\u2022 Skr\u016bv\u0113ta konstrukcija<\/p>\n<p><strong>PAPILDAPR\u012aKOJUMS<\/strong><br \/>\n\u2022 L\u012bme\u0146a indikators<br \/>\n\u2022 Neso\u0161ie re\u017e\u0123i<br \/>\n\u2022 Sa\u0146em\u0161anas \u0161ahtas s\u0101nu aizsardz\u012bba[\/vc_column_text][\/vc_column][\/vc_row]<\/p>\n<\/div>","protected":false},"excerpt":{"rendered":"<p><em>Tornum<\/em> uzpildes \u0161ahta <em>TGS<\/em> nodro\u0161ina lielu tilpumu, neskatoties uz t\u0101s nelielo dzi\u013cumu. \u0160ahtai ir gluda iek\u0161puse, kas nodro\u0161ina labus higi\u0113niskos apst\u0101k\u013cus, un tai nepiecie\u0161ama minim\u0101la t\u012br\u012b\u0161ana. <em>TGS<\/em> uzpildes \u0161ahta ir piem\u0113rota \u0137\u0113\u017eu transportieriem ar jaudu l\u012bdz pat 400 t\/h un paredz\u0113ta uzst\u0101d\u012b\u0161anai caurpl\u016bdes caurul\u0113.<\/p>\n","protected":false},"featured_media":31641,"comment_status":"open","ping_status":"closed","template":"","meta":{"_acf_changed":false},"product_brand":[],"product_cat":[845,880,863,864,870,891,892],"product_tag":[867,928,930,890],"class_list":{"0":"post-31638","1":"product","2":"type-product","3":"status-publish","4":"has-post-thumbnail","6":"product_cat-all-products-lv","7":"product_cat-feed-lv","8":"product_cat-food-2-lv","9":"product_cat-grain-lv","10":"product_cat-material-handling-lv","11":"product_cat-intake-pit-lv","12":"product_cat-intake-pit-storage-lv","13":"product_tag-dryer-lv","14":"product_tag-intake-lv","15":"product_tag-pits-lv","16":"product_tag-transport-lv","17":"pa_products-type-grain-lv","18":"description-off","20":"first","21":"instock","22":"shipping-taxable","23":"product-type-simple"},"acf":[],"_links":{"self":[{"href":"https:\/\/www.tornum.com\/lv\/wp-json\/wp\/v2\/product\/31638","targetHints":{"allow":["GET"]}}],"collection":[{"href":"https:\/\/www.tornum.com\/lv\/wp-json\/wp\/v2\/product"}],"about":[{"href":"https:\/\/www.tornum.com\/lv\/wp-json\/wp\/v2\/types\/product"}],"replies":[{"embeddable":true,"href":"https:\/\/www.tornum.com\/lv\/wp-json\/wp\/v2\/comments?post=31638"}],"version-history":[{"count":3,"href":"https:\/\/www.tornum.com\/lv\/wp-json\/wp\/v2\/product\/31638\/revisions"}],"predecessor-version":[{"id":46990,"href":"https:\/\/www.tornum.com\/lv\/wp-json\/wp\/v2\/product\/31638\/revisions\/46990"}],"wp:featuredmedia":[{"embeddable":true,"href":"https:\/\/www.tornum.com\/lv\/wp-json\/wp\/v2\/media\/31641"}],"wp:attachment":[{"href":"https:\/\/www.tornum.com\/lv\/wp-json\/wp\/v2\/media?parent=31638"}],"wp:term":[{"taxonomy":"product_brand","embeddable":true,"href":"https:\/\/www.tornum.com\/lv\/wp-json\/wp\/v2\/product_brand?post=31638"},{"taxonomy":"product_cat","embeddable":true,"href":"https:\/\/www.tornum.com\/lv\/wp-json\/wp\/v2\/product_cat?post=31638"},{"taxonomy":"product_tag","embeddable":true,"href":"https:\/\/www.tornum.com\/lv\/wp-json\/wp\/v2\/product_tag?post=31638"}],"curies":[{"name":"wp","href":"https:\/\/api.w.org\/{rel}","templated":true}]}}