{"id":31645,"date":"2023-03-23T22:10:29","date_gmt":"2023-03-23T22:10:29","guid":{"rendered":"https:\/\/www.tornum.com\/product\/kanalsystem\/"},"modified":"2025-07-30T12:20:35","modified_gmt":"2025-07-30T12:20:35","slug":"kanalsystem","status":"publish","type":"product","link":"https:\/\/www.tornum.com\/lv\/product\/kanalsystem\/","title":{"rendered":"KANALSYSTEM"},"content":{"rendered":"<div class=\"wpb-content-wrapper\"><p>[vc_row][vc_column width=&#8221;2\/3&#8243;][vc_column_text]<em>Tornum KANALSYSTEM\u2122<\/em> ir unik\u0101la dubulta funkcija \u2013 augsta izkrau\u0161anas jauda apvienojum\u0101 ar lielisk\u0101m kondicion\u0113\u0161anas \u012bpa\u0161\u012bb\u0101m. T\u0101 sast\u0101v no \u012bpa\u0161i konstru\u0113tiem perfor\u0113tiem cauru\u013cvadiem, kas ir iestr\u0101d\u0101ti betona virsm\u0101. Starp cauru\u013cvadiem tiek veidotas betona gr\u0113das, un sist\u0113m\u0101 iepl\u016bsto\u0161ais gaiss virz\u0101s pa t\u0101m, nodro\u0161inot, ka 100% graudu ir pak\u013cauti gaisa pl\u016bsmai.<\/p>\n<p>Dro\u0161\u012bba ir viena no liel\u0101kaj\u0101m<em> KANALSYSTEM<\/em>\u2122 priek\u0161roc\u012bb\u0101m. Sist\u0113ma ir pa\u0161att\u012bro\u0161a, un taj\u0101 nav kust\u012bgu meh\u0101nisku deta\u013cu silosa iek\u0161pus\u0113. T\u012bro\u0161ais glieme\u017etransportieris nav nepiecie\u0161ams, un darbiniekiem izkrau\u0161anas laik\u0101 nav j\u0101iek\u013c\u016bst silos\u0101. <em>KANALSYSTEM<\/em>\u2122 izkrau\u0161anas jauda ir l\u012bdz 1000 tonn\u0101m stund\u0101.[\/vc_column_text][\/vc_column][vc_column width=&#8221;1\/3&#8243;][vc_column_text]<strong>FUNKCIJAS<\/strong><br \/>\n\u2022 Augsta izkrau\u0161anas jauda<br \/>\n\u2022 Lieliskas kondicion\u0113\u0161anas \u012bpa\u0161\u012bbas<br \/>\n\u2022 Bez iek\u0161\u0113j\u0101 meh\u0101nisma<br \/>\n\u2022 Piem\u0113rota visu veidu tvertn\u0113m neatkar\u012bgi no diametra<\/p>\n<p><strong>PAPILDAPR\u012aKOJUMS<\/strong><br \/>\n\u2022 Manu\u0101li vai motoriz\u0113ti aizvari<br \/>\n\u2022 \u0100r\u0113ja cauru\u013cvadu sist\u0113ma[\/vc_column_text][\/vc_column][\/vc_row]<\/p>\n<\/div>","protected":false},"excerpt":{"rendered":"<p>Dro\u0161\u012bba ir viena no liel\u0101kaj\u0101m<em> KANALSYSTEM<\/em>\u2122 priek\u0161roc\u012bb\u0101m. Sist\u0113ma ir pa\u0161att\u012bro\u0161a, un taj\u0101 nav kust\u012bgu meh\u0101nisku deta\u013cu silosa iek\u0161pus\u0113. T\u012bro\u0161ais glieme\u017etransportieris nav nepiecie\u0161ams, un darbiniekiem izkrau\u0161anas laik\u0101 nav j\u0101iek\u013c\u016bst silos\u0101. <em>KANALSYSTEM<\/em>\u2122 izkrau\u0161anas jauda ir l\u012bdz 1000 tonn\u0101m stund\u0101.<\/p>\n","protected":false},"featured_media":31651,"comment_status":"open","ping_status":"closed","template":"","meta":{"_acf_changed":false},"product_brand":[],"product_cat":[845,864,870,909,931,846,932],"product_tag":[872,849,908,904],"class_list":{"0":"post-31645","1":"product","2":"type-product","3":"status-publish","4":"has-post-thumbnail","6":"product_cat-all-products-lv","7":"product_cat-grain-lv","8":"product_cat-material-handling-lv","9":"product_cat-silo-discharge-lv","10":"product_cat-kanalsystem-lv","11":"product_cat-conditioning-lv","12":"product_cat-kanalsystem-conditioning-lv","13":"product_tag-conditioning-lv","14":"product_tag-conditioning-laterals-lv","15":"product_tag-radial-fan-lv","16":"product_tag-storage-lv","17":"pa_products-type-all-products-lv","18":"pa_products-type-grain-lv","19":"description-off","21":"first","22":"instock","23":"shipping-taxable","24":"product-type-simple"},"acf":[],"_links":{"self":[{"href":"https:\/\/www.tornum.com\/lv\/wp-json\/wp\/v2\/product\/31645","targetHints":{"allow":["GET"]}}],"collection":[{"href":"https:\/\/www.tornum.com\/lv\/wp-json\/wp\/v2\/product"}],"about":[{"href":"https:\/\/www.tornum.com\/lv\/wp-json\/wp\/v2\/types\/product"}],"replies":[{"embeddable":true,"href":"https:\/\/www.tornum.com\/lv\/wp-json\/wp\/v2\/comments?post=31645"}],"version-history":[{"count":2,"href":"https:\/\/www.tornum.com\/lv\/wp-json\/wp\/v2\/product\/31645\/revisions"}],"predecessor-version":[{"id":31833,"href":"https:\/\/www.tornum.com\/lv\/wp-json\/wp\/v2\/product\/31645\/revisions\/31833"}],"wp:featuredmedia":[{"embeddable":true,"href":"https:\/\/www.tornum.com\/lv\/wp-json\/wp\/v2\/media\/31651"}],"wp:attachment":[{"href":"https:\/\/www.tornum.com\/lv\/wp-json\/wp\/v2\/media?parent=31645"}],"wp:term":[{"taxonomy":"product_brand","embeddable":true,"href":"https:\/\/www.tornum.com\/lv\/wp-json\/wp\/v2\/product_brand?post=31645"},{"taxonomy":"product_cat","embeddable":true,"href":"https:\/\/www.tornum.com\/lv\/wp-json\/wp\/v2\/product_cat?post=31645"},{"taxonomy":"product_tag","embeddable":true,"href":"https:\/\/www.tornum.com\/lv\/wp-json\/wp\/v2\/product_tag?post=31645"}],"curies":[{"name":"wp","href":"https:\/\/api.w.org\/{rel}","templated":true}]}}