{"id":31652,"date":"2023-05-14T19:45:08","date_gmt":"2023-05-14T19:45:08","guid":{"rendered":"https:\/\/www.tornum.com\/product\/l-line-conveyors\/"},"modified":"2025-08-01T10:04:13","modified_gmt":"2025-08-01T10:04:13","slug":"l-linijas-transportieri","status":"publish","type":"product","link":"https:\/\/www.tornum.com\/lv\/product\/l-linijas-transportieri\/","title":{"rendered":"L-L\u012aNIJAS TRANSPORTIERI"},"content":{"rendered":"<p>\u0160is apr\u012bkojuma kl\u0101sts, kas paredz\u0113ts neliel\u0101m lauku saimniec\u012bb\u0101m, kur to nepiecie\u0161ams regul\u0101ri izmantot tikai ra\u017eas nov\u0101k\u0161anas laik\u0101, ir pieejams kvie\u0161u transport\u0113\u0161anas jaudai no 30 l\u012bdz 60 t\/h. Pilns apr\u012bkojuma kl\u0101sts ietver vertik\u0101lu, horizont\u0101lu, izliektu un sl\u012bpu apr\u012bkojumu, kas paredz\u0113ts piem\u0113rotai poz\u012bcijai graudu pl\u016bsm\u0101. Ir pieejams pilns piederumu kl\u0101sts, kas ietver manu\u0101los, elektriskos un pneimatiskos slaidus, dro\u0161\u012bbas sensorus, \u0101truma monitora sensorus un daudzus citus. Transport\u0113\u0161anas apr\u012bkojumu var piel\u0101got da\u017e\u0101d\u0101m klientu pras\u012bb\u0101m attiec\u012bb\u0101 uz siksnas vai zobrata p\u0101rvada izv\u0113li.<\/p>\n","protected":false},"excerpt":{"rendered":"<p>M\u016bsu L-l\u012bnija ir \u012bpa\u0161i piel\u0101gota neliel\u0101m lauku saimniec\u012bb\u0101m. \u0160\u012b l\u012bnija ir \u012bpa\u0161i piem\u0113rota neliel\u0101m un vid\u0113j\u0101m lauku saimniec\u012bb\u0101m, kas visintens\u012bv\u0101k str\u0101d\u0101 ra\u017eas nov\u0101k\u0161anas period\u0101.<\/p>\n","protected":false},"featured_media":29584,"comment_status":"open","ping_status":"closed","template":"","meta":{"_acf_changed":false},"product_brand":[],"product_cat":[845,864,870,927],"product_tag":[889,899,895,890],"class_list":{"0":"post-31652","1":"product","2":"type-product","3":"status-publish","4":"has-post-thumbnail","6":"product_cat-all-products-lv","7":"product_cat-grain-lv","8":"product_cat-material-handling-lv","9":"product_cat-conveyors-lv","10":"product_tag-conveyor-lv","11":"product_tag-dc-remover-lv","12":"product_tag-elevator-lv","13":"product_tag-transport-lv","14":"description-off","16":"first","17":"instock","18":"shipping-taxable","19":"product-type-simple"},"acf":[],"_links":{"self":[{"href":"https:\/\/www.tornum.com\/lv\/wp-json\/wp\/v2\/product\/31652","targetHints":{"allow":["GET"]}}],"collection":[{"href":"https:\/\/www.tornum.com\/lv\/wp-json\/wp\/v2\/product"}],"about":[{"href":"https:\/\/www.tornum.com\/lv\/wp-json\/wp\/v2\/types\/product"}],"replies":[{"embeddable":true,"href":"https:\/\/www.tornum.com\/lv\/wp-json\/wp\/v2\/comments?post=31652"}],"version-history":[{"count":2,"href":"https:\/\/www.tornum.com\/lv\/wp-json\/wp\/v2\/product\/31652\/revisions"}],"predecessor-version":[{"id":31854,"href":"https:\/\/www.tornum.com\/lv\/wp-json\/wp\/v2\/product\/31652\/revisions\/31854"}],"wp:featuredmedia":[{"embeddable":true,"href":"https:\/\/www.tornum.com\/lv\/wp-json\/wp\/v2\/media\/29584"}],"wp:attachment":[{"href":"https:\/\/www.tornum.com\/lv\/wp-json\/wp\/v2\/media?parent=31652"}],"wp:term":[{"taxonomy":"product_brand","embeddable":true,"href":"https:\/\/www.tornum.com\/lv\/wp-json\/wp\/v2\/product_brand?post=31652"},{"taxonomy":"product_cat","embeddable":true,"href":"https:\/\/www.tornum.com\/lv\/wp-json\/wp\/v2\/product_cat?post=31652"},{"taxonomy":"product_tag","embeddable":true,"href":"https:\/\/www.tornum.com\/lv\/wp-json\/wp\/v2\/product_tag?post=31652"}],"curies":[{"name":"wp","href":"https:\/\/api.w.org\/{rel}","templated":true}]}}