{"id":31665,"date":"2023-05-14T21:06:24","date_gmt":"2023-05-14T21:06:24","guid":{"rendered":"https:\/\/www.tornum.com\/product\/level-indicator\/"},"modified":"2025-07-30T12:29:04","modified_gmt":"2025-07-30T12:29:04","slug":"limena-indikators","status":"publish","type":"product","link":"https:\/\/www.tornum.com\/lv\/product\/limena-indikators\/","title":{"rendered":"L\u012aME\u0145A INDIKATORS"},"content":{"rendered":"<div class=\"wpb-content-wrapper\"><p>[vc_row][vc_column width=&#8221;2\/3&#8243;][vc_column_text]<em>Tornum<\/em> kapacitat\u012bvie l\u012bme\u0146a indikatori ir paredz\u0113ti autom\u0101tisko graudu apstr\u0101des sist\u0113mu uzraudz\u012bbai un kontrolei. Tiem ir \u012bpa\u0161s regul\u0113jams augstuma stiprin\u0101jums, kas paredz\u0113ts uzst\u0101d\u012b\u0161anai silosa jumt\u0101.[\/vc_column_text][\/vc_column][vc_column width=&#8221;1\/3&#8243;][vc_column_text]<strong>FUNKCIJAS<\/strong><br \/>\n\u2022 P\u0101rvietojamais l\u012bme\u0146a indikators ir savienots ar vienu metru garu cauruli, izmantojot spai\u013cu k\u0101rbu. To iesp\u0113jams uzst\u0101d\u012bt piekarot vai cauri gr\u012bdai atkar\u012bb\u0101 no da\u017e\u0101dajiem novieto\u0161anas le\u0146\u0137iem.<br \/>\n\u2022 L\u012bme\u0146a indikatoru iesp\u0113jams izmantot elevatora \u0161aht\u0101, lai aptur\u0113tu elevatora darb\u012bbu, kad \u0161ahta ir tuk\u0161a.<br \/>\n\u2022 L\u012bme\u0146a indikatoru iesp\u0113jams izmantot kalt\u0113 vai tvertn\u0113 uzpildes laik\u0101 starp transportieri un elevatoru, lai izvair\u012btos no p\u0101rpild\u012b\u0161anas.<br \/>\n\u2022 L\u012bme\u0146a indikatoru iesp\u0113jams izmantot koncentr\u0101ta\/graudu tvertn\u0113, lai aptur\u0113tu drupin\u0101t\u0101ja\/smalcin\u0101t\u0101ja darb\u012bbu, kad materi\u0101ls ir beidzies.<br \/>\n\u2022 L\u012bme\u0146a indikatoru iesp\u0113jams izmantot lopbar\u012bbas tvertn\u0113, lai aptur\u0113tu drupin\u0101t\u0101ja \/ smalcin\u0101t\u0101ja darb\u012bbu, kad tvertne ir pilna.<br \/>\n\u2022 Graudu kalt\u0113 vai uz glab\u0101\u0161anas tvertnes sienas iesp\u0113jams uzst\u0101d\u012bt fiks\u0113tu l\u012bme\u0146a indikatoru.[\/vc_column_text][\/vc_column][\/vc_row]<\/p>\n<\/div>","protected":false},"excerpt":{"rendered":"<p><em>Tornum<\/em> kapacitat\u012bvie l\u012bme\u0146a indikatori ir paredz\u0113ti autom\u0101tisko graudu apstr\u0101des sist\u0113mu uzraudz\u012bbai un kontrolei. Tiem ir \u012bpa\u0161s regul\u0113jams augstuma stiprin\u0101jums, kas paredz\u0113ts uzst\u0101d\u012b\u0161anai silosa jumt\u0101.<\/p>\n","protected":false},"featured_media":50387,"comment_status":"open","ping_status":"closed","template":"","meta":{"_acf_changed":false},"product_brand":[],"product_cat":[845,874,933],"product_tag":[867,877,879,904],"class_list":{"0":"post-31665","1":"product","2":"type-product","3":"status-publish","4":"has-post-thumbnail","6":"product_cat-all-products-lv","7":"product_cat-grain-management-lv","8":"product_cat-accessories-grain-management-lv","9":"product_tag-dryer-lv","10":"product_tag-monitoring-lv","11":"product_tag-plc-lv","12":"product_tag-storage-lv","13":"description-off","15":"first","16":"instock","17":"shipping-taxable","18":"product-type-simple"},"acf":[],"_links":{"self":[{"href":"https:\/\/www.tornum.com\/lv\/wp-json\/wp\/v2\/product\/31665","targetHints":{"allow":["GET"]}}],"collection":[{"href":"https:\/\/www.tornum.com\/lv\/wp-json\/wp\/v2\/product"}],"about":[{"href":"https:\/\/www.tornum.com\/lv\/wp-json\/wp\/v2\/types\/product"}],"replies":[{"embeddable":true,"href":"https:\/\/www.tornum.com\/lv\/wp-json\/wp\/v2\/comments?post=31665"}],"version-history":[{"count":3,"href":"https:\/\/www.tornum.com\/lv\/wp-json\/wp\/v2\/product\/31665\/revisions"}],"predecessor-version":[{"id":50412,"href":"https:\/\/www.tornum.com\/lv\/wp-json\/wp\/v2\/product\/31665\/revisions\/50412"}],"wp:featuredmedia":[{"embeddable":true,"href":"https:\/\/www.tornum.com\/lv\/wp-json\/wp\/v2\/media\/50387"}],"wp:attachment":[{"href":"https:\/\/www.tornum.com\/lv\/wp-json\/wp\/v2\/media?parent=31665"}],"wp:term":[{"taxonomy":"product_brand","embeddable":true,"href":"https:\/\/www.tornum.com\/lv\/wp-json\/wp\/v2\/product_brand?post=31665"},{"taxonomy":"product_cat","embeddable":true,"href":"https:\/\/www.tornum.com\/lv\/wp-json\/wp\/v2\/product_cat?post=31665"},{"taxonomy":"product_tag","embeddable":true,"href":"https:\/\/www.tornum.com\/lv\/wp-json\/wp\/v2\/product_tag?post=31665"}],"curies":[{"name":"wp","href":"https:\/\/api.w.org\/{rel}","templated":true}]}}