{"id":31667,"date":"2023-05-14T22:02:05","date_gmt":"2023-05-14T22:02:05","guid":{"rendered":"https:\/\/www.tornum.com\/product\/magnets\/"},"modified":"2025-07-30T12:37:22","modified_gmt":"2025-07-30T12:37:22","slug":"magneti","status":"publish","type":"product","link":"https:\/\/www.tornum.com\/lv\/product\/magneti\/","title":{"rendered":"MAGN\u0112TI"},"content":{"rendered":"<p><em>Tornum<\/em> cauru\u013cu magn\u0113ti filtr\u0113 nev\u0113lam\u0101s feromagn\u0113tisk\u0101s met\u0101la da\u013ci\u0146as no granul\u0113tajiem materi\u0101liem, \u0161\u0137iedr\u0101m un rupjiem materi\u0101liem augstas jaudas br\u012bvi kr\u012bto\u0161\u0101s l\u012bnij\u0101s. Magn\u0113tiem ir iztur\u012bgs dizains, kas piem\u0113rots past\u0101v\u012bgai darb\u012bbai. Tie nodro\u0161ina \u013coti augstu atdal\u012b\u0161anas pak\u0101pi, ja tiek regul\u0101ri t\u012br\u012bti.<\/p>\n<p>60\u00b0 konuss nodro\u0161ina vienm\u0113r\u012bgu produkta pl\u016bsmu ar labu izkliedi. Produkts izpl\u016bst cauri diviem sp\u0113c\u012bgiem magn\u0113tiskiem laukiem, kuros v\u012btnes novada produktu l\u012bdz magn\u0113tiskajam centram.<\/p>\n<p>Past\u0101v\u012bgajam caurules magn\u0113tam ir pla\u0161s, cilindrisks past\u0101v\u012bgs magn\u0113tiskais centrs ar sp\u0113c\u012bgu un dzi\u013cu magn\u0113tisko lauku. Magn\u0113tiskais centrs filtr\u0113 feromagn\u0113tisk\u0101s da\u013ci\u0146as \u0101r\u0101 no produkta pl\u016bsmas un saglab\u0101 t\u0101s, kam\u0113r tiek izt\u012br\u012bts centrs.<\/p>\n<p><strong>\u012aPA\u0160\u012aBAS:<\/strong><br \/>\n\u2022 Lai t\u012br\u012btu magn\u0113tu, produkta pl\u016bsma ir j\u0101aptur<br \/>\n\u2022 Ner\u016bs\u0113jo\u0161\u0101 t\u0113rauda korpuss<br \/>\n\u2022 Magn\u0113ta centrs ar aug\u0161\u0113jo piltuvi nodro\u0161ina labu materi\u0101la izkliedi<br \/>\n\u2022 Produkts izpl\u016bst cauri diviem sp\u0113c\u012bgiem magn\u0113tiskajiem laukiem, lai ieg\u016btu optim\u0101lu rezult\u0101tu<br \/>\n\u2022 V\u012btnes produkta tekn\u0113 liek materi\u0101lam virz\u012bties uz magn\u0113tisko centru<br \/>\n\u2022 Putek\u013cu spr\u0101dziendro\u0161a versija Ex II 1\/2D atbilsto\u0161i <em>ATEX<\/em> direkt\u012bvai Nr.\u00a094\/9\/EC<\/p>\n<h3><strong>MAGN\u0112TU PL\u0100KSNES<\/strong><\/h3>\n<p>Magn\u0113tu pl\u0101ksnes ir izmaksu zi\u0146\u0101 efekt\u012bvs un iztur\u012bgs risin\u0101jums, kas lieliski piem\u0113rots nev\u0113lamu feromagn\u0113tisku met\u0101la da\u013ci\u0146u filtr\u0113\u0161anai no br\u012bvi kr\u012bto\u0161\u0101m produktu pl\u016bsm\u0101m vai produktiem uz transportieru lent\u0113m ar relat\u012bvi nelielu dzelzs pies\u0101r\u0146ojumu. Magn\u0113tu pl\u0101ksnes nodro\u0161ina dzi\u013cu un sp\u0113c\u012bgu magn\u0113tisko lauku, kas satver dzelzs da\u013ci\u0146as no produktu pl\u016bsmas un dro\u0161i aiztur t\u0101s.<\/p>\n<p>Pl\u0101k\u0161\u0146u magn\u0113ti ir pieejami da\u017e\u0101dos standarta izm\u0113ros ar fer\u012bta vai neod\u012bma (<em>Neoflux<\/em>\u00ae) magn\u0113tiem. Magn\u0113ta t\u012br\u012b\u0161ana tiek veikta manu\u0101li, izslaukot, vai pusautom\u0101tiski, pav\u0113r\u0161ot ekstraktora pl\u0101ksni prom no magn\u0113ta.<\/p>\n<p>Magn\u0113tu pl\u0101ksne var tikt izmantota transportiera teknes sist\u0113m\u0101. Produkts, kas pl\u016bst caur transportiera tekni, var sasniegt lielu \u0101trumu. T\u0101d\u0113\u013c ir b\u016btiski izmantot sp\u0113c\u012bgos <em>Neoflux<\/em>\u00ae magn\u0113tus. Produkts saskaras vai pl\u016bst tuvu gar magn\u0113tu, un sp\u0113c\u012bgais magn\u0113ts pievelk un aiztur dzelzs da\u013ci\u0146as.<br \/>\nMagn\u0113tu pl\u0101ksnes var tikt izmantotas k\u0101 piekaramie magn\u0113ti, kas kar\u0101jas virs produktu pl\u016bsmas vai uzst\u0101d\u012bti zem produktu pl\u016bsmas.<\/p>\n<h3><strong>VELT\u0145U TIPA MAGN\u0112TI<\/strong><\/h3>\n<p>Velt\u0146u tipa magn\u0113ti parasti tiek izmantoti pulverveida, granul\u0113tu, \u0161\u0137iedru un rupjiem materi\u0101liem ar augstu met\u0101la pies\u0101r\u0146ojumu. Magn\u0113tiskie separatori nov\u0113r\u0161 galaprodukta pies\u0101r\u0146ojumu un nevajadz\u012bgus citu iek\u0101rtu boj\u0101jumus.<\/p>\n<p>Velt\u0146u tipa magn\u0113ti sav\u0101c nev\u0113lam\u0101s feromagn\u0113tisk\u0101s da\u013ci\u0146as, piem\u0113ram, dzelzs vai t\u0113rauda da\u013ci\u0146as, vai da\u013ci\u0146as ar zem\u0101ku magn\u0113tisko sp\u0113ku, piem\u0113ram, apstr\u0101d\u0101ta ner\u016bs\u0113jo\u0161\u0101 t\u0113rauda da\u013ci\u0146as no materi\u0101liem liela tilpuma br\u012bv\u0101 kritiena l\u012bnij\u0101s.<\/p>\n<p>Velt\u0146u tipa magn\u0113ts ir nekust\u012bgs 180\u00b0 magn\u0113ta segments, ap kuru rot\u0113 ner\u016bs\u0113jo\u0161\u0101 t\u0113rauda veltnis. Velt\u0146u tipa magn\u0113ts ir past\u0101v\u012bga sist\u0113ma, kuru izmantojot nav nepiecie\u0161ams aptur\u0113t produktu pl\u016bsmu, lai iz\u0146emtu izfiltr\u0113t\u0101s met\u0101lu da\u013ci\u0146as. T\u0101p\u0113c velt\u0146u tipa magn\u0113ts ir \u013coti piem\u0113rots produktu pl\u016bsm\u0101m ar augstu met\u0101lu pies\u0101r\u0146ojumu.<\/p>\n","protected":false},"excerpt":{"rendered":"<p><em>Tornum<\/em> cauru\u013cu magn\u0113ti filtr\u0113 nev\u0113lam\u0101s feromagn\u0113tisk\u0101s met\u0101la da\u013ci\u0146as no granul\u0113tajiem materi\u0101liem, \u0161\u0137iedr\u0101m un rupjiem materi\u0101liem augstas jaudas br\u012bvi kr\u012bto\u0161\u0101s l\u012bnij\u0101s. Magn\u0113tiem ir iztur\u012bgs dizains, kas piem\u0113rots past\u0101v\u012bgai darb\u012bbai. Tie nodro\u0161ina \u013coti augstu atdal\u012b\u0161anas pak\u0101pi, ja tiek regul\u0101ri t\u012br\u012bti.<\/p>\n","protected":false},"featured_media":31673,"comment_status":"open","ping_status":"closed","template":"","meta":{"_acf_changed":false},"product_brand":[],"product_cat":[845,880,863,864,870,934],"product_tag":[898,935,873,890],"class_list":{"0":"post-31667","1":"product","2":"type-product","3":"status-publish","4":"has-post-thumbnail","6":"product_cat-all-products-lv","7":"product_cat-feed-lv","8":"product_cat-food-2-lv","9":"product_cat-grain-lv","10":"product_cat-material-handling-lv","11":"product_cat-pipe-system-lv","12":"product_tag-cleaning-lv","13":"product_tag-pipes-lv","14":"product_tag-separation-lv","15":"product_tag-transport-lv","16":"description-off","18":"first","19":"instock","20":"shipping-taxable","21":"product-type-simple"},"acf":[],"_links":{"self":[{"href":"https:\/\/www.tornum.com\/lv\/wp-json\/wp\/v2\/product\/31667","targetHints":{"allow":["GET"]}}],"collection":[{"href":"https:\/\/www.tornum.com\/lv\/wp-json\/wp\/v2\/product"}],"about":[{"href":"https:\/\/www.tornum.com\/lv\/wp-json\/wp\/v2\/types\/product"}],"replies":[{"embeddable":true,"href":"https:\/\/www.tornum.com\/lv\/wp-json\/wp\/v2\/comments?post=31667"}],"version-history":[{"count":2,"href":"https:\/\/www.tornum.com\/lv\/wp-json\/wp\/v2\/product\/31667\/revisions"}],"predecessor-version":[{"id":31881,"href":"https:\/\/www.tornum.com\/lv\/wp-json\/wp\/v2\/product\/31667\/revisions\/31881"}],"wp:featuredmedia":[{"embeddable":true,"href":"https:\/\/www.tornum.com\/lv\/wp-json\/wp\/v2\/media\/31673"}],"wp:attachment":[{"href":"https:\/\/www.tornum.com\/lv\/wp-json\/wp\/v2\/media?parent=31667"}],"wp:term":[{"taxonomy":"product_brand","embeddable":true,"href":"https:\/\/www.tornum.com\/lv\/wp-json\/wp\/v2\/product_brand?post=31667"},{"taxonomy":"product_cat","embeddable":true,"href":"https:\/\/www.tornum.com\/lv\/wp-json\/wp\/v2\/product_cat?post=31667"},{"taxonomy":"product_tag","embeddable":true,"href":"https:\/\/www.tornum.com\/lv\/wp-json\/wp\/v2\/product_tag?post=31667"}],"curies":[{"name":"wp","href":"https:\/\/api.w.org\/{rel}","templated":true}]}}