{"id":31674,"date":"2023-05-14T21:02:04","date_gmt":"2023-05-14T21:02:04","guid":{"rendered":"https:\/\/www.tornum.com\/product\/relay-cabinet\/"},"modified":"2025-07-30T13:00:12","modified_gmt":"2025-07-30T13:00:12","slug":"plc-elektriskais-skapis","status":"publish","type":"product","link":"https:\/\/www.tornum.com\/lv\/product\/plc-elektriskais-skapis\/","title":{"rendered":"PLC ELEKTRISKAIS SKAPIS"},"content":{"rendered":"<div class=\"wpb-content-wrapper\"><p>[vc_row][vc_column width=&#8221;2\/3&#8243;][vc_column_text]<em>TORNUM PLC <\/em>elektriskie skapji tiek individu\u0101li piel\u0101goti katram unik\u0101lam klienta risin\u0101jumam. Skapis pilda kaltes vad\u012bbas funkciju, un tas ir uzst\u0101d\u012bts \u0113rt\u0101 un dro\u0161\u0101 viet\u0101.[\/vc_column_text][\/vc_column][vc_column width=&#8221;1\/3&#8243;][vc_column_text]<strong>UZB\u016aVE UN FUNKCIJAS<\/strong><br \/>\n\u2022 <em>PLC <\/em>vad\u012bba<br \/>\n\u2022 Iztur\u012bgs dizains[\/vc_column_text][\/vc_column][\/vc_row]<\/p>\n<\/div>","protected":false},"excerpt":{"rendered":"<p><em>TORNUM PLC <\/em>elektriskie skapji tiek individu\u0101li piel\u0101goti katram unik\u0101lam klienta risin\u0101jumam.<\/p>\n","protected":false},"featured_media":31680,"comment_status":"open","ping_status":"closed","template":"","meta":{"_acf_changed":false},"product_brand":[],"product_cat":[845,874,933],"product_tag":[877,878,879],"class_list":{"0":"post-31674","1":"product","2":"type-product","3":"status-publish","4":"has-post-thumbnail","6":"product_cat-all-products-lv","7":"product_cat-grain-management-lv","8":"product_cat-accessories-grain-management-lv","9":"product_tag-monitoring-lv","10":"product_tag-pc-lv","11":"product_tag-plc-lv","12":"description-off","14":"first","15":"instock","16":"shipping-taxable","17":"product-type-simple"},"acf":[],"_links":{"self":[{"href":"https:\/\/www.tornum.com\/lv\/wp-json\/wp\/v2\/product\/31674","targetHints":{"allow":["GET"]}}],"collection":[{"href":"https:\/\/www.tornum.com\/lv\/wp-json\/wp\/v2\/product"}],"about":[{"href":"https:\/\/www.tornum.com\/lv\/wp-json\/wp\/v2\/types\/product"}],"replies":[{"embeddable":true,"href":"https:\/\/www.tornum.com\/lv\/wp-json\/wp\/v2\/comments?post=31674"}],"version-history":[{"count":2,"href":"https:\/\/www.tornum.com\/lv\/wp-json\/wp\/v2\/product\/31674\/revisions"}],"predecessor-version":[{"id":31889,"href":"https:\/\/www.tornum.com\/lv\/wp-json\/wp\/v2\/product\/31674\/revisions\/31889"}],"wp:featuredmedia":[{"embeddable":true,"href":"https:\/\/www.tornum.com\/lv\/wp-json\/wp\/v2\/media\/31680"}],"wp:attachment":[{"href":"https:\/\/www.tornum.com\/lv\/wp-json\/wp\/v2\/media?parent=31674"}],"wp:term":[{"taxonomy":"product_brand","embeddable":true,"href":"https:\/\/www.tornum.com\/lv\/wp-json\/wp\/v2\/product_brand?post=31674"},{"taxonomy":"product_cat","embeddable":true,"href":"https:\/\/www.tornum.com\/lv\/wp-json\/wp\/v2\/product_cat?post=31674"},{"taxonomy":"product_tag","embeddable":true,"href":"https:\/\/www.tornum.com\/lv\/wp-json\/wp\/v2\/product_tag?post=31674"}],"curies":[{"name":"wp","href":"https:\/\/api.w.org\/{rel}","templated":true}]}}