{"id":31681,"date":"2023-06-12T11:27:56","date_gmt":"2023-06-12T11:27:56","guid":{"rendered":"https:\/\/www.tornum.com\/product\/nmc-natural-moisture-control\/"},"modified":"2025-08-01T06:56:41","modified_gmt":"2025-08-01T06:56:41","slug":"nmc-dabiska-mitruma-kontrole","status":"publish","type":"product","link":"https:\/\/www.tornum.com\/lv\/product\/nmc-dabiska-mitruma-kontrole\/","title":{"rendered":"NMC \u2013 DABISK\u0100 MITRUMA KONTROLE"},"content":{"rendered":"<div class=\"wpb-content-wrapper\"><p>[vc_row][vc_column width=&#8221;1\/2&#8243;][vc_column_text]M\u016bsu pa\u0161u izstr\u0101d\u0101t\u0101 kontroles sist\u0113ma <em>NMC \u2013 Natural Moisture Control <\/em>nodro\u0161ina piln\u012bgu kontroli p\u0101r visu kalt\u0113\u0161anas un glab\u0101\u0161anas procesu j\u016bsu kalt\u0113\u0161anas vai glab\u0101\u0161anas tvertn\u0113. Sist\u0113ma akt\u012bvi darbojas, lai piel\u0101gotu gan kalt\u0113\u0161anu, gan aer\u0101ciju, gan mais\u012b\u0161anu faktiskajiem apst\u0101k\u013ciem glab\u0101\u0161anas viet\u0101 un \u0101rpus t\u0101s. <em>NMC<\/em> nodro\u0161ina r\u016bp\u012bgu un energoefekt\u012bvu kalt\u0113\u0161anas procesu, lai j\u016bsu ra\u017ea b\u016btu gatava pieg\u0101dei. J\u016bs nodro\u0161in\u0101siet savu graudu kvalit\u0101ti un v\u0113rt\u012bbu vis\u0101 glab\u0101\u0161anas period\u0101.[\/vc_column_text][\/vc_column][vc_column width=&#8221;1\/2&#8243;][vc_column_text]<strong>Akt\u012bva uzraudz\u012bba<br \/>\n<\/strong><em>NMC<\/em> sist\u0113ma nep\u0101rtraukti uzrauga un analiz\u0113 visu inform\u0101ciju no uzst\u0101d\u012btajiem sensoriem. Novir\u017eu gad\u012bjum\u0101 t\u0101 aktiviz\u0113 trauksmi un var r\u012bkoties ar\u012b autonomi, izmantojot ventilatorus un mais\u012b\u0161anas ier\u012bces, kas uzst\u0101d\u012btas meh\u0101niskai kontrolei.<\/p>\n<p><strong>Zem\u0101ks ener\u0123ijas pat\u0113ri\u0146\u0161<br \/>\n<\/strong>Sist\u0113ma uzrauga temperat\u016bru un mitruma l\u012bmeni gan silosa iek\u0161pus\u0113, gan \u0101rpus\u0113 un attiec\u012bgi piel\u0101go procesu atkar\u012bb\u0101 no apst\u0101k\u013ciem.<\/p>\n<p><strong>Br\u012bv\u012bba un laika ietaup\u012bjums<br \/>\n<\/strong><em>NMC<\/em> sist\u0113ma ir m\u0101ko\u0146dato\u0161anas sist\u0113ma, un to var kontrol\u0113t un uzraudz\u012bt no mobilaj\u0101m ier\u012bc\u0113m un datoriem. Neatkar\u012bgi no atra\u0161an\u0101s vietas varat piln\u012bb\u0101 kontrol\u0113t situ\u0101ciju.<\/p>\n<p><strong>Saudz\u012bga kalt\u0113\u0161ana<br \/>\n<\/strong>Piel\u0101gojot kalt\u0113\u0161anas procesu apk\u0101rt\u0113jiem apst\u0101k\u013ciem un regul\u0113jot tikai gaisa pl\u016bsmu, sist\u0113ma atdarina dabisko kult\u016braugu \u017e\u0101v\u0113\u0161anas veidu. Tas nodro\u0161ina saudz\u012bgu procesu bez strauj\u0101m izmai\u0146\u0101m, kas var\u0113tu rad\u012bt stresu un pasliktin\u0101t kvalit\u0101ti.[\/vc_column_text][\/vc_column][\/vc_row]<\/p>\n<\/div>","protected":false},"excerpt":{"rendered":"<p><em>NMC<\/em> sist\u0113ma nep\u0101rtraukti uzrauga un analiz\u0113 visu inform\u0101ciju no uzst\u0101d\u012btajiem sensoriem. Novir\u017eu gad\u012bjum\u0101 t\u0101 aktiviz\u0113 trauksmi un var r\u012bkoties ar\u012b autonomi, izmantojot ventilatorus un mais\u012b\u0161anas ier\u012bces, kas uzst\u0101d\u012btas meh\u0101niskai kontrolei.<\/p>\n","protected":false},"featured_media":53386,"comment_status":"open","ping_status":"closed","template":"","meta":{"_acf_changed":false},"product_brand":[],"product_cat":[845,864,874,936],"product_tag":[877,904],"class_list":{"0":"post-31681","1":"product","2":"type-product","3":"status-publish","4":"has-post-thumbnail","6":"product_cat-all-products-lv","7":"product_cat-grain-lv","8":"product_cat-grain-management-lv","9":"product_cat-nmc-lv","10":"product_tag-monitoring-lv","11":"product_tag-storage-lv","12":"description-off","14":"first","15":"instock","16":"shipping-taxable","17":"product-type-simple"},"acf":[],"_links":{"self":[{"href":"https:\/\/www.tornum.com\/lv\/wp-json\/wp\/v2\/product\/31681","targetHints":{"allow":["GET"]}}],"collection":[{"href":"https:\/\/www.tornum.com\/lv\/wp-json\/wp\/v2\/product"}],"about":[{"href":"https:\/\/www.tornum.com\/lv\/wp-json\/wp\/v2\/types\/product"}],"replies":[{"embeddable":true,"href":"https:\/\/www.tornum.com\/lv\/wp-json\/wp\/v2\/comments?post=31681"}],"version-history":[{"count":4,"href":"https:\/\/www.tornum.com\/lv\/wp-json\/wp\/v2\/product\/31681\/revisions"}],"predecessor-version":[{"id":51099,"href":"https:\/\/www.tornum.com\/lv\/wp-json\/wp\/v2\/product\/31681\/revisions\/51099"}],"wp:featuredmedia":[{"embeddable":true,"href":"https:\/\/www.tornum.com\/lv\/wp-json\/wp\/v2\/media\/53386"}],"wp:attachment":[{"href":"https:\/\/www.tornum.com\/lv\/wp-json\/wp\/v2\/media?parent=31681"}],"wp:term":[{"taxonomy":"product_brand","embeddable":true,"href":"https:\/\/www.tornum.com\/lv\/wp-json\/wp\/v2\/product_brand?post=31681"},{"taxonomy":"product_cat","embeddable":true,"href":"https:\/\/www.tornum.com\/lv\/wp-json\/wp\/v2\/product_cat?post=31681"},{"taxonomy":"product_tag","embeddable":true,"href":"https:\/\/www.tornum.com\/lv\/wp-json\/wp\/v2\/product_tag?post=31681"}],"curies":[{"name":"wp","href":"https:\/\/api.w.org\/{rel}","templated":true}]}}