{"id":31688,"date":"2023-01-29T22:12:39","date_gmt":"2023-01-29T22:12:39","guid":{"rendered":"https:\/\/www.tornum.com\/product\/h-linijas-transportieri\/"},"modified":"2025-07-31T09:08:50","modified_gmt":"2025-07-31T09:08:50","slug":"h-linijas-transportieri","status":"publish","type":"product","link":"https:\/\/www.tornum.com\/lv\/product\/h-linijas-transportieri\/","title":{"rendered":"H-L\u012aNIJAS TRANSPORTIERI"},"content":{"rendered":"<p>\u0160is iek\u0101rtu kl\u0101sts, kas paredz\u0113ts r\u016bpnieciskiem un komerci\u0101liem lietojumiem ar ikdienas un nep\u0101rtrauktas lieto\u0161anas nepiecie\u0161am\u012bbu, ir pieejams kvie\u0161u transport\u0113\u0161anas jaudai no 60 l\u012bdz 600 t\/h. Pilns iek\u0101rtu kl\u0101sts ietver vertik\u0101las, horizont\u0101las, izliektas un sl\u012bpas iek\u0101rtas, kas paredz\u0113tas atbilsto\u0161ai poz\u012bcijai graudu pl\u016bsm\u0101. Ir pieejams pilns piederumu kl\u0101sts, kas ietver elektriskos un pneimatiskos slaidus, dro\u0161\u012bbas sensorus, \u0101truma monitora sensorus, speci\u0101las pretest\u012bbas siksnas e\u013c\u013cas produktiem un daudzus citus. Transportierus var piel\u0101got, lai tie atbilstu da\u017e\u0101d\u0101m klientu pras\u012bb\u0101m attiec\u012bb\u0101 uz \u0137\u0113des un lentes \u0101trumu.<\/p>\n","protected":false},"excerpt":{"rendered":"<p>H-l\u012bnija ir m\u016bsu produktu l\u012bnija ikdienas lieto\u0161anai, past\u0101v\u012bgam darbam un ra\u017eo\u0161anai visu gadu. H-l\u012bnija ir izstr\u0101d\u0101ta, lai atbilstu stingraj\u0101m graudu nozares pras\u012bb\u0101m.<\/p>\n<p>Jauda: 60\u2013600 tonnas<\/p>\n","protected":false},"featured_media":29583,"comment_status":"open","ping_status":"closed","template":"","meta":{"_acf_changed":false},"product_brand":[],"product_cat":[845,880,863,864,870,927],"product_tag":[889,899,895,890],"class_list":{"0":"post-31688","1":"product","2":"type-product","3":"status-publish","4":"has-post-thumbnail","6":"product_cat-all-products-lv","7":"product_cat-feed-lv","8":"product_cat-food-2-lv","9":"product_cat-grain-lv","10":"product_cat-material-handling-lv","11":"product_cat-conveyors-lv","12":"product_tag-conveyor-lv","13":"product_tag-dc-remover-lv","14":"product_tag-elevator-lv","15":"product_tag-transport-lv","16":"pa_products-type-all-products-lv","17":"pa_products-type-feed-lv","18":"description-off","20":"first","21":"instock","22":"shipping-taxable","23":"product-type-simple"},"acf":[],"_links":{"self":[{"href":"https:\/\/www.tornum.com\/lv\/wp-json\/wp\/v2\/product\/31688","targetHints":{"allow":["GET"]}}],"collection":[{"href":"https:\/\/www.tornum.com\/lv\/wp-json\/wp\/v2\/product"}],"about":[{"href":"https:\/\/www.tornum.com\/lv\/wp-json\/wp\/v2\/types\/product"}],"replies":[{"embeddable":true,"href":"https:\/\/www.tornum.com\/lv\/wp-json\/wp\/v2\/comments?post=31688"}],"version-history":[{"count":1,"href":"https:\/\/www.tornum.com\/lv\/wp-json\/wp\/v2\/product\/31688\/revisions"}],"predecessor-version":[{"id":31725,"href":"https:\/\/www.tornum.com\/lv\/wp-json\/wp\/v2\/product\/31688\/revisions\/31725"}],"wp:featuredmedia":[{"embeddable":true,"href":"https:\/\/www.tornum.com\/lv\/wp-json\/wp\/v2\/media\/29583"}],"wp:attachment":[{"href":"https:\/\/www.tornum.com\/lv\/wp-json\/wp\/v2\/media?parent=31688"}],"wp:term":[{"taxonomy":"product_brand","embeddable":true,"href":"https:\/\/www.tornum.com\/lv\/wp-json\/wp\/v2\/product_brand?post=31688"},{"taxonomy":"product_cat","embeddable":true,"href":"https:\/\/www.tornum.com\/lv\/wp-json\/wp\/v2\/product_cat?post=31688"},{"taxonomy":"product_tag","embeddable":true,"href":"https:\/\/www.tornum.com\/lv\/wp-json\/wp\/v2\/product_tag?post=31688"}],"curies":[{"name":"wp","href":"https:\/\/api.w.org\/{rel}","templated":true}]}}