{"id":31909,"date":"2023-05-04T12:51:09","date_gmt":"2023-05-04T12:51:09","guid":{"rendered":"https:\/\/www.tornum.com\/product\/rail-loading-equipment\/"},"modified":"2025-07-30T13:07:43","modified_gmt":"2025-07-30T13:07:43","slug":"dzelzcela-iekrausanas-aprikojums","status":"publish","type":"product","link":"https:\/\/www.tornum.com\/lv\/product\/dzelzcela-iekrausanas-aprikojums\/","title":{"rendered":"DZELZCE\u013bA IEKRAU\u0160ANAS APR\u012aKOJUMS"},"content":{"rendered":"<div class=\"wpb-content-wrapper\"><p>[vc_row][vc_column width=&#8221;2\/3&#8243;][vc_column_text]<\/p>\n<div class=\"content o-stack-sm c-text\">\n<p>Tornum dzelzce\u013ca iekrau\u0161anas tvertnes \u0101tri un efekt\u012bvi piepilda dzelzce\u013ca vagonus. Izkrau\u0161anas iek\u0101rta sast\u0101v no stat\u012bva ar \u010detr\u0101m kvadr\u0101tveida tvertn\u0113m ar kop\u0113jo tilpumu l\u012bdz 320 m3. M\u0113s varam pieg\u0101d\u0101t ar\u012b da\u017e\u0101du izm\u0113ru apa\u013cas iekrau\u0161anas tvertnes.<\/p>\n<\/div>\n<p>[\/vc_column_text][\/vc_column][vc_column width=&#8221;1\/3&#8243;][\/vc_column][\/vc_row]<\/p>\n<\/div>","protected":false},"excerpt":{"rendered":"<div class=\"content o-stack-sm c-text\">\n<p><em>Tornum<\/em> dzelzce\u013ca iekrau\u0161anas tvertnes \u0101tri un efekt\u012bvi piepilda dzelzce\u013ca vagonus. Izkrau\u0161anas iek\u0101rta sast\u0101v no stat\u012bva ar \u010detr\u0101m kvadr\u0101tveida tvertn\u0113m ar kop\u0113jo tilpumu l\u012bdz 320\u00a0m<sup>3<\/sup>. M\u0113s varam pieg\u0101d\u0101t ar\u012b da\u017e\u0101du izm\u0113ru apa\u013cas iekrau\u0161anas tvertnes.<\/p>\n<\/div>\n","protected":false},"featured_media":31911,"comment_status":"open","ping_status":"closed","template":"","meta":{"_acf_changed":false},"product_brand":[],"product_cat":[845,863,864,901,905],"product_tag":[888,904,890],"class_list":{"0":"post-31909","1":"product","2":"type-product","3":"status-publish","4":"has-post-thumbnail","6":"product_cat-all-products-lv","7":"product_cat-food-2-lv","8":"product_cat-grain-lv","9":"product_cat-storage-lv","10":"product_cat-bulk-loading-bin-lv","11":"product_tag-bin-lv","12":"product_tag-storage-lv","13":"product_tag-transport-lv","14":"description-off","16":"first","17":"instock","18":"shipping-taxable","19":"product-type-simple"},"acf":[],"_links":{"self":[{"href":"https:\/\/www.tornum.com\/lv\/wp-json\/wp\/v2\/product\/31909","targetHints":{"allow":["GET"]}}],"collection":[{"href":"https:\/\/www.tornum.com\/lv\/wp-json\/wp\/v2\/product"}],"about":[{"href":"https:\/\/www.tornum.com\/lv\/wp-json\/wp\/v2\/types\/product"}],"replies":[{"embeddable":true,"href":"https:\/\/www.tornum.com\/lv\/wp-json\/wp\/v2\/comments?post=31909"}],"version-history":[{"count":2,"href":"https:\/\/www.tornum.com\/lv\/wp-json\/wp\/v2\/product\/31909\/revisions"}],"predecessor-version":[{"id":31970,"href":"https:\/\/www.tornum.com\/lv\/wp-json\/wp\/v2\/product\/31909\/revisions\/31970"}],"wp:featuredmedia":[{"embeddable":true,"href":"https:\/\/www.tornum.com\/lv\/wp-json\/wp\/v2\/media\/31911"}],"wp:attachment":[{"href":"https:\/\/www.tornum.com\/lv\/wp-json\/wp\/v2\/media?parent=31909"}],"wp:term":[{"taxonomy":"product_brand","embeddable":true,"href":"https:\/\/www.tornum.com\/lv\/wp-json\/wp\/v2\/product_brand?post=31909"},{"taxonomy":"product_cat","embeddable":true,"href":"https:\/\/www.tornum.com\/lv\/wp-json\/wp\/v2\/product_cat?post=31909"},{"taxonomy":"product_tag","embeddable":true,"href":"https:\/\/www.tornum.com\/lv\/wp-json\/wp\/v2\/product_tag?post=31909"}],"curies":[{"name":"wp","href":"https:\/\/api.w.org\/{rel}","templated":true}]}}