{"id":31912,"date":"2023-04-03T13:08:41","date_gmt":"2023-04-03T13:08:41","guid":{"rendered":"https:\/\/www.tornum.com\/product\/receiving-hopper\/"},"modified":"2025-07-30T13:16:02","modified_gmt":"2025-07-30T13:16:02","slug":"iekrausanas-bunkurs","status":"publish","type":"product","link":"https:\/\/www.tornum.com\/lv\/product\/iekrausanas-bunkurs\/","title":{"rendered":"IEKRAU\u0160ANAS BUNKURS"},"content":{"rendered":"<div class=\"wpb-content-wrapper\"><p>[vc_row][vc_column width=&#8221;2\/3&#8243;][vc_column_text]<em>Tornum<\/em> iekrau\u0161anas bunkurs izstr\u0101d\u0101ts, lai apmierin\u0101tu tirgus pras\u012bbas vienk\u0101r\u0161ai graudu sa\u0146em\u0161anas sist\u0113mai no kravas transportl\u012bdzek\u013ciem. Bunkurs tiek novietots virs zemes, samazinot nepiecie\u0161am\u012bbu veikt b\u016bvniec\u012bbas un sagatavo\u0161an\u0101s darbus.<\/p>\n<p>Bunkurs pieejams \u010detros da\u017e\u0101dos izm\u0113ros, mainoties bunkura augstumam. Ta\u010du visi bunkuri ir 4,5\u00a0m plati. Bunkuru apak\u0161\u0101 eso\u0161ais transportieris var nodro\u0161in\u0101t jaudu no 30 l\u012bdz 120 t\/h.[\/vc_column_text][\/vc_column][vc_column width=&#8221;1\/3&#8243;][\/vc_column][\/vc_row]<\/p>\n<\/div>","protected":false},"excerpt":{"rendered":"<p><em>Tornum<\/em> iekrau\u0161anas bunkurs izstr\u0101d\u0101ts, lai apmierin\u0101tu tirgus pras\u012bbas vienk\u0101r\u0161ai graudu sa\u0146em\u0161anas sist\u0113mai no kravas transportl\u012bdzek\u013ciem. Bunkurs tiek novietots virs zemes, samazinot nepiecie\u0161am\u012bbu veikt b\u016bvniec\u012bbas un sagatavo\u0161an\u0101s darbus.<\/p>\n","protected":false},"featured_media":31914,"comment_status":"open","ping_status":"closed","template":"","meta":{"_acf_changed":false},"product_brand":[],"product_cat":[845,880,863,864,870,891,892],"product_tag":[888,867,890],"class_list":{"0":"post-31912","1":"product","2":"type-product","3":"status-publish","4":"has-post-thumbnail","6":"product_cat-all-products-lv","7":"product_cat-feed-lv","8":"product_cat-food-2-lv","9":"product_cat-grain-lv","10":"product_cat-material-handling-lv","11":"product_cat-intake-pit-lv","12":"product_cat-intake-pit-storage-lv","13":"product_tag-bin-lv","14":"product_tag-dryer-lv","15":"product_tag-transport-lv","16":"pa_products-type-grain-lv","17":"description-off","19":"first","20":"instock","21":"shipping-taxable","22":"product-type-simple"},"acf":[],"_links":{"self":[{"href":"https:\/\/www.tornum.com\/lv\/wp-json\/wp\/v2\/product\/31912","targetHints":{"allow":["GET"]}}],"collection":[{"href":"https:\/\/www.tornum.com\/lv\/wp-json\/wp\/v2\/product"}],"about":[{"href":"https:\/\/www.tornum.com\/lv\/wp-json\/wp\/v2\/types\/product"}],"replies":[{"embeddable":true,"href":"https:\/\/www.tornum.com\/lv\/wp-json\/wp\/v2\/comments?post=31912"}],"version-history":[{"count":2,"href":"https:\/\/www.tornum.com\/lv\/wp-json\/wp\/v2\/product\/31912\/revisions"}],"predecessor-version":[{"id":31974,"href":"https:\/\/www.tornum.com\/lv\/wp-json\/wp\/v2\/product\/31912\/revisions\/31974"}],"wp:featuredmedia":[{"embeddable":true,"href":"https:\/\/www.tornum.com\/lv\/wp-json\/wp\/v2\/media\/31914"}],"wp:attachment":[{"href":"https:\/\/www.tornum.com\/lv\/wp-json\/wp\/v2\/media?parent=31912"}],"wp:term":[{"taxonomy":"product_brand","embeddable":true,"href":"https:\/\/www.tornum.com\/lv\/wp-json\/wp\/v2\/product_brand?post=31912"},{"taxonomy":"product_cat","embeddable":true,"href":"https:\/\/www.tornum.com\/lv\/wp-json\/wp\/v2\/product_cat?post=31912"},{"taxonomy":"product_tag","embeddable":true,"href":"https:\/\/www.tornum.com\/lv\/wp-json\/wp\/v2\/product_tag?post=31912"}],"curies":[{"name":"wp","href":"https:\/\/api.w.org\/{rel}","templated":true}]}}