{"id":31915,"date":"2023-09-04T11:17:20","date_gmt":"2023-09-04T11:17:20","guid":{"rendered":"https:\/\/www.tornum.com\/product\/round-ducts\/"},"modified":"2025-07-30T13:22:37","modified_gmt":"2025-07-30T13:22:37","slug":"apalie-caurulvadi","status":"publish","type":"product","link":"https:\/\/www.tornum.com\/lv\/product\/apalie-caurulvadi\/","title":{"rendered":"APA\u013bIE CAURU\u013bVADI"},"content":{"rendered":"<div class=\"content o-stack-sm c-text\">\n<p>Modul\u0101r\u0101s cauru\u013cvadu sist\u0113mas ar prec\u012bz\u0101m atloka mal\u0101m tiek \u012bpa\u0161i izmantotas graudu un da\u017e\u0101du beramkravu transport\u0113\u0161anai. Gareniski metin\u0101tas caurules ar folijas \u0161uvi nodro\u0161ina augstu izm\u0113ru precizit\u0101ti un aizsardz\u012bbu pret koroziju. Modul\u0101r\u0101 sist\u0113ma \u013cauj nomain\u012bt cauru\u013cvadu da\u013cas, k\u0101 ar\u012b p\u0113c vajadz\u012bbas papla\u0161in\u0101t jau eso\u0161o cauru\u013cvadu sist\u0113mu. Cauru\u013cu da\u013cas ar diametru no 100-400\u00a0mm ir \u0101tri pieejamas no noliktavas. Pateicoties augsto tehnolo\u0123iju iek\u0101rt\u0101m, papildu pieg\u0101di var veikt \u0101tri.<\/p>\n<p>Cauru\u013cu kl\u0101sts ir pieejams ar\u012b ar aizsardz\u012bbu pret nodilumu sare\u017e\u0123\u012bt\u0101kiem ekspluat\u0101cijas apst\u0101k\u013ciem. \u0160\u012bs caurules ir apr\u012bkotas ar nodilumiztur\u012bgu plastmasas oder\u0113jumu. T\u0101 rezult\u0101t\u0101 kalpo\u0161anas laiku var desmitk\u0101r\u0161ot. Oder\u0113jums ir main\u0101ms ar da\u017eiem vienk\u0101r\u0161iem so\u013ciem.<\/p>\n<\/div>\n","protected":false},"excerpt":{"rendered":"<p>M\u016bsu modul\u0101r\u0101s apa\u013co cauru\u013cvadu sist\u0113mas ir pieejamas da\u017e\u0101dos nomin\u0101lajos izm\u0113ros, biezumos, diametros, cinkotas vai kr\u0101sotas, ar vai bez augsta bl\u012bvuma APS aizsardz\u012bbas iek\u0161pus\u0113, piem\u0113rotas jebkurai lauksaimniec\u012bbas, r\u016bpnieciskai vai komerci\u0101lai izmanto\u0161anai.<\/p>\n","protected":false},"featured_media":31917,"comment_status":"open","ping_status":"closed","template":"","meta":{"_acf_changed":false},"product_brand":[],"product_cat":[845,880,863,864,870,934],"product_tag":[935,908],"class_list":{"0":"post-31915","1":"product","2":"type-product","3":"status-publish","4":"has-post-thumbnail","6":"product_cat-all-products-lv","7":"product_cat-feed-lv","8":"product_cat-food-2-lv","9":"product_cat-grain-lv","10":"product_cat-material-handling-lv","11":"product_cat-pipe-system-lv","12":"product_tag-pipes-lv","13":"product_tag-radial-fan-lv","15":"first","16":"instock","17":"shipping-taxable","18":"product-type-simple"},"acf":[],"_links":{"self":[{"href":"https:\/\/www.tornum.com\/lv\/wp-json\/wp\/v2\/product\/31915","targetHints":{"allow":["GET"]}}],"collection":[{"href":"https:\/\/www.tornum.com\/lv\/wp-json\/wp\/v2\/product"}],"about":[{"href":"https:\/\/www.tornum.com\/lv\/wp-json\/wp\/v2\/types\/product"}],"replies":[{"embeddable":true,"href":"https:\/\/www.tornum.com\/lv\/wp-json\/wp\/v2\/comments?post=31915"}],"version-history":[{"count":2,"href":"https:\/\/www.tornum.com\/lv\/wp-json\/wp\/v2\/product\/31915\/revisions"}],"predecessor-version":[{"id":31978,"href":"https:\/\/www.tornum.com\/lv\/wp-json\/wp\/v2\/product\/31915\/revisions\/31978"}],"wp:featuredmedia":[{"embeddable":true,"href":"https:\/\/www.tornum.com\/lv\/wp-json\/wp\/v2\/media\/31917"}],"wp:attachment":[{"href":"https:\/\/www.tornum.com\/lv\/wp-json\/wp\/v2\/media?parent=31915"}],"wp:term":[{"taxonomy":"product_brand","embeddable":true,"href":"https:\/\/www.tornum.com\/lv\/wp-json\/wp\/v2\/product_brand?post=31915"},{"taxonomy":"product_cat","embeddable":true,"href":"https:\/\/www.tornum.com\/lv\/wp-json\/wp\/v2\/product_cat?post=31915"},{"taxonomy":"product_tag","embeddable":true,"href":"https:\/\/www.tornum.com\/lv\/wp-json\/wp\/v2\/product_tag?post=31915"}],"curies":[{"name":"wp","href":"https:\/\/api.w.org\/{rel}","templated":true}]}}