{"id":31918,"date":"2023-05-04T11:19:47","date_gmt":"2023-05-04T11:19:47","guid":{"rendered":"https:\/\/www.tornum.com\/product\/self-discharging-bin-st\/"},"modified":"2025-07-14T07:30:21","modified_gmt":"2025-07-14T07:30:21","slug":"pasizkraujosa-tvertne-st","status":"publish","type":"product","link":"https:\/\/www.tornum.com\/lv\/product\/pasizkraujosa-tvertne-st\/","title":{"rendered":"PA\u0160IZKRAUJO\u0160A TVERTNE ST"},"content":{"rendered":"<div class=\"wpb-content-wrapper\"><p>[vc_row][vc_column width=&#8221;2\/3&#8243;][vc_column_text]<em>Tornum<\/em> pa\u0161izkraujo\u0161a tvertne <em>ST<\/em> ir \u012bpa\u0161i izstr\u0101d\u0101ta graudu glab\u0101\u0161anai un pieejama da\u017e\u0101dos izm\u0113ros. To var samont\u0113t zemes l\u012bmen\u012b pa da\u013c\u0101m, kuras p\u0113c tam tiek paceltas kop\u0101.[\/vc_column_text][\/vc_column][vc_column width=&#8221;1\/3&#8243;][vc_column_text]<strong>FUNKCIJAS<\/strong><br \/>\n\u2022 Izgatavots no karsti cinkota t\u0113rauda<br \/>\n\u2022 Katras sekcijas vertik\u0101lais augstums ir 505\u00a0mm<br \/>\n\u2022 Tvertni iesp\u0113jams papla\u0161in\u0101t, pievienojot sekcijas galvenajam bunkuram<br \/>\n\u2022 Gluda iek\u0161puse nodro\u0161ina vieglu t\u012br\u012b\u0161anu, un tvertne ir piem\u0113rota slapjiem graudiem<br \/>\n\u2022 Tvertnes dizains pie\u013cauj da\u017e\u0101das uzst\u0101d\u012b\u0161anas iesp\u0113jas, kas ietaupa laiku<br \/>\n\u2022 Izpl\u016bdes atvere 200 x 200\u00a0mm<br \/>\n\u2022 Bunkurs ir piln\u012bb\u0101 skr\u016bv\u0113ta konstrukcija, un tas apr\u012bkots ar kvadr\u0101tveida k\u0101j\u0101m<\/p>\n<p><strong>PAPILDAPR\u012aKOJUMS<\/strong><br \/>\n\u2022 P\u0101rbaudes l\u016bka ar dro\u0161\u012bbas re\u017e\u0123i, uzst\u0101d\u012bta uz gr\u012bdas<br \/>\n\u2022 Kondicion\u0113jo\u0161s apr\u012bkojums<br \/>\n\u2022 L\u012bme\u0146a indikators<br \/>\n\u2022 Temperat\u016bras uzraudz\u012bba<br \/>\n\u2022 Izpl\u016bdes atveres savienojums<br \/>\n\u2022 Starpsiena[\/vc_column_text][\/vc_column][\/vc_row]<\/p>\n<\/div>","protected":false},"excerpt":{"rendered":"<p><em>Tornum<\/em> pa\u0161izkraujo\u0161a tvertne <em>ST<\/em> ir \u012bpa\u0161i izstr\u0101d\u0101ta graudu glab\u0101\u0161anai un pieejama da\u017e\u0101dos izm\u0113ros. To var samont\u0113t zemes l\u012bmen\u012b pa da\u013c\u0101m, kuras p\u0113c tam tiek paceltas kop\u0101.<\/p>\n","protected":false},"featured_media":31922,"comment_status":"open","ping_status":"closed","template":"","meta":{"_acf_changed":false},"product_brand":[],"product_cat":[845,863,901,937],"product_tag":[888,904,890],"class_list":{"0":"post-31918","1":"product","2":"type-product","3":"status-publish","4":"has-post-thumbnail","6":"product_cat-all-products-lv","7":"product_cat-food-2-lv","8":"product_cat-storage-lv","9":"product_cat-self-discharging-bin-lv","10":"product_tag-bin-lv","11":"product_tag-storage-lv","12":"product_tag-transport-lv","13":"description-off","15":"first","16":"instock","17":"shipping-taxable","18":"product-type-simple"},"acf":[],"_links":{"self":[{"href":"https:\/\/www.tornum.com\/lv\/wp-json\/wp\/v2\/product\/31918","targetHints":{"allow":["GET"]}}],"collection":[{"href":"https:\/\/www.tornum.com\/lv\/wp-json\/wp\/v2\/product"}],"about":[{"href":"https:\/\/www.tornum.com\/lv\/wp-json\/wp\/v2\/types\/product"}],"replies":[{"embeddable":true,"href":"https:\/\/www.tornum.com\/lv\/wp-json\/wp\/v2\/comments?post=31918"}],"version-history":[{"count":2,"href":"https:\/\/www.tornum.com\/lv\/wp-json\/wp\/v2\/product\/31918\/revisions"}],"predecessor-version":[{"id":31990,"href":"https:\/\/www.tornum.com\/lv\/wp-json\/wp\/v2\/product\/31918\/revisions\/31990"}],"wp:featuredmedia":[{"embeddable":true,"href":"https:\/\/www.tornum.com\/lv\/wp-json\/wp\/v2\/media\/31922"}],"wp:attachment":[{"href":"https:\/\/www.tornum.com\/lv\/wp-json\/wp\/v2\/media?parent=31918"}],"wp:term":[{"taxonomy":"product_brand","embeddable":true,"href":"https:\/\/www.tornum.com\/lv\/wp-json\/wp\/v2\/product_brand?post=31918"},{"taxonomy":"product_cat","embeddable":true,"href":"https:\/\/www.tornum.com\/lv\/wp-json\/wp\/v2\/product_cat?post=31918"},{"taxonomy":"product_tag","embeddable":true,"href":"https:\/\/www.tornum.com\/lv\/wp-json\/wp\/v2\/product_tag?post=31918"}],"curies":[{"name":"wp","href":"https:\/\/api.w.org\/{rel}","templated":true}]}}