{"id":31923,"date":"2023-05-14T20:19:26","date_gmt":"2023-05-14T20:19:26","guid":{"rendered":"https:\/\/www.tornum.com\/product\/screw-auger\/"},"modified":"2025-07-31T05:31:29","modified_gmt":"2025-07-31T05:31:29","slug":"gliemeztransportieris","status":"publish","type":"product","link":"https:\/\/www.tornum.com\/lv\/product\/gliemeztransportieris\/","title":{"rendered":"GLIEME\u017dTRANSPORTIERIS"},"content":{"rendered":"<p><em>TORNUM<\/em> glieme\u017etransportieris ir piem\u0113rots granulveida un pulverveida materi\u0101lu, piem\u0113ram, graudu, bar\u012bbas, granulu un koka granulu, transport\u0113\u0161anai. To var izmantot da\u017e\u0101dos sl\u012bpuma le\u0146\u0137os horizont\u0101lai un vertik\u0101lai transport\u0113\u0161anai. Katru glieme\u017etransportieri var piel\u0101got atkar\u012bb\u0101 no nepiecie\u0161am\u0101 materi\u0101la un jaudas.<\/p>\n<p>M\u016bsu glieme\u017etransportiera princips ir v\u012btne ar centr\u0101lo v\u0101rpstu, kas darbojas t\u0113rauda caurules iek\u0161pus\u0113. Cauru\u013cu sist\u0113ma sast\u0101v no fiks\u0113tu standarta garumu kombin\u0101cij\u0101m, kas tiek saliktas, lai izveidotu vajadz\u012bg\u0101 garuma transportieri.<\/p>\n<p>Past\u0101v divi galvenie piedzi\u0146as veidu veidi: vai nu t\u0101 saukt\u0101 tie\u0161\u0101 piedzi\u0146a, kur motors ir savienots tie\u0161i ar v\u012btni un starp tiem ir tikai sakabe, vai ar\u012b atkl\u0101t\u0101 transmisija ar \u0137\u0113des vai zobsiksnas piedzi\u0146u.<\/p>\n<p>V\u012btni veido t\u0113rauda spir\u0101le ap cauru\u013cveida t\u0113rauda v\u0101rpstu. Spir\u0101le ir pieejama ar da\u017e\u0101diem diametriem katrai galvenajai grupai. Spir\u0101les solis un diametrs ir j\u0101izv\u0113las atbilsto\u0161i materi\u0101la veidam un vajadz\u012bgajai jaudai. \u0100r\u0113j\u0101 caurule ir izgatavota no<br \/>\ncinkota t\u0113rauda. Spir\u0101le un \u0101r\u0113j\u0101 caurule kop\u0101 veido t\u0101 saukto pagarin\u0101jumu.<\/p>\n","protected":false},"excerpt":{"rendered":"<p><em>TORNUM<\/em> glieme\u017etransportieris ir piem\u0113rots granulveida un pulverveida materi\u0101lu, piem\u0113ram, graudu, bar\u012bbas, granulu un koka granulu, transport\u0113\u0161anai. To var izmantot da\u017e\u0101dos sl\u012bpuma le\u0146\u0137os horizont\u0101lai un vertik\u0101lai transport\u0113\u0161anai. Katru glieme\u017etransportieri var piel\u0101got atkar\u012bb\u0101 no nepiecie\u0161am\u0101 materi\u0101la un jaudas.<\/p>\n","protected":false},"featured_media":31924,"comment_status":"open","ping_status":"closed","template":"","meta":{"_acf_changed":false},"product_brand":[],"product_cat":[845,880,863,864,870,910],"product_tag":[904,890],"class_list":{"0":"post-31923","1":"product","2":"type-product","3":"status-publish","4":"has-post-thumbnail","6":"product_cat-all-products-lv","7":"product_cat-feed-lv","8":"product_cat-food-2-lv","9":"product_cat-grain-lv","10":"product_cat-material-handling-lv","11":"product_cat-screw-auger-lv","12":"product_tag-storage-lv","13":"product_tag-transport-lv","14":"description-off","16":"first","17":"instock","18":"shipping-taxable","19":"product-type-simple"},"acf":[],"_links":{"self":[{"href":"https:\/\/www.tornum.com\/lv\/wp-json\/wp\/v2\/product\/31923","targetHints":{"allow":["GET"]}}],"collection":[{"href":"https:\/\/www.tornum.com\/lv\/wp-json\/wp\/v2\/product"}],"about":[{"href":"https:\/\/www.tornum.com\/lv\/wp-json\/wp\/v2\/types\/product"}],"replies":[{"embeddable":true,"href":"https:\/\/www.tornum.com\/lv\/wp-json\/wp\/v2\/comments?post=31923"}],"version-history":[{"count":2,"href":"https:\/\/www.tornum.com\/lv\/wp-json\/wp\/v2\/product\/31923\/revisions"}],"predecessor-version":[{"id":31982,"href":"https:\/\/www.tornum.com\/lv\/wp-json\/wp\/v2\/product\/31923\/revisions\/31982"}],"wp:featuredmedia":[{"embeddable":true,"href":"https:\/\/www.tornum.com\/lv\/wp-json\/wp\/v2\/media\/31924"}],"wp:attachment":[{"href":"https:\/\/www.tornum.com\/lv\/wp-json\/wp\/v2\/media?parent=31923"}],"wp:term":[{"taxonomy":"product_brand","embeddable":true,"href":"https:\/\/www.tornum.com\/lv\/wp-json\/wp\/v2\/product_brand?post=31923"},{"taxonomy":"product_cat","embeddable":true,"href":"https:\/\/www.tornum.com\/lv\/wp-json\/wp\/v2\/product_cat?post=31923"},{"taxonomy":"product_tag","embeddable":true,"href":"https:\/\/www.tornum.com\/lv\/wp-json\/wp\/v2\/product_tag?post=31923"}],"curies":[{"name":"wp","href":"https:\/\/api.w.org\/{rel}","templated":true}]}}