{"id":31925,"date":"2023-05-14T20:02:43","date_gmt":"2023-05-14T20:02:43","guid":{"rendered":"https:\/\/www.tornum.com\/product\/sweep-auger-cst\/"},"modified":"2025-07-31T05:52:36","modified_gmt":"2025-07-31T05:52:36","slug":"gliemeztransportieris-cst","status":"publish","type":"product","link":"https:\/\/www.tornum.com\/lv\/product\/gliemeztransportieris-cst\/","title":{"rendered":"GLIEME\u017dTRANSPORTIERIS CST"},"content":{"rendered":"<h3>GLIEME\u017dTRANSPORTIERIS <em>CST<\/em><\/h3>\n<p><em>CST <\/em>glieme\u017etransportieru l\u012bnija izstr\u0101d\u0101ta, lai atbilstu pla\u0161am silosu diametru diapazonam un paredz\u0113ta past\u0101v\u012bgai uzst\u0101d\u012b\u0161anai silos\u0101. To var lietot ar br\u012bvi pl\u016bsto\u0161iem granul\u0113tiem materi\u0101liem. Pieejamas tr\u012bs atg\u016b\u0161anas alternat\u012bvas. Tie\u0161i pievienoto reduktordzin\u0113ju iesp\u0113jams uzst\u0101d\u012bt vai nu tvertn\u0113, vai par papildu samaksu galerij\u0101 zem tvertnes.<\/p>\n<p><strong>GLIEME\u017dTRANSPORTIERA MODELIS CST<br \/>\n<\/strong>\u0160is kompaktais, past\u0101v\u012bgais t\u012br\u012b\u0161anas glieme\u017etransportieris ar p\u0101rsegu, tie\u0161o reduktordzin\u0113ju, sl\u012bdgredzenu un progresiju ar staig\u0101jo\u0161\u0101m pl\u0101ksn\u0113m pieejams ar jaudu no 30 l\u012bdz 50 t\/h, un tas piem\u0113rots FP06 l\u012bdz FP18 mode\u013cu silosiem. <em>ATEX<\/em> standarts pieejams par papildu maksu. P\u0101rsegam un mont\u0101\u017eas r\u0101mim ir cinkota apdare.<\/p>\n<p><strong>GLIEME\u017dTRANSPORTIERA MODELIS CSTF<\/strong><br \/>\nPieejamas tr\u012bs atg\u016b\u0161anas alternat\u012bvas. Tie\u0161i pievienoto reduktordzin\u0113ju iesp\u0113jams uzst\u0101d\u012bt vai nu tvertn\u0113, vai par papildu samaksu galerij\u0101 zem tvertnes.<br \/>\n<em>CSTF<\/em> past\u0101v\u012bgajam t\u012br\u012b\u0161anas glieme\u017etransportierim ir kr\u0101sots p\u0101rsegs ar skr\u016bv\u0113jamiem atlokveida savienojumiem, tie\u0161s reduktordzin\u0113js, sl\u012bdgredzens un progresija ar staig\u0101jo\u0161\u0101m pl\u0101ksn\u0113m, tas ir pieejams ar jaudu no 30 l\u012bdz 50 t\/h un piem\u0113rots FP18 l\u012bdz FP26 mode\u013cu silosiem. <em>ATEX<\/em> standarts pieejams par papildu maksu. Mont\u0101\u017eas r\u0101mis ir cinkots.<\/p>\n<p><strong>GLIEME\u017dTRANSPORTIERA MODELIS CSTFR \/ CSTFRH<br \/>\n<\/strong>Piedzi\u0146as bloks ir uzst\u0101d\u012bts uz smaga kr\u0101sota centr\u0101l\u0101 atbalsta r\u0101mja, un tiek nodro\u0161in\u0101ta atbilst\u012bba <em>ATEX<\/em> specifik\u0101cij\u0101m. Smag\u0101kas konstrukcijas <em>CSTFR<\/em> t\u012br\u012b\u0161anas glieme\u017etransportiera jauda ir no 30 l\u012bdz 50 t\/h, un tas piem\u0113rots no FP20 l\u012bdz F26 mode\u013cu silosiem. Pieejami ar\u012b piedzi\u0146as bloki, kas atbilst <em>ATEX<\/em> standartam, ja tas nepiecie\u0161ams.\u00a0<em>CSTFRH<\/em> glieme\u017etransportieris ir \u012bpa\u0161i izstr\u0101d\u0101ts nelob\u012btiem r\u012bsiem, un taj\u0101 izmantots l\u012bdz\u012bgs piedzi\u0146as bloka izk\u0101rtojums un transportieris ar gumijas rite\u0146iem.<\/p>\n","protected":false},"excerpt":{"rendered":"<p><em>CST <\/em>glieme\u017etransportieru l\u012bnija izstr\u0101d\u0101ta, lai atbilstu pla\u0161am silosu diametru diapazonam un paredz\u0113ta past\u0101v\u012bgai uzst\u0101d\u012b\u0161anai silos\u0101. To var lietot ar br\u012bvi pl\u016bsto\u0161iem granul\u0113tiem materi\u0101liem. Pieejamas tr\u012bs atg\u016b\u0161anas alternat\u012bvas. Tie\u0161i pievienoto reduktordzin\u0113ju iesp\u0113jams uzst\u0101d\u012bt vai nu tvertn\u0113, vai par papildu samaksu galerij\u0101 zem tvertnes.<\/p>\n","protected":false},"featured_media":31926,"comment_status":"open","ping_status":"closed","template":"","meta":{"_acf_changed":false},"product_brand":[],"product_cat":[845,864,870,910,938],"product_tag":[904,890],"class_list":{"0":"post-31925","1":"product","2":"type-product","3":"status-publish","4":"has-post-thumbnail","6":"product_cat-all-products-lv","7":"product_cat-grain-lv","8":"product_cat-material-handling-lv","9":"product_cat-screw-auger-lv","10":"product_cat-sweep-conveyor-material-handling-ro-lv","11":"product_tag-storage-lv","12":"product_tag-transport-lv","13":"description-off","15":"first","16":"instock","17":"shipping-taxable","18":"product-type-simple"},"acf":[],"_links":{"self":[{"href":"https:\/\/www.tornum.com\/lv\/wp-json\/wp\/v2\/product\/31925","targetHints":{"allow":["GET"]}}],"collection":[{"href":"https:\/\/www.tornum.com\/lv\/wp-json\/wp\/v2\/product"}],"about":[{"href":"https:\/\/www.tornum.com\/lv\/wp-json\/wp\/v2\/types\/product"}],"replies":[{"embeddable":true,"href":"https:\/\/www.tornum.com\/lv\/wp-json\/wp\/v2\/comments?post=31925"}],"version-history":[{"count":1,"href":"https:\/\/www.tornum.com\/lv\/wp-json\/wp\/v2\/product\/31925\/revisions"}],"predecessor-version":[{"id":32004,"href":"https:\/\/www.tornum.com\/lv\/wp-json\/wp\/v2\/product\/31925\/revisions\/32004"}],"wp:featuredmedia":[{"embeddable":true,"href":"https:\/\/www.tornum.com\/lv\/wp-json\/wp\/v2\/media\/31926"}],"wp:attachment":[{"href":"https:\/\/www.tornum.com\/lv\/wp-json\/wp\/v2\/media?parent=31925"}],"wp:term":[{"taxonomy":"product_brand","embeddable":true,"href":"https:\/\/www.tornum.com\/lv\/wp-json\/wp\/v2\/product_brand?post=31925"},{"taxonomy":"product_cat","embeddable":true,"href":"https:\/\/www.tornum.com\/lv\/wp-json\/wp\/v2\/product_cat?post=31925"},{"taxonomy":"product_tag","embeddable":true,"href":"https:\/\/www.tornum.com\/lv\/wp-json\/wp\/v2\/product_tag?post=31925"}],"curies":[{"name":"wp","href":"https:\/\/api.w.org\/{rel}","templated":true}]}}