{"id":31927,"date":"2023-05-14T20:04:48","date_gmt":"2023-05-14T20:04:48","guid":{"rendered":"https:\/\/www.tornum.com\/product\/spirogyre-sweep-auger\/"},"modified":"2025-07-31T05:44:42","modified_gmt":"2025-07-31T05:44:42","slug":"spirogyre-gliemeztransportieris","status":"publish","type":"product","link":"https:\/\/www.tornum.com\/lv\/product\/spirogyre-gliemeztransportieris\/","title":{"rendered":"SPIROGYRE GLIEME\u017dTRANSPORTIERIS"},"content":{"rendered":"<p><strong><em>MORILLON SPIROGYRE<\/em><\/strong><strong> GLIEME\u017dTRANSPORTIERIS<\/strong><\/p>\n<p><em>Tornum Spirogyre<\/em> no <em>Morillon<\/em> ir iztur\u012bgs t\u012br\u012b\u0161anas glieme\u017etransportieris, kas atbilst r\u016bpniecisk\u0101s lieto\u0161anas pras\u012bb\u0101m. \u0160ie transportieri pieejami silosiem ar diametru no 5 l\u012bdz 35 metriem.<\/p>\n<p>Pieejami divi <em>Spirogyre<\/em> mode\u013ci: S veida ar aug\u0161\u0113jo glieme\u017ep\u0101rvada motoru un SCD veida ar motoru apak\u0161da\u013c\u0101 dro\u0161\u0101kam darbam un viegli veicamai apkopei.<\/p>\n<p>Kust\u012bba uz priek\u0161u silos\u0101 tiek pan\u0101kta, izmantojot p\u0101rvadu ar gumijotu ratu dro\u0161am darbam. <em>Spirogyre<\/em> glieme\u017etransportieri pieejami piecos izm\u0113ros ar jaudu 25\u2013300 t\/h.<\/p>\n","protected":false},"excerpt":{"rendered":"<p><em>Tornum Spirogyre<\/em> no <em>Morillon<\/em> ir iztur\u012bgs t\u012br\u012b\u0161anas glieme\u017etransportieris, kas atbilst r\u016bpniecisk\u0101s lieto\u0161anas pras\u012bb\u0101m. \u0160ie transportieri pieejami silosiem ar diametru no 5 l\u012bdz 35 metriem.<\/p>\n","protected":false},"featured_media":31929,"comment_status":"open","ping_status":"closed","template":"","meta":{"_acf_changed":false},"product_brand":[],"product_cat":[845,864,870,909,910,938],"product_tag":[904,890],"class_list":{"0":"post-31927","1":"product","2":"type-product","3":"status-publish","4":"has-post-thumbnail","6":"product_cat-all-products-lv","7":"product_cat-grain-lv","8":"product_cat-material-handling-lv","9":"product_cat-silo-discharge-lv","10":"product_cat-screw-auger-lv","11":"product_cat-sweep-conveyor-material-handling-ro-lv","12":"product_tag-storage-lv","13":"product_tag-transport-lv","14":"description-off","16":"first","17":"instock","18":"shipping-taxable","19":"product-type-simple"},"acf":[],"_links":{"self":[{"href":"https:\/\/www.tornum.com\/lv\/wp-json\/wp\/v2\/product\/31927","targetHints":{"allow":["GET"]}}],"collection":[{"href":"https:\/\/www.tornum.com\/lv\/wp-json\/wp\/v2\/product"}],"about":[{"href":"https:\/\/www.tornum.com\/lv\/wp-json\/wp\/v2\/types\/product"}],"replies":[{"embeddable":true,"href":"https:\/\/www.tornum.com\/lv\/wp-json\/wp\/v2\/comments?post=31927"}],"version-history":[{"count":2,"href":"https:\/\/www.tornum.com\/lv\/wp-json\/wp\/v2\/product\/31927\/revisions"}],"predecessor-version":[{"id":31994,"href":"https:\/\/www.tornum.com\/lv\/wp-json\/wp\/v2\/product\/31927\/revisions\/31994"}],"wp:featuredmedia":[{"embeddable":true,"href":"https:\/\/www.tornum.com\/lv\/wp-json\/wp\/v2\/media\/31929"}],"wp:attachment":[{"href":"https:\/\/www.tornum.com\/lv\/wp-json\/wp\/v2\/media?parent=31927"}],"wp:term":[{"taxonomy":"product_brand","embeddable":true,"href":"https:\/\/www.tornum.com\/lv\/wp-json\/wp\/v2\/product_brand?post=31927"},{"taxonomy":"product_cat","embeddable":true,"href":"https:\/\/www.tornum.com\/lv\/wp-json\/wp\/v2\/product_cat?post=31927"},{"taxonomy":"product_tag","embeddable":true,"href":"https:\/\/www.tornum.com\/lv\/wp-json\/wp\/v2\/product_tag?post=31927"}],"curies":[{"name":"wp","href":"https:\/\/api.w.org\/{rel}","templated":true}]}}