{"id":31932,"date":"2023-05-14T20:07:50","date_gmt":"2023-05-14T20:07:50","guid":{"rendered":"https:\/\/www.tornum.com\/product\/sweep-conveyor-ktis\/"},"modified":"2025-07-09T14:06:06","modified_gmt":"2025-07-09T14:06:06","slug":"gliemeztransportieri-ktis","status":"publish","type":"product","link":"https:\/\/www.tornum.com\/lv\/product\/gliemeztransportieri-ktis\/","title":{"rendered":"GLIEME\u017dTRANSPORTIERI KTIS"},"content":{"rendered":"<h3><em>SKANDIA<\/em> T\u012aR\u012a\u0160ANAS TRANSPORTIERIS <em>KTIS<\/em><\/h3>\n<p><em>KTIS<\/em> t\u012br\u012b\u0161anas transportieris transport\u0113 materi\u0101lu \u0101r\u0101 no silosa un uz transportiera apak\u0161da\u013cu. To var ekspluat\u0113t, neatkl\u0101jot, un tas ir apr\u012bkots ar slotu, kas noz\u012bm\u0113, ka silos\u0101 paliek tikai neliels daudzums graudu.<\/p>\n<p><em>KTIS<\/em> ir izgatavots no cinkota materi\u0101la saska\u0146\u0101 ar ES ma\u0161\u012bnu direkt\u012bv\u0101m. <em>KTIS<\/em> ir klasific\u0113ts k\u0101 II kategorijas 0D \/ OD transportieris un ir piem\u0113rots granul\u0113tu un pulveriz\u0113tu materi\u0101lu apstr\u0101dei, kas nav klasific\u0113ti.<\/p>\n<p><em>KTIS<\/em> t\u012br\u012b\u0161anas transportieris ir paredz\u0113ts graudu iztuk\u0161o\u0161anai no silosa uz <em>Skandia<\/em> apak\u0161\u0113jo konveijeru. Apr\u0113\u0137in\u0101t\u0101 jauda ir balst\u012bta uz graudiem ar 15% mitruma saturu un 750 kg\/m\u00b3 bl\u012bvumu. Jauda tiks ietekm\u0113ta ar t\u0101du pa\u0161u procentu\u0101lo da\u013cu, k\u0101 main\u0101s transmisijas apgriezienu skaits. Ma\u0161\u012bnas piesl\u0113g\u0161ana notiek, izmantojot kabeli ar kontaktdak\u0161u. Sl\u012bdgredzens ir pieejams k\u0101 papildapr\u012bkojums par papildu samaksu.<\/p>\n<p>&nbsp;<\/p>\n","protected":false},"excerpt":{"rendered":"<p><em>KTIS<\/em> t\u012br\u012b\u0161anas transportieris transport\u0113 materi\u0101lu \u0101r\u0101 no silosa un uz transportiera apak\u0161da\u013cu. To var ekspluat\u0113t, neatkl\u0101jot, un tas ir apr\u012bkots ar slotu, kas noz\u012bm\u0113, ka silos\u0101 paliek tikai neliels daudzums graudu.<\/p>\n","protected":false},"featured_media":31935,"comment_status":"open","ping_status":"closed","template":"","meta":{"_acf_changed":false},"product_brand":[],"product_cat":[845,864,870,927,909,938],"product_tag":[904,890],"class_list":{"0":"post-31932","1":"product","2":"type-product","3":"status-publish","4":"has-post-thumbnail","6":"product_cat-all-products-lv","7":"product_cat-grain-lv","8":"product_cat-material-handling-lv","9":"product_cat-conveyors-lv","10":"product_cat-silo-discharge-lv","11":"product_cat-sweep-conveyor-material-handling-ro-lv","12":"product_tag-storage-lv","13":"product_tag-transport-lv","14":"description-off","16":"first","17":"instock","18":"shipping-taxable","19":"product-type-simple"},"acf":[],"_links":{"self":[{"href":"https:\/\/www.tornum.com\/lv\/wp-json\/wp\/v2\/product\/31932","targetHints":{"allow":["GET"]}}],"collection":[{"href":"https:\/\/www.tornum.com\/lv\/wp-json\/wp\/v2\/product"}],"about":[{"href":"https:\/\/www.tornum.com\/lv\/wp-json\/wp\/v2\/types\/product"}],"replies":[{"embeddable":true,"href":"https:\/\/www.tornum.com\/lv\/wp-json\/wp\/v2\/comments?post=31932"}],"version-history":[{"count":2,"href":"https:\/\/www.tornum.com\/lv\/wp-json\/wp\/v2\/product\/31932\/revisions"}],"predecessor-version":[{"id":32014,"href":"https:\/\/www.tornum.com\/lv\/wp-json\/wp\/v2\/product\/31932\/revisions\/32014"}],"wp:featuredmedia":[{"embeddable":true,"href":"https:\/\/www.tornum.com\/lv\/wp-json\/wp\/v2\/media\/31935"}],"wp:attachment":[{"href":"https:\/\/www.tornum.com\/lv\/wp-json\/wp\/v2\/media?parent=31932"}],"wp:term":[{"taxonomy":"product_brand","embeddable":true,"href":"https:\/\/www.tornum.com\/lv\/wp-json\/wp\/v2\/product_brand?post=31932"},{"taxonomy":"product_cat","embeddable":true,"href":"https:\/\/www.tornum.com\/lv\/wp-json\/wp\/v2\/product_cat?post=31932"},{"taxonomy":"product_tag","embeddable":true,"href":"https:\/\/www.tornum.com\/lv\/wp-json\/wp\/v2\/product_tag?post=31932"}],"curies":[{"name":"wp","href":"https:\/\/api.w.org\/{rel}","templated":true}]}}