{"id":31933,"date":"2023-05-14T20:09:44","date_gmt":"2023-05-14T20:09:44","guid":{"rendered":"https:\/\/www.tornum.com\/product\/sweep-out\/"},"modified":"2024-05-17T13:57:57","modified_gmt":"2024-05-17T13:57:57","slug":"tirisanas-gliemeztransportieris","status":"publish","type":"product","link":"https:\/\/www.tornum.com\/lv\/product\/tirisanas-gliemeztransportieris\/","title":{"rendered":"T\u012aR\u012a\u0160ANAS GLIEME\u017dTRANSPORTIERIS"},"content":{"rendered":"<h3>T\u012aR\u012a\u0160ANAS GLIEME\u017dTRANSPORTIERIS<\/h3>\n<p><em>Sweep Out <\/em>ir p\u0101rn\u0113s\u0101jams t\u012br\u012b\u0161anas glieme\u017etransportieris graudu uzglab\u0101\u0161anas silosu gal\u012bgai izkrau\u0161anai. Glieme\u017etransportieris ra\u017eots Zviedrij\u0101, un tam ir iztur\u012bga konstrukcija, kas lieliski piem\u0113rota paredz\u0113tajam m\u0113r\u0137im. Dizains ir lietot\u0101jam draudz\u012bgs, un glieme\u017etransportieris apr\u012bkots ar rokturi, kas atvieglo t\u0101 p\u0101rne\u0161anu starp tvertn\u0113m. Maksim\u0101l\u0101 jauda ir 25 t\/h.<\/p>\n<p><strong>UZB\u016aVE UN FUNKCIJAS<\/strong><br \/>\n\u2022 Darbin\u0101ms ar tie\u0161i uzst\u0101d\u012btu reduktordzin\u0113ju (nav nepiecie\u0161ama apkope un nov\u0113r\u0161 uguns risku)<br \/>\n\u2022 Pieejami silosiem diametr\u0101 no 4 l\u012bdz 15 metriem, un izm\u0113rus iesp\u0113jams piel\u0101got, lai tie der\u0113tu visiem apa\u013co silosu mode\u013ciem<\/p>\n","protected":false},"excerpt":{"rendered":"<p><em>Sweep Out <\/em>ir p\u0101rn\u0113s\u0101jams t\u012br\u012b\u0161anas glieme\u017etransportieris graudu uzglab\u0101\u0161anas silosu gal\u012bgai izkrau\u0161anai. Glieme\u017etransportieris ra\u017eots Zviedrij\u0101, un tam ir iztur\u012bga konstrukcija, kas lieliski piem\u0113rota paredz\u0113tajam m\u0113r\u0137im. Dizains ir lietot\u0101jam draudz\u012bgs, un glieme\u017etransportieris apr\u012bkots ar rokturi, kas atvieglo t\u0101 p\u0101rne\u0161anu starp tvertn\u0113m. Maksim\u0101l\u0101 jauda ir 25 t\/h.<\/p>\n","protected":false},"featured_media":31934,"comment_status":"open","ping_status":"closed","template":"","meta":{"_acf_changed":false},"product_brand":[],"product_cat":[845,864,870,909,910,938],"product_tag":[904,890],"class_list":{"0":"post-31933","1":"product","2":"type-product","3":"status-publish","4":"has-post-thumbnail","6":"product_cat-all-products-lv","7":"product_cat-grain-lv","8":"product_cat-material-handling-lv","9":"product_cat-silo-discharge-lv","10":"product_cat-screw-auger-lv","11":"product_cat-sweep-conveyor-material-handling-ro-lv","12":"product_tag-storage-lv","13":"product_tag-transport-lv","14":"description-off","16":"first","17":"instock","18":"shipping-taxable","19":"product-type-simple"},"acf":[],"_links":{"self":[{"href":"https:\/\/www.tornum.com\/lv\/wp-json\/wp\/v2\/product\/31933","targetHints":{"allow":["GET"]}}],"collection":[{"href":"https:\/\/www.tornum.com\/lv\/wp-json\/wp\/v2\/product"}],"about":[{"href":"https:\/\/www.tornum.com\/lv\/wp-json\/wp\/v2\/types\/product"}],"replies":[{"embeddable":true,"href":"https:\/\/www.tornum.com\/lv\/wp-json\/wp\/v2\/comments?post=31933"}],"version-history":[{"count":2,"href":"https:\/\/www.tornum.com\/lv\/wp-json\/wp\/v2\/product\/31933\/revisions"}],"predecessor-version":[{"id":32018,"href":"https:\/\/www.tornum.com\/lv\/wp-json\/wp\/v2\/product\/31933\/revisions\/32018"}],"wp:featuredmedia":[{"embeddable":true,"href":"https:\/\/www.tornum.com\/lv\/wp-json\/wp\/v2\/media\/31934"}],"wp:attachment":[{"href":"https:\/\/www.tornum.com\/lv\/wp-json\/wp\/v2\/media?parent=31933"}],"wp:term":[{"taxonomy":"product_brand","embeddable":true,"href":"https:\/\/www.tornum.com\/lv\/wp-json\/wp\/v2\/product_brand?post=31933"},{"taxonomy":"product_cat","embeddable":true,"href":"https:\/\/www.tornum.com\/lv\/wp-json\/wp\/v2\/product_cat?post=31933"},{"taxonomy":"product_tag","embeddable":true,"href":"https:\/\/www.tornum.com\/lv\/wp-json\/wp\/v2\/product_tag?post=31933"}],"curies":[{"name":"wp","href":"https:\/\/api.w.org\/{rel}","templated":true}]}}