{"id":31936,"date":"2023-05-14T20:14:44","date_gmt":"2023-05-14T20:14:44","guid":{"rendered":"https:\/\/www.tornum.com\/product\/sweep-out-permanent\/"},"modified":"2024-05-17T13:59:15","modified_gmt":"2024-05-17T13:59:15","slug":"pastavigs-gliemeztransportieris","status":"publish","type":"product","link":"https:\/\/www.tornum.com\/lv\/product\/pastavigs-gliemeztransportieris\/","title":{"rendered":"PAST\u0100V\u012aGS GLIEME\u017dTRANSPORTIERIS"},"content":{"rendered":"<div class=\"wpb-content-wrapper\"><p>[vc_row][vc_column width=&#8221;2\/3&#8243;][vc_column_text]<\/p>\n<h3><strong><em>TORNUM<\/em><\/strong><strong> PAST\u0100V\u012aGS T\u012aR\u012a\u0160ANAS GLIEME\u017dTRANSPORTIERIS<\/strong><\/h3>\n<p>\u0160\u012b ir <em>Tornum<\/em> t\u012br\u012b\u0161anas glieme\u017etransportieris past\u0101v\u012bgai uzst\u0101d\u012b\u0161anai silos\u0101. \u0160is glieme\u017etransportieris sast\u0101v no piedzi\u0146as bloka, papla\u0161in\u0101jumiem standarta garum\u0101 un aizb\u012bd\u0146a ar \u0137\u0113des p\u0101rvadu un piedzi\u0146as riteni. T\u012br\u012b\u0161anas glieme\u017etransportieris pieejams da\u017e\u0101dos standarta garumos, bet pieejami ar\u012b piel\u0101gojami garumi l\u012bdz pat 9,7 metriem.<\/p>\n<p>Maksim\u0101l\u0101 jauda: 60 tonnas\/h[\/vc_column_text][\/vc_column][vc_column width=&#8221;1\/3&#8243;][vc_column_text]<strong>Funkcijas<\/strong><br \/>\n\u2022 Glieme\u017ep\u0101rvada reduktordzin\u0113js<br \/>\n\u2022 Pulverkr\u0101sotas met\u0101la lok\u0161\u0146u s\u0101nu malas<br \/>\n\u2022 S\u0101nu garums ir main\u0101ms par \u00b1100\u00a0mm<\/p>\n<p>[\/vc_column_text][\/vc_column][\/vc_row]<\/p>\n<\/div>","protected":false},"excerpt":{"rendered":"<p>\u0160\u012b ir <em>Tornum<\/em> t\u012br\u012b\u0161anas glieme\u017etransportieris, kas paredz\u0113ts past\u0101v\u012bgai uzst\u0101d\u012b\u0161anai silos\u0101 un tiek ra\u017eots k\u0101 elast\u012bga<br \/>\nmodu\u013cu sist\u0113ma, kuru var piel\u0101got atbilsto\u0161i silosa.<\/p>\n","protected":false},"featured_media":31943,"comment_status":"open","ping_status":"closed","template":"","meta":{"_acf_changed":false},"product_brand":[],"product_cat":[845,864,870,909,910,938],"product_tag":[904,890],"class_list":{"0":"post-31936","1":"product","2":"type-product","3":"status-publish","4":"has-post-thumbnail","6":"product_cat-all-products-lv","7":"product_cat-grain-lv","8":"product_cat-material-handling-lv","9":"product_cat-silo-discharge-lv","10":"product_cat-screw-auger-lv","11":"product_cat-sweep-conveyor-material-handling-ro-lv","12":"product_tag-storage-lv","13":"product_tag-transport-lv","14":"description-off","16":"first","17":"instock","18":"shipping-taxable","19":"product-type-simple"},"acf":[],"_links":{"self":[{"href":"https:\/\/www.tornum.com\/lv\/wp-json\/wp\/v2\/product\/31936","targetHints":{"allow":["GET"]}}],"collection":[{"href":"https:\/\/www.tornum.com\/lv\/wp-json\/wp\/v2\/product"}],"about":[{"href":"https:\/\/www.tornum.com\/lv\/wp-json\/wp\/v2\/types\/product"}],"replies":[{"embeddable":true,"href":"https:\/\/www.tornum.com\/lv\/wp-json\/wp\/v2\/comments?post=31936"}],"version-history":[{"count":2,"href":"https:\/\/www.tornum.com\/lv\/wp-json\/wp\/v2\/product\/31936\/revisions"}],"predecessor-version":[{"id":32022,"href":"https:\/\/www.tornum.com\/lv\/wp-json\/wp\/v2\/product\/31936\/revisions\/32022"}],"wp:featuredmedia":[{"embeddable":true,"href":"https:\/\/www.tornum.com\/lv\/wp-json\/wp\/v2\/media\/31943"}],"wp:attachment":[{"href":"https:\/\/www.tornum.com\/lv\/wp-json\/wp\/v2\/media?parent=31936"}],"wp:term":[{"taxonomy":"product_brand","embeddable":true,"href":"https:\/\/www.tornum.com\/lv\/wp-json\/wp\/v2\/product_brand?post=31936"},{"taxonomy":"product_cat","embeddable":true,"href":"https:\/\/www.tornum.com\/lv\/wp-json\/wp\/v2\/product_cat?post=31936"},{"taxonomy":"product_tag","embeddable":true,"href":"https:\/\/www.tornum.com\/lv\/wp-json\/wp\/v2\/product_tag?post=31936"}],"curies":[{"name":"wp","href":"https:\/\/api.w.org\/{rel}","templated":true}]}}