{"id":31937,"date":"2023-05-17T13:17:49","date_gmt":"2023-05-17T13:17:49","guid":{"rendered":"https:\/\/www.tornum.com\/product\/tecflam-gas-burner\/"},"modified":"2025-07-31T06:02:14","modified_gmt":"2025-07-31T06:02:14","slug":"tecflam-gazes-deglis","status":"publish","type":"product","link":"https:\/\/www.tornum.com\/lv\/product\/tecflam-gazes-deglis\/","title":{"rendered":"TECFLAM \u2013 G\u0100ZES DEGLIS"},"content":{"rendered":"<p>Izmantojot \u0161o sadedzin\u0101\u0161anas veidu, \u017e\u0101v\u0113\u0161anas procesa gaiss, ko \u0123ener\u0113 \u017e\u0101v\u0113t\u0101ju ventilatori, sadeg\u0161anas gaiss, ko \u0123ener\u0113<br \/>\ndeg\u013cu ventilatori un deg\u0161anas d\u016bmi sajaucas kop\u0101, veidojot gaisu, kas nepiecie\u0161ams produkta \u017e\u0101v\u0113\u0161anai, t\u0101d\u0113j\u0101di samazinot ener\u0123ijas pat\u0113ri\u0146u. Siltuma jauda no 814 kW l\u012bdz 16280 kW.<\/p>\n","protected":false},"excerpt":{"rendered":"<p><em>TORNUM<\/em> pied\u0101v\u0101 g\u0101zes deg\u013cus LPG vai dabasg\u0101zei, lai nodro\u0161in\u0101tu vertik\u0101las graudu kaltes darbin\u0101\u0161anu. Produktu kl\u0101sts ietver da\u017e\u0101du veidu deg\u013cus ar g\u0101zesvadu vai line\u0101rus deg\u013cus atkar\u012bb\u0101 no uzst\u0101d\u0101m\u0101s sist\u0113mas.<\/p>\n<p>Tie\u0161i apsild\u0101ma graudu kalte ar g\u0101zes degli pat\u0113r\u0113 maz\u0101k ener\u0123ijas, sal\u012bdzinot ar netie\u0161i apsild\u0101mo, piem\u0113ram, ar naftas degvielu darbin\u0101mu kr\u0101sni.<\/p>\n","protected":false},"featured_media":31939,"comment_status":"open","ping_status":"closed","template":"","meta":{"_acf_changed":false},"product_brand":[],"product_cat":[845,846,865],"product_tag":[866,867],"class_list":{"0":"post-31937","1":"product","2":"type-product","3":"status-publish","4":"has-post-thumbnail","6":"product_cat-all-products-lv","7":"product_cat-conditioning-lv","8":"product_cat-heat-sources-lv","9":"product_tag-burner-lv","10":"product_tag-dryer-lv","11":"description-off","13":"first","14":"instock","15":"shipping-taxable","16":"product-type-simple"},"acf":[],"_links":{"self":[{"href":"https:\/\/www.tornum.com\/lv\/wp-json\/wp\/v2\/product\/31937","targetHints":{"allow":["GET"]}}],"collection":[{"href":"https:\/\/www.tornum.com\/lv\/wp-json\/wp\/v2\/product"}],"about":[{"href":"https:\/\/www.tornum.com\/lv\/wp-json\/wp\/v2\/types\/product"}],"replies":[{"embeddable":true,"href":"https:\/\/www.tornum.com\/lv\/wp-json\/wp\/v2\/comments?post=31937"}],"version-history":[{"count":2,"href":"https:\/\/www.tornum.com\/lv\/wp-json\/wp\/v2\/product\/31937\/revisions"}],"predecessor-version":[{"id":32029,"href":"https:\/\/www.tornum.com\/lv\/wp-json\/wp\/v2\/product\/31937\/revisions\/32029"}],"wp:featuredmedia":[{"embeddable":true,"href":"https:\/\/www.tornum.com\/lv\/wp-json\/wp\/v2\/media\/31939"}],"wp:attachment":[{"href":"https:\/\/www.tornum.com\/lv\/wp-json\/wp\/v2\/media?parent=31937"}],"wp:term":[{"taxonomy":"product_brand","embeddable":true,"href":"https:\/\/www.tornum.com\/lv\/wp-json\/wp\/v2\/product_brand?post=31937"},{"taxonomy":"product_cat","embeddable":true,"href":"https:\/\/www.tornum.com\/lv\/wp-json\/wp\/v2\/product_cat?post=31937"},{"taxonomy":"product_tag","embeddable":true,"href":"https:\/\/www.tornum.com\/lv\/wp-json\/wp\/v2\/product_tag?post=31937"}],"curies":[{"name":"wp","href":"https:\/\/api.w.org\/{rel}","templated":true}]}}