{"id":31938,"date":"2023-05-14T21:03:59","date_gmt":"2023-05-14T21:03:59","guid":{"rendered":"https:\/\/www.tornum.com\/product\/temperature-monitoring\/"},"modified":"2025-07-31T06:09:18","modified_gmt":"2025-07-31T06:09:18","slug":"temperaturas-uzraudziba","status":"publish","type":"product","link":"https:\/\/www.tornum.com\/lv\/product\/temperaturas-uzraudziba\/","title":{"rendered":"TEMPERAT\u016aRAS UZRAUDZ\u012aBA"},"content":{"rendered":"<div class=\"wpb-content-wrapper\"><p>[vc_row][vc_column width=&#8221;2\/3&#8243;][vc_column_text]<\/p>\n<p>Tornum uzglab\u0101\u0161anas silosu temperat\u016bras uzraudz\u012bbas sist\u0113ma \u013cauj r\u016bp\u012bg\u0101k kontrol\u0113t graudu kvalit\u0101ti glab\u0101\u0161anas laik\u0101. M\u0113r\u012b\u0161anas kabe\u013ci sast\u0101v no iztur\u012bg\u0101m, pastiprin\u0101tas plastmasas caurul\u0113m ar vair\u0101kiem sensoriem. Tornum nodro\u0161ina divu veidu temperat\u016bras m\u0113r\u012b\u0161anas un uzraudz\u012bbas sist\u0113mas: ar akumulatoru darbin\u0101mu rokas instrumentu, ko iesp\u0113jams p\u0101rvietot starp kabe\u013ciem, vai ar datoru darbin\u0101mu sist\u0113mu ar past\u0101v\u012bgu temperat\u016bras uzraudz\u012bbu, trauksmes l\u012bmeni un temperat\u016bras v\u0113sturi graudu uzglab\u0101\u0161anas tvertn\u0113.<\/p>\n<p>T\u0101pat m\u0113s pied\u0101v\u0101jam m\u0113r\u012b\u0161anas zondes lieto\u0161anai ar rokas instrumentu.<\/p>\n<p>Pieejama bezvadu datu p\u0101rs\u016bt\u012b\u0161ana un piek\u013cuve internetam.<\/p>\n<p>[\/vc_column_text][\/vc_column][vc_column width=&#8221;1\/3&#8243;][vc_column_text]PRIEK\u0160ROC\u012aBAS<br \/>\n\u2022 Grafikos un tabul\u0101s tiek par\u0101d\u012bta pilna v\u0113sturisk\u0101 inform\u0101cija<br \/>\n\u2022 Br\u012bdin\u0101jumi par temperat\u016bras izmai\u0146u tendenci un faktisko temperat\u016bru<br \/>\n\u2022 Aer\u0101cijas kontrole<br \/>\n\u2022 L\u012bme\u0146a kontrole<br \/>\n\u2022 Pieejama bezvadu datu p\u0101rs\u016bt\u012b\u0161ana<br \/>\n\u2022 Uzticama un lietot\u0101jam draudz\u012bga sist\u0113ma<br \/>\n\u2022 Viegli uzst\u0101d\u0101ma<br \/>\n\u2022 P\u0113c piepras\u012bjuma iesp\u0113jams nodro\u0161in\u0101t jebkuru saskarnes valodu<br \/>\n\u2022 Sensora kabe\u013ci apstiprin\u0101ti atbilsto\u0161i ATEX noteiktaj\u0101m 20., 21. un 22. zon\u0101m.<br \/>\n[\/vc_column_text][\/vc_column][\/vc_row]<\/p>\n<\/div>","protected":false},"excerpt":{"rendered":"<p><em>Tornum<\/em> uzglab\u0101\u0161anas silosu temperat\u016bras uzraudz\u012bbas sist\u0113ma \u013cauj r\u016bp\u012bg\u0101k kontrol\u0113t graudu kvalit\u0101ti glab\u0101\u0161anas laik\u0101.<\/p>\n","protected":false},"featured_media":31949,"comment_status":"open","ping_status":"closed","template":"","meta":{"_acf_changed":false},"product_brand":[],"product_cat":[845,880,863,864,874,939],"product_tag":[877,878,879],"class_list":{"0":"post-31938","1":"product","2":"type-product","3":"status-publish","4":"has-post-thumbnail","6":"product_cat-all-products-lv","7":"product_cat-feed-lv","8":"product_cat-food-2-lv","9":"product_cat-grain-lv","10":"product_cat-grain-management-lv","11":"product_cat-temperature-monitoring-lv","12":"product_tag-monitoring-lv","13":"product_tag-pc-lv","14":"product_tag-plc-lv","15":"description-off","17":"first","18":"instock","19":"shipping-taxable","20":"product-type-simple"},"acf":[],"_links":{"self":[{"href":"https:\/\/www.tornum.com\/lv\/wp-json\/wp\/v2\/product\/31938","targetHints":{"allow":["GET"]}}],"collection":[{"href":"https:\/\/www.tornum.com\/lv\/wp-json\/wp\/v2\/product"}],"about":[{"href":"https:\/\/www.tornum.com\/lv\/wp-json\/wp\/v2\/types\/product"}],"replies":[{"embeddable":true,"href":"https:\/\/www.tornum.com\/lv\/wp-json\/wp\/v2\/comments?post=31938"}],"version-history":[{"count":2,"href":"https:\/\/www.tornum.com\/lv\/wp-json\/wp\/v2\/product\/31938\/revisions"}],"predecessor-version":[{"id":32033,"href":"https:\/\/www.tornum.com\/lv\/wp-json\/wp\/v2\/product\/31938\/revisions\/32033"}],"wp:featuredmedia":[{"embeddable":true,"href":"https:\/\/www.tornum.com\/lv\/wp-json\/wp\/v2\/media\/31949"}],"wp:attachment":[{"href":"https:\/\/www.tornum.com\/lv\/wp-json\/wp\/v2\/media?parent=31938"}],"wp:term":[{"taxonomy":"product_brand","embeddable":true,"href":"https:\/\/www.tornum.com\/lv\/wp-json\/wp\/v2\/product_brand?post=31938"},{"taxonomy":"product_cat","embeddable":true,"href":"https:\/\/www.tornum.com\/lv\/wp-json\/wp\/v2\/product_cat?post=31938"},{"taxonomy":"product_tag","embeddable":true,"href":"https:\/\/www.tornum.com\/lv\/wp-json\/wp\/v2\/product_tag?post=31938"}],"curies":[{"name":"wp","href":"https:\/\/api.w.org\/{rel}","templated":true}]}}