{"id":31950,"date":"2023-04-03T11:47:47","date_gmt":"2023-04-03T11:47:47","guid":{"rendered":"https:\/\/www.tornum.com\/product\/tornum-conditioning-laterals\/"},"modified":"2025-08-01T08:16:52","modified_gmt":"2025-08-01T08:16:52","slug":"tornum-kondicionesanas-aprikojums","status":"publish","type":"product","link":"https:\/\/www.tornum.com\/lv\/product\/tornum-kondicionesanas-aprikojums\/","title":{"rendered":"TORNUM KONDICION\u0112\u0160ANAS APR\u012aKOJUMS"},"content":{"rendered":"<div class=\"wpb-content-wrapper\"><p>[vc_row gap=&#8221;35&#8243;][vc_column width=&#8221;2\/3&#8243;][vc_column_text]<em>Tornum<\/em> kondicion\u0113\u0161anas apr\u012bkojums nodro\u0161ina graudu kondicion\u0113\u0161anu silosos. Gaiss piepl\u016bst caur \u00d8 200\u00a0mm cauru\u013cvadu. Kondicion\u0113\u0161anas apr\u012bkojumu iesp\u0113jams izmantot ar liel\u0101ko da\u013cu silosu.[\/vc_column_text][\/vc_column][vc_column width=&#8221;1\/3&#8243;][\/vc_column][\/vc_row]<\/p>\n<\/div>","protected":false},"excerpt":{"rendered":"<p><em>Tornum<\/em> kondicion\u0113\u0161anas apr\u012bkojums nodro\u0161ina graudu kondicion\u0113\u0161anu silosos. Gaiss piepl\u016bst caur \u00d8 200\u00a0mm cauru\u013cvadu. Kondicion\u0113\u0161anas apr\u012bkojumu iesp\u0113jams izmantot ar liel\u0101ko da\u013cu silosu.<\/p>\n","protected":false},"featured_media":31953,"comment_status":"open","ping_status":"closed","template":"","meta":{"_acf_changed":false},"product_brand":[],"product_cat":[845,863,864,846,940],"product_tag":[872,941,908],"class_list":{"0":"post-31950","1":"product","2":"type-product","3":"status-publish","4":"has-post-thumbnail","6":"product_cat-all-products-lv","7":"product_cat-food-2-lv","8":"product_cat-grain-lv","9":"product_cat-conditioning-lv","10":"product_cat-conditioning-laterals-lv","11":"product_tag-conditioning-lv","12":"product_tag-hopper-silo-lv","13":"product_tag-radial-fan-lv","14":"pa_products-type-grain-lv","15":"description-off","17":"first","18":"instock","19":"shipping-taxable","20":"product-type-simple"},"acf":[],"_links":{"self":[{"href":"https:\/\/www.tornum.com\/lv\/wp-json\/wp\/v2\/product\/31950","targetHints":{"allow":["GET"]}}],"collection":[{"href":"https:\/\/www.tornum.com\/lv\/wp-json\/wp\/v2\/product"}],"about":[{"href":"https:\/\/www.tornum.com\/lv\/wp-json\/wp\/v2\/types\/product"}],"replies":[{"embeddable":true,"href":"https:\/\/www.tornum.com\/lv\/wp-json\/wp\/v2\/comments?post=31950"}],"version-history":[{"count":3,"href":"https:\/\/www.tornum.com\/lv\/wp-json\/wp\/v2\/product\/31950\/revisions"}],"predecessor-version":[{"id":51176,"href":"https:\/\/www.tornum.com\/lv\/wp-json\/wp\/v2\/product\/31950\/revisions\/51176"}],"wp:featuredmedia":[{"embeddable":true,"href":"https:\/\/www.tornum.com\/lv\/wp-json\/wp\/v2\/media\/31953"}],"wp:attachment":[{"href":"https:\/\/www.tornum.com\/lv\/wp-json\/wp\/v2\/media?parent=31950"}],"wp:term":[{"taxonomy":"product_brand","embeddable":true,"href":"https:\/\/www.tornum.com\/lv\/wp-json\/wp\/v2\/product_brand?post=31950"},{"taxonomy":"product_cat","embeddable":true,"href":"https:\/\/www.tornum.com\/lv\/wp-json\/wp\/v2\/product_cat?post=31950"},{"taxonomy":"product_tag","embeddable":true,"href":"https:\/\/www.tornum.com\/lv\/wp-json\/wp\/v2\/product_tag?post=31950"}],"curies":[{"name":"wp","href":"https:\/\/api.w.org\/{rel}","templated":true}]}}