{"id":31952,"date":"2023-01-29T22:13:08","date_gmt":"2023-01-29T22:13:08","guid":{"rendered":"https:\/\/www.tornum.com\/product\/tf-dryer\/"},"modified":"2025-07-31T06:15:12","modified_gmt":"2025-07-31T06:15:12","slug":"tf-kalte","status":"publish","type":"product","link":"https:\/\/www.tornum.com\/lv\/product\/tf-kalte\/","title":{"rendered":"TF KALTE"},"content":{"rendered":"<div class=\"wpb-content-wrapper\"><p>[vc_row][vc_column][vc_column_text]<strong>\u0100tra p\u0101reja no atsevi\u0161\u0137u porciju kalt\u0113\u0161anas uz caurpl\u016bdes kalt\u0113\u0161anu<\/strong><\/p>\n<p><em>Tornum TF<\/em> ir viegli piel\u0101gojama graudu kalte, kas \u013cauj \u0113rti piel\u0101goties graudu veidam un daudzumam, nezaud\u0113jot kvalit\u0101ti.<br \/>\n<em>TF<\/em> mode\u013ca graudu kalte sev\u012b apvieno divu da\u017e\u0101das graudu kaltes. Atkar\u012bb\u0101 no vajadz\u012bbas varat izv\u0113l\u0113ties caurpl\u016bdes vai porciju kalt\u0113\u0161anas re\u017e\u012bmu.<\/p>\n<p><em>Tornum<\/em> graudu kalte <em>TF<\/em> darbojas ar karst\u0101 gaisa zemu spiedienu. Viss kalt\u0113\u0161anai nepiecie\u0161amais gaiss tiek s\u016bkts caur kalti ar ventilatora pal\u012bdz\u012bbu,<br \/>\nkura izm\u0113rs ir piel\u0101gots kaltes un siltuma avota izm\u0113riem.<br \/>\nZema spiediena graudu kaltes rada iev\u0113rojami maz\u0101ku putek\u013cu daudzumu nek\u0101 t\u0101 d\u0113v\u0113t\u0101s augsta spiediena kaltes, tas \u013cauj nov\u0113rst kondens\u0101cijas risku graudu zon\u0101, cauru\u013cvados un elevatoros.<\/p>\n<p>Uzs\u0101kot caurpl\u016bdes kalt\u0113\u0161anas procesu, vienm\u0113r ir \u201cs\u0101kuma posms\u201d, pirms kalte s\u0101k darboties neatkar\u012bgi. Caurpl\u016bdes kalt\u0113\u0161anas priek\u0161roc\u012bbas palielin\u0101s proporcion\u0101li kalt\u0113jamo graudu kopapjomam.<br \/>\n<strong>Caurpl\u016bdes kalt\u0113\u0161anas re\u017e\u012bm\u0101 <\/strong>kaltes darb\u012bbu varat kontrol\u0113t, izmantojot <em>Tornum IDC<\/em> sist\u0113mu, kas \u013cauj noteikt ien\u0101ko\u0161o un izejo\u0161o graudu mitruma saturu.<\/p>\n<p>Ja kalt\u0113jamais graudu apjoms ir maz\u0101ks vai graudi ir ilg\u0101ku laiku j\u0101kalt\u0113 zem\u0101 temperat\u016br\u0101, izv\u0113lieties porciju kalt\u0113\u0161anas re\u017e\u012bmu.<br \/>\n<strong>Porciju kalt\u0113\u0161anas re\u017e\u012bm\u0101<\/strong> kaltes darb\u012bba tiek kontrol\u0113ta, pamatojoties uz graudu svaru, kalt\u0113\u0161anas laiku vai temperat\u016bru atkar\u012bb\u0101 no t\u0101, kur\u0161 no \u0161iem faktoriem konkr\u0113taj\u0101 situ\u0101cij\u0101 ir piem\u0113rot\u0101ks.<\/p>\n<p>\u2013 Graudu kalti T<em>ornum TF <\/em>var viegli p\u0101rsl\u0113gt no caurpl\u016bdes kalt\u0113\u0161anas re\u017e\u012bma uz porciju kalt\u0113\u0161anas re\u017e\u012bmu, piem\u0113ram, izmantojot motoriz\u0113tus aizb\u012bd\u0146us, kuru darb\u012bbu ir iesp\u0113jams kontrol\u0113t ar <em>Tornum<\/em> vad\u012bbas sist\u0113mu. Tas noz\u012bm\u0113, ka p\u0113c caurpl\u016bdes kalt\u0113\u0161anas procesa beig\u0101m graudu kalti var nekav\u0113joties sagatavot jaunam kalt\u0113\u0161anas procesam.<br \/>\n\u2013 <em>Tornum TF<\/em> graudu kalti ir iesp\u0113jams iztuk\u0161ot l\u012bdz p\u0113d\u0113jam graudam, jo t\u0101s iek\u0161\u0113j\u0101s glud\u0101s virsmas ne\u013cauj apstr\u0101d\u0101jamajam materi\u0101lam aiz\u0137erties vai pielipt. Tas noz\u012bm\u0113, ka kalti ir viegl\u0101k izt\u012br\u012bt un atbr\u012bvot no iepriek\u0161 apstr\u0101d\u0101t\u0101 materi\u0101la atliek\u0101m, pirms uzs\u0101kt citu graudu kult\u016bru kalt\u0113\u0161anu.<br \/>\n\u2013 P\u0113c vajadz\u012bbas, viet\u0101s kur ir paaugstin\u0101tas pras\u012bbas pret apk\u0101rt\u0113jo vidi, ja nepiecie\u0161ams graudu kalti <em>TF<\/em> var apr\u012bkot ar atbilsto\u0161u ventilatoru, piem\u0113ram, aksi\u0101lo ventilatoru vai ventilatoru ar putek\u013cu atdal\u012b\u0161anu \u2013 CAC vai EDS tipa ventilatoriem. Visas alternat\u012bvas var apr\u012bkot ar trok\u0161\u0146a sl\u0101p\u0113t\u0101jiem.<br \/>\n\u2013 Caurpl\u016bdes kalt\u0113\u0161anas re\u017e\u012bm\u0101 graudu kaltes <em>TF <\/em>darb\u012bbu var vad\u012bt, izmantojot <em>Tornum IDC<\/em> sist\u0113mu*, bet porciju kalt\u0113\u0161anas re\u017e\u012bm\u0101 \u2013 iestatot kalt\u0113\u0161anas laiku, graudu svaru vai kalt\u0113\u0161anas temperat\u016bru. * ne maz\u0101k k\u0101 12 sekcij\u0101m.<br \/>\n\u2013 Graudu kaltes <em>TF<\/em> darb\u012bbai var izmantot j\u016bsu v\u0113lm\u0113m un apst\u0101k\u013ciem atbilsto\u0161u siltuma avotu, ko <em>Tornum<\/em> ir izstr\u0101d\u0101jis atbilsto\u0161i Zviedrijas Lauksaimniec\u012bbas ugunsdro\u0161\u012bbas komitejas <em>(Lantbrukets Brandskyddskommitt\u00e9; LBK)<\/em> ieteikumiem. Pla\u0161\u0101k izmantotie siltuma avoti ir izmantojot d\u012bze\u013cdegvielas, dabasg\u0101zes vai sa\u0161\u0137idrin\u0101tas naftas g\u0101zes deg\u013ci, ar siltummaini \u2013 izmantojot granulas vai skaidas karst\u0101 \u016bdens radiatorus, tvaika baterijas vai elektriskos radiatorus.[\/vc_column_text][\/vc_column][\/vc_row]<\/p>\n<\/div>","protected":false},"excerpt":{"rendered":"<p><em>Tornum TF<\/em> ir viegli piel\u0101gojama graudu kalte, kas \u013cauj \u0113rti piel\u0101goties graudu veidam un daudzumam, nezaud\u0113jot kvalit\u0101ti.<br \/>\n<em>TF<\/em> mode\u013ca graudu kalte sev\u012b apvieno divu da\u017e\u0101das graudu kaltes. Atkar\u012bb\u0101 no vajadz\u012bbas varat izv\u0113l\u0113ties caurpl\u016bdes vai porciju kalt\u0113\u0161anas re\u017e\u012bmu.<\/p>\n","protected":false},"featured_media":31954,"comment_status":"open","ping_status":"closed","template":"","meta":{"_acf_changed":false},"product_brand":[],"product_cat":[845,864,846,884],"product_tag":[867,904,890],"class_list":{"0":"post-31952","1":"product","2":"type-product","3":"status-publish","4":"has-post-thumbnail","6":"product_cat-all-products-lv","7":"product_cat-grain-lv","8":"product_cat-conditioning-lv","9":"product_cat-grain-dryers-lv","10":"product_tag-dryer-lv","11":"product_tag-storage-lv","12":"product_tag-transport-lv","13":"pa_products-type-all-products-lv","14":"pa_products-type-food-lv","15":"description-off","17":"first","18":"instock","19":"shipping-taxable","20":"product-type-simple"},"acf":[],"_links":{"self":[{"href":"https:\/\/www.tornum.com\/lv\/wp-json\/wp\/v2\/product\/31952","targetHints":{"allow":["GET"]}}],"collection":[{"href":"https:\/\/www.tornum.com\/lv\/wp-json\/wp\/v2\/product"}],"about":[{"href":"https:\/\/www.tornum.com\/lv\/wp-json\/wp\/v2\/types\/product"}],"replies":[{"embeddable":true,"href":"https:\/\/www.tornum.com\/lv\/wp-json\/wp\/v2\/comments?post=31952"}],"version-history":[{"count":2,"href":"https:\/\/www.tornum.com\/lv\/wp-json\/wp\/v2\/product\/31952\/revisions"}],"predecessor-version":[{"id":32038,"href":"https:\/\/www.tornum.com\/lv\/wp-json\/wp\/v2\/product\/31952\/revisions\/32038"}],"wp:featuredmedia":[{"embeddable":true,"href":"https:\/\/www.tornum.com\/lv\/wp-json\/wp\/v2\/media\/31954"}],"wp:attachment":[{"href":"https:\/\/www.tornum.com\/lv\/wp-json\/wp\/v2\/media?parent=31952"}],"wp:term":[{"taxonomy":"product_brand","embeddable":true,"href":"https:\/\/www.tornum.com\/lv\/wp-json\/wp\/v2\/product_brand?post=31952"},{"taxonomy":"product_cat","embeddable":true,"href":"https:\/\/www.tornum.com\/lv\/wp-json\/wp\/v2\/product_cat?post=31952"},{"taxonomy":"product_tag","embeddable":true,"href":"https:\/\/www.tornum.com\/lv\/wp-json\/wp\/v2\/product_tag?post=31952"}],"curies":[{"name":"wp","href":"https:\/\/api.w.org\/{rel}","templated":true}]}}