{"id":31955,"date":"2023-05-14T21:20:59","date_gmt":"2023-05-14T21:20:59","guid":{"rendered":"https:\/\/www.tornum.com\/product\/tornum-tx\/"},"modified":"2025-07-31T06:29:08","modified_gmt":"2025-07-31T06:29:08","slug":"tornum-tx","status":"publish","type":"product","link":"https:\/\/www.tornum.com\/lv\/product\/tornum-tx\/","title":{"rendered":"TORNUM TX"},"content":{"rendered":"<div class=\"content o-stack-sm c-text\">\n<p><strong>Cauru\u013cvadu sist\u0113ma smagiem darba apst\u0101k\u013ciem<\/strong><br \/>\n\u2013 Iztur\u012bga cauru\u013cvadu sist\u0113ma, kuras mont\u0101\u017eai tiek izmantoti skavas tipa savienojumi ar skr\u016bv\u0113m.<br \/>\n\u2013 Virsmas apstr\u0101de no cinkota vai emalj\u0113ta t\u0113rauda.<br \/>\n\u2013 Viegli piel\u0101gojama cauru\u013cvadu sist\u0113ma, kuru veido da\u017e\u0101dos le\u0146\u0137os novietoti taisni un izliekti le\u0146\u0137a gabali.<br \/>\n\u2013 Pieejami izm\u0113ri #200, #250, #300.<br \/>\n\u2013 Biezums 3\u00a0mm.<br \/>\n\u2013 Ja past\u0101v \u012bpa\u0161i augsts nodiluma risks, cauru\u013cu iek\u0161\u0113jo virsmu ir iesp\u0113jams p\u0101rkl\u0101t ar 8\u00a0mm biezu plastmasas materi\u0101lu.<\/p>\n<p><strong>Divpl\u016bsmu sadal\u012bt\u0101js<\/strong><br \/>\n\u2013 Visus met\u0101la pane\u013cus var nomain\u012bt, lai tad, ja k\u0101da no sadal\u012bt\u0101ja da\u013c\u0101m nolietojas agr\u0101k nek\u0101 p\u0101r\u0113j\u0101s, neb\u016btu j\u0101maina viss mezgls.<br \/>\n\u2013 Sadal\u012bt\u0101ji ir viegli piel\u0101gojami, ir pieejama lab\u0101s un kreis\u0101s puses konfigur\u0101cija, poz\u012bcijas sensoram ir indukcijas funkcija un tos var uzst\u0101d\u012bt gan vien\u0101, gan otr\u0101 sadal\u012bt\u0101ja pus\u0113.<br \/>\n\u2013 Rev\u012bzijas l\u016bkas \u013cauj kontrol\u0113t sadal\u012bt\u0101ja nodiluma pak\u0101pi un p\u0101rbaud\u012bt vai nav redzamas nolietojuma paz\u012bmes.<br \/>\n\u2013 Met\u0101la pl\u0101ksnes biezums ir 3\u00a0mm.<br \/>\n\u2013 Aizb\u012bd\u0146a kust\u012bg\u0101 pl\u0101ksne ir izgatavota no 8\u00a0mm bieza <em>Hardox <\/em>t\u0113rauda loksnes un p\u0101rkl\u0101ta ar 8\u00a0mm biezu plastmasas materi\u0101lu.<\/p>\n<p><strong>Aizb\u012bdnis<\/strong><br \/>\n\u2013 Iztur\u012bgi aizb\u012bd\u0146i pla\u0161am pielietojumam.<br \/>\n\u2013 Apr\u012bkots ar iztur\u012bga t\u0113rauda skr\u016bves tipa v\u012btni.<br \/>\n\u2013 Aizb\u012bdnim ir lod\u012b\u0161u tipa gultnis, lai to b\u016btu iesp\u0113jams atv\u0113rt un aizv\u0113rt zem spiediena, ko rada graudi.<br \/>\n\u2013 Pieejams manu\u0101lais vai ar elektromotoru vad\u0101ms aizb\u012bdnis.<br \/>\n\u2013 Aizb\u012bd\u0146i izmantojami zem glab\u0101\u0161anas tvertnes centr\u0101las l\u016bkas, piem\u0113ram tvertnes apak\u0161\u0101.<br \/>\n\u2013 Pieejami izm\u0113ri #200, #250, #300.<br \/>\n\u2013 Aizb\u012bd\u0146a aug\u0161da\u013c\u0101 atrodas vad\u012bklas, kas nodro\u0161ina, ka aizb\u012bdnis ir cie\u0161i nosl\u0113gts.<br \/>\n\u2013 Regul\u0113jamas bl\u012bves, lai nepie\u013cautu produkta iek\u013c\u016b\u0161anu aizb\u012bd\u0146a meh\u0101niskaj\u0101s da\u013c\u0101s.<\/p>\n<\/div>\n","protected":false},"excerpt":{"rendered":"<p>Kvadr\u0101tveida cauru\u013cvadu sist\u0113ma smagiem darba apst\u0101k\u013ciem. Paredz\u0113ta ilgam kalpo\u0161anas laikam un iztur\u012bbai.<\/p>\n","protected":false},"featured_media":31958,"comment_status":"open","ping_status":"closed","template":"","meta":{"_acf_changed":false},"product_brand":[],"product_cat":[845,880,863,864,870,934],"product_tag":[935],"class_list":{"0":"post-31955","1":"product","2":"type-product","3":"status-publish","4":"has-post-thumbnail","6":"product_cat-all-products-lv","7":"product_cat-feed-lv","8":"product_cat-food-2-lv","9":"product_cat-grain-lv","10":"product_cat-material-handling-lv","11":"product_cat-pipe-system-lv","12":"product_tag-pipes-lv","13":"description-off","15":"first","16":"instock","17":"shipping-taxable","18":"product-type-simple"},"acf":[],"_links":{"self":[{"href":"https:\/\/www.tornum.com\/lv\/wp-json\/wp\/v2\/product\/31955","targetHints":{"allow":["GET"]}}],"collection":[{"href":"https:\/\/www.tornum.com\/lv\/wp-json\/wp\/v2\/product"}],"about":[{"href":"https:\/\/www.tornum.com\/lv\/wp-json\/wp\/v2\/types\/product"}],"replies":[{"embeddable":true,"href":"https:\/\/www.tornum.com\/lv\/wp-json\/wp\/v2\/comments?post=31955"}],"version-history":[{"count":1,"href":"https:\/\/www.tornum.com\/lv\/wp-json\/wp\/v2\/product\/31955\/revisions"}],"predecessor-version":[{"id":32050,"href":"https:\/\/www.tornum.com\/lv\/wp-json\/wp\/v2\/product\/31955\/revisions\/32050"}],"wp:featuredmedia":[{"embeddable":true,"href":"https:\/\/www.tornum.com\/lv\/wp-json\/wp\/v2\/media\/31958"}],"wp:attachment":[{"href":"https:\/\/www.tornum.com\/lv\/wp-json\/wp\/v2\/media?parent=31955"}],"wp:term":[{"taxonomy":"product_brand","embeddable":true,"href":"https:\/\/www.tornum.com\/lv\/wp-json\/wp\/v2\/product_brand?post=31955"},{"taxonomy":"product_cat","embeddable":true,"href":"https:\/\/www.tornum.com\/lv\/wp-json\/wp\/v2\/product_cat?post=31955"},{"taxonomy":"product_tag","embeddable":true,"href":"https:\/\/www.tornum.com\/lv\/wp-json\/wp\/v2\/product_tag?post=31955"}],"curies":[{"name":"wp","href":"https:\/\/api.w.org\/{rel}","templated":true}]}}