{"id":31956,"date":"2023-05-14T20:17:35","date_gmt":"2023-05-14T20:17:35","guid":{"rendered":"https:\/\/www.tornum.com\/product\/u-trough-screw-auger-rsu\/"},"modified":"2025-07-31T06:37:06","modified_gmt":"2025-07-31T06:37:06","slug":"u-veida-gliemeztransportieris-rsu","status":"publish","type":"product","link":"https:\/\/www.tornum.com\/lv\/product\/u-veida-gliemeztransportieris-rsu\/","title":{"rendered":"U-VEIDA GLIEME\u017dTRANSPORTIERIS RSU"},"content":{"rendered":"<h3><em>TORNUM<\/em> U-VEIDA GLIEME\u017dTRANSPORTIERIS <em>RSU<\/em><\/h3>\n<p><em>TORNUM <\/em>U-veida glieme\u017etransportieris ir izstr\u0101d\u0101ts horizont\u0101lai graudu, s\u0113klu, miltu un citu granul\u0113tu materi\u0101lu transport\u0113\u0161anai.<\/p>\n<p><em>RSU<\/em> izstr\u0101d\u0101ts atbilsto\u0161i mont\u0113jama komplekta principam. Tas atvieglo pl\u0101no\u0161anu, glab\u0101\u0161anu, pieg\u0101di un uzst\u0101d\u012b\u0161anu.<\/p>\n<p><em>RSU<\/em> tiek izmantots graudu apstr\u0101dei tad, kad nepiecie\u0161ama liela jauda. <em>Svea RSU<\/em> ir piel\u0101gojams visu veidu transportieru sist\u0113m\u0101m, un to var izmantot ne tikai graudu, bet citu granul\u0113tu, pulverveida vai kapsulveida materi\u0101lu transport\u0113\u0161anai.<\/p>\n<p><em>RSU<\/em> ir kron\u0161teins, un spir\u0101le ir piemetin\u0101ta iztur\u012bgai centr\u0101lajai caurulei. T\u0101pat <em>Svea RSU<\/em> ir \u012bpa\u0161i izstr\u0101d\u0101ti starpgult\u0146i ar vismaz\u0101ko iesp\u0113jamo pretest\u012bbu materi\u0101la pl\u016bsmai.<\/p>\n<p><em>RSU<\/em> ir kompakta vad\u012bbas iek\u0101rta ar glieme\u017ep\u0101rvada reduktordzin\u0113ju. Tam nav nepiecie\u0161ama apkope un to iesp\u0113jams viegli uzst\u0101d\u012bt. Pieejama aizsardz\u012bba pret nokri\u0161\u0146iem vad\u012bbas iek\u0101rtai, gult\u0146iem un savienojumiem.<\/p>\n","protected":false},"excerpt":{"rendered":"<p><em>TORNUM <\/em>U-veida glieme\u017etransportieris ir izstr\u0101d\u0101ts horizont\u0101lai graudu, s\u0113klu, miltu un citu granul\u0113tu materi\u0101lu transport\u0113\u0161anai.<\/p>\n","protected":false},"featured_media":31960,"comment_status":"open","ping_status":"closed","template":"","meta":{"_acf_changed":false},"product_brand":[],"product_cat":[845,880,863,864,870,910],"product_tag":[904,890],"class_list":{"0":"post-31956","1":"product","2":"type-product","3":"status-publish","4":"has-post-thumbnail","6":"product_cat-all-products-lv","7":"product_cat-feed-lv","8":"product_cat-food-2-lv","9":"product_cat-grain-lv","10":"product_cat-material-handling-lv","11":"product_cat-screw-auger-lv","12":"product_tag-storage-lv","13":"product_tag-transport-lv","14":"description-off","16":"first","17":"instock","18":"shipping-taxable","19":"product-type-simple"},"acf":[],"_links":{"self":[{"href":"https:\/\/www.tornum.com\/lv\/wp-json\/wp\/v2\/product\/31956","targetHints":{"allow":["GET"]}}],"collection":[{"href":"https:\/\/www.tornum.com\/lv\/wp-json\/wp\/v2\/product"}],"about":[{"href":"https:\/\/www.tornum.com\/lv\/wp-json\/wp\/v2\/types\/product"}],"replies":[{"embeddable":true,"href":"https:\/\/www.tornum.com\/lv\/wp-json\/wp\/v2\/comments?post=31956"}],"version-history":[{"count":2,"href":"https:\/\/www.tornum.com\/lv\/wp-json\/wp\/v2\/product\/31956\/revisions"}],"predecessor-version":[{"id":32055,"href":"https:\/\/www.tornum.com\/lv\/wp-json\/wp\/v2\/product\/31956\/revisions\/32055"}],"wp:featuredmedia":[{"embeddable":true,"href":"https:\/\/www.tornum.com\/lv\/wp-json\/wp\/v2\/media\/31960"}],"wp:attachment":[{"href":"https:\/\/www.tornum.com\/lv\/wp-json\/wp\/v2\/media?parent=31956"}],"wp:term":[{"taxonomy":"product_brand","embeddable":true,"href":"https:\/\/www.tornum.com\/lv\/wp-json\/wp\/v2\/product_brand?post=31956"},{"taxonomy":"product_cat","embeddable":true,"href":"https:\/\/www.tornum.com\/lv\/wp-json\/wp\/v2\/product_cat?post=31956"},{"taxonomy":"product_tag","embeddable":true,"href":"https:\/\/www.tornum.com\/lv\/wp-json\/wp\/v2\/product_tag?post=31956"}],"curies":[{"name":"wp","href":"https:\/\/api.w.org\/{rel}","templated":true}]}}