{"id":31962,"date":"2023-05-17T13:11:22","date_gmt":"2023-05-17T13:11:22","guid":{"rendered":"https:\/\/www.tornum.com\/product\/cmt-clima\/"},"modified":"2025-07-08T05:44:35","modified_gmt":"2025-07-08T05:44:35","slug":"karsta-gaisa-silditajs-cmt-clima","status":"publish","type":"product","link":"https:\/\/www.tornum.com\/lv\/product\/karsta-gaisa-silditajs-cmt-clima\/","title":{"rendered":"KARST\u0100 GAISA SILD\u012aT\u0100JS CMT CLIMA"},"content":{"rendered":"<p>Ir pieejami divi <em>CMT<\/em> karst\u0101 gaisa sild\u012bt\u0101ja varianti\u00a0\u2013 G (vertik\u0101lais) un GO (horizont\u0101lais). Sild\u012bt\u0101js ir apr\u012bkots ar: <em>Rielo<\/em> naftas degvielas degli, digit\u0101l\u0101 temperat\u016bras kontroli un p\u0101rkar\u0161anas termostatu. Ja gaisa sild\u012bt\u0101js tiek izmantots \u0101rpus telp\u0101m, tas ir j\u0101aizsarg\u0101 pret laikapst\u0101k\u013cu ietekmes.<\/p>\n","protected":false},"excerpt":{"rendered":"<p>Ir pieejami divi <em>CMT<\/em> karst\u0101 gaisa sild\u012bt\u0101ja varianti\u00a0\u2013 G (vertik\u0101lais) un GO (horizont\u0101lais). Sild\u012bt\u0101js ir apr\u012bkots ar: <em>Rielo<\/em> naftas degvielas degli, digit\u0101l\u0101 temperat\u016bras kontroli un p\u0101rkar\u0161anas termostatu. Ja gaisa sild\u012bt\u0101js tiek izmantots \u0101rpus telp\u0101m, tas ir j\u0101aizsarg\u0101 pret laikapst\u0101k\u013cu ietekmes.<\/p>\n","protected":false},"featured_media":31965,"comment_status":"open","ping_status":"closed","template":"","meta":{"_acf_changed":false},"product_brand":[],"product_cat":[845,846,865],"product_tag":[866,867],"class_list":{"0":"post-31962","1":"product","2":"type-product","3":"status-publish","4":"has-post-thumbnail","6":"product_cat-all-products-lv","7":"product_cat-conditioning-lv","8":"product_cat-heat-sources-lv","9":"product_tag-burner-lv","10":"product_tag-dryer-lv","11":"description-off","13":"first","14":"instock","15":"shipping-taxable","16":"product-type-simple"},"acf":[],"_links":{"self":[{"href":"https:\/\/www.tornum.com\/lv\/wp-json\/wp\/v2\/product\/31962","targetHints":{"allow":["GET"]}}],"collection":[{"href":"https:\/\/www.tornum.com\/lv\/wp-json\/wp\/v2\/product"}],"about":[{"href":"https:\/\/www.tornum.com\/lv\/wp-json\/wp\/v2\/types\/product"}],"replies":[{"embeddable":true,"href":"https:\/\/www.tornum.com\/lv\/wp-json\/wp\/v2\/comments?post=31962"}],"version-history":[{"count":2,"href":"https:\/\/www.tornum.com\/lv\/wp-json\/wp\/v2\/product\/31962\/revisions"}],"predecessor-version":[{"id":32062,"href":"https:\/\/www.tornum.com\/lv\/wp-json\/wp\/v2\/product\/31962\/revisions\/32062"}],"wp:featuredmedia":[{"embeddable":true,"href":"https:\/\/www.tornum.com\/lv\/wp-json\/wp\/v2\/media\/31965"}],"wp:attachment":[{"href":"https:\/\/www.tornum.com\/lv\/wp-json\/wp\/v2\/media?parent=31962"}],"wp:term":[{"taxonomy":"product_brand","embeddable":true,"href":"https:\/\/www.tornum.com\/lv\/wp-json\/wp\/v2\/product_brand?post=31962"},{"taxonomy":"product_cat","embeddable":true,"href":"https:\/\/www.tornum.com\/lv\/wp-json\/wp\/v2\/product_cat?post=31962"},{"taxonomy":"product_tag","embeddable":true,"href":"https:\/\/www.tornum.com\/lv\/wp-json\/wp\/v2\/product_tag?post=31962"}],"curies":[{"name":"wp","href":"https:\/\/api.w.org\/{rel}","templated":true}]}}