{"id":50108,"date":"2025-07-17T08:25:36","date_gmt":"2025-07-17T08:25:36","guid":{"rendered":"https:\/\/www.tornum.com\/?post_type=product&#038;p=50108"},"modified":"2025-08-01T08:06:26","modified_gmt":"2025-08-01T08:06:26","slug":"centrbedzes-ventilatori-videja-spiediena","status":"publish","type":"product","link":"https:\/\/www.tornum.com\/lv\/product\/centrbedzes-ventilatori-videja-spiediena\/","title":{"rendered":"CENTRB\u0112DZES VENTILATORI &#8211; VID\u0112J\u0100 SPIEDIENA"},"content":{"rendered":"<div class=\"wpb-content-wrapper\"><p>[vc_row][vc_column width=&#8221;2\/3&#8243;][vc_column_text css=&#8221;&#8221;]Tornum centrb\u0113dzes ventilatoriem ir kopakts, iztur\u012bgs dizains. Vid\u0113j\u0101 spiediena jauda padara tos ir ide\u0101li piem\u0113rotus mitru graudu v\u0113din\u0101\u0161anai. Tie ar\u012b ir ide\u0101li piem\u0113roti aspir\u0101cijas sist\u0113mai ar filtriem iek\u0161telpu att\u012br\u012b\u0161anai no putek\u013ciem. Vair\u0101kas mont\u0101\u017eas iesp\u0113jas atvieglo to uzst\u0101d\u012b\u0161anu instal\u0113jot tos objekt\u0101. Ventilators tiek pieg\u0101d\u0101ts samont\u0113ts, jo piln\u012bb\u0101 izgatavots vesela lok\u0161\u0146u t\u0113rauda kas savstarp\u0113ji sametin\u0101tas. Ventilatora ratam standart\u0101 ir uz aizmuguri v\u0113rstas l\u0101psti\u0146as, kas nodro\u0161ina augstu efektivit\u0101ti. Alternat\u012bvi, ventilatora ratu var pas\u016bt\u012bt ar plakan\u0101m l\u0101psti\u0146\u0101m, lai tiktu gal\u0101 ar putek\u013cainu gaisu. Iepl\u016bdes un izpl\u016bdes savienojumi ar p\u0101rej\u0101m uz spiro kan\u0101liem.[\/vc_column_text][\/vc_column][vc_column width=&#8221;1\/3&#8243;][vc_column_text css=&#8221;&#8221;]<strong>FEATURES<\/strong><br \/>\n\u2022 Pl\u016bsma: 400 \u2013 135.000 m\u00b3\/h<br \/>\n\u2022 Spiediens: 100 \u2013 7.500 Pa<br \/>\n\u2022 Maksim\u0101l\u0101 gaisa temperat\u016bra standarta versij\u0101: 40\u00b0C<br \/>\n\u2022 Maksim\u0101l\u0101 gaisa temperat\u016bra ar dzes\u0113\u0161anas pl\u0101ksni: 300\u00b0C<br \/>\n\u2022 Rata tips: Radi\u0101ls, atpaka\u013c izliekts pl\u0101ksnes[\/vc_column_text][\/vc_column][\/vc_row]<\/p>\n<\/div>","protected":false},"excerpt":{"rendered":"<p>Tornum vid\u0113j\u0101 spiediena centrb\u0113dzes ventilatori ir paredz\u0113ti graudu v\u0113din\u0101\u0161anai, dzes\u0113\u0161anai un \u017e\u0101v\u0113\u0161anai. Ventilatori ir \u0101rk\u0101rt\u012bgi efekt\u012bvi ar zemu trok\u0161\u0146a emisiju.<\/p>\n","protected":false},"featured_media":47338,"comment_status":"open","ping_status":"closed","template":"","meta":{"_acf_changed":false},"product_brand":[],"product_cat":[845,864,846,907],"product_tag":[850],"class_list":{"0":"post-50108","1":"product","2":"type-product","3":"status-publish","4":"has-post-thumbnail","6":"product_cat-all-products-lv","7":"product_cat-grain-lv","8":"product_cat-conditioning-lv","9":"product_cat-centrifugal-fan-lv","10":"product_tag-fan-lv","11":"description-off","13":"first","14":"instock","15":"shipping-taxable","16":"product-type-simple"},"acf":[],"_links":{"self":[{"href":"https:\/\/www.tornum.com\/lv\/wp-json\/wp\/v2\/product\/50108","targetHints":{"allow":["GET"]}}],"collection":[{"href":"https:\/\/www.tornum.com\/lv\/wp-json\/wp\/v2\/product"}],"about":[{"href":"https:\/\/www.tornum.com\/lv\/wp-json\/wp\/v2\/types\/product"}],"replies":[{"embeddable":true,"href":"https:\/\/www.tornum.com\/lv\/wp-json\/wp\/v2\/comments?post=50108"}],"version-history":[{"count":11,"href":"https:\/\/www.tornum.com\/lv\/wp-json\/wp\/v2\/product\/50108\/revisions"}],"predecessor-version":[{"id":51157,"href":"https:\/\/www.tornum.com\/lv\/wp-json\/wp\/v2\/product\/50108\/revisions\/51157"}],"wp:featuredmedia":[{"embeddable":true,"href":"https:\/\/www.tornum.com\/lv\/wp-json\/wp\/v2\/media\/47338"}],"wp:attachment":[{"href":"https:\/\/www.tornum.com\/lv\/wp-json\/wp\/v2\/media?parent=50108"}],"wp:term":[{"taxonomy":"product_brand","embeddable":true,"href":"https:\/\/www.tornum.com\/lv\/wp-json\/wp\/v2\/product_brand?post=50108"},{"taxonomy":"product_cat","embeddable":true,"href":"https:\/\/www.tornum.com\/lv\/wp-json\/wp\/v2\/product_cat?post=50108"},{"taxonomy":"product_tag","embeddable":true,"href":"https:\/\/www.tornum.com\/lv\/wp-json\/wp\/v2\/product_tag?post=50108"}],"curies":[{"name":"wp","href":"https:\/\/api.w.org\/{rel}","templated":true}]}}