{"id":50149,"date":"2025-07-17T08:51:36","date_gmt":"2025-07-17T08:51:36","guid":{"rendered":"https:\/\/www.tornum.com\/product\/centrbedzes-ventilatori-augstspiediens-2\/"},"modified":"2025-07-17T08:56:17","modified_gmt":"2025-07-17T08:56:17","slug":"centrbedzes-ventilatori-augstspiediens-2","status":"publish","type":"product","link":"https:\/\/www.tornum.com\/lv\/product\/centrbedzes-ventilatori-augstspiediens-2\/","title":{"rendered":"CENTRB\u0112DZES VENTILATORI \u2013 AUGSTSPIEDIENS"},"content":{"rendered":"<div class=\"wpb-content-wrapper\"><p>[vc_row][vc_column width=&#8221;2\/3&#8243;][vc_column_text css=&#8221;&#8221;]\u0160ie ventilatori ir paredz\u0113ti \u013coti augstam spiedienam, t\u0101p\u0113c tie var ventil\u0113t augstas tvertnes ar mitriem graudiem. Vair\u0101kas mont\u0101\u017eas iesp\u0113jas atvieglo to uzst\u0101d\u012b\u0161anu. Ventilators tiek pieg\u0101d\u0101ts iztur\u012bg\u0101, piln\u012bb\u0101 metin\u0101t\u0101 lok\u0161\u0146u t\u0113rauda konstrukcij\u0101. Ventilatora ratam standarta apr\u012bkojum\u0101 ir uz aizmuguri v\u0113rstas l\u0101psti\u0146as, kas nodro\u0161ina augstu efektivit\u0101ti. Tos var ar\u012b pas\u016bt\u012bt ar plakan\u0101m aizmugures l\u0101psti\u0146\u0101m, lai tiktu gal\u0101 ar putek\u013cainu gaisu.[\/vc_column_text][\/vc_column][vc_column width=&#8221;1\/3&#8243;][vc_column_text css=&#8221;&#8221;]<strong>\u012aPA\u0160\u012aBAS<\/strong><br \/>\n\u2022 Pl\u016bsma: 400 \u2013 80.000 m\u00b3\/h<br \/>\n\u2022 Spiediens: 2.000 \u2013 13.000 Pa<br \/>\n\u2022 Maksim\u0101l\u0101 gaisa temperat\u016bra standarta versij\u0101: 40\u00b0C<br \/>\n\u2022 Maksim\u0101l\u0101 gaisa temperat\u016bra ar dzes\u0113\u0161anas pl\u0101ksni: 300\u00b0C<br \/>\n\u2022 Rata tips: Radial, backward curved[\/vc_column_text][\/vc_column][\/vc_row]<\/p>\n<\/div>","protected":false},"excerpt":{"rendered":"<p>Tornum augsts spiediens centrb\u0113dzes ventilatori ir paredz\u0113ti graudu v\u0113din\u0101\u0161anai, dzes\u0113\u0161anai un \u017e\u0101v\u0113\u0161anai. Ventilatori ir \u0101rk\u0101rt\u012bgi efekt\u012bvi ar zemu trok\u0161\u0146a emisiju. <\/p>\n","protected":false},"featured_media":47376,"comment_status":"open","ping_status":"closed","template":"","meta":{"_acf_changed":false},"product_brand":[],"product_cat":[845,864,846,907],"product_tag":[850],"class_list":{"0":"post-50149","1":"product","2":"type-product","3":"status-publish","4":"has-post-thumbnail","6":"product_cat-all-products-lv","7":"product_cat-grain-lv","8":"product_cat-conditioning-lv","9":"product_cat-centrifugal-fan-lv","10":"product_tag-fan-lv","11":"description-off","13":"first","14":"instock","15":"shipping-taxable","16":"product-type-simple"},"acf":[],"_links":{"self":[{"href":"https:\/\/www.tornum.com\/lv\/wp-json\/wp\/v2\/product\/50149","targetHints":{"allow":["GET"]}}],"collection":[{"href":"https:\/\/www.tornum.com\/lv\/wp-json\/wp\/v2\/product"}],"about":[{"href":"https:\/\/www.tornum.com\/lv\/wp-json\/wp\/v2\/types\/product"}],"replies":[{"embeddable":true,"href":"https:\/\/www.tornum.com\/lv\/wp-json\/wp\/v2\/comments?post=50149"}],"version-history":[{"count":4,"href":"https:\/\/www.tornum.com\/lv\/wp-json\/wp\/v2\/product\/50149\/revisions"}],"predecessor-version":[{"id":50161,"href":"https:\/\/www.tornum.com\/lv\/wp-json\/wp\/v2\/product\/50149\/revisions\/50161"}],"wp:featuredmedia":[{"embeddable":true,"href":"https:\/\/www.tornum.com\/lv\/wp-json\/wp\/v2\/media\/47376"}],"wp:attachment":[{"href":"https:\/\/www.tornum.com\/lv\/wp-json\/wp\/v2\/media?parent=50149"}],"wp:term":[{"taxonomy":"product_brand","embeddable":true,"href":"https:\/\/www.tornum.com\/lv\/wp-json\/wp\/v2\/product_brand?post=50149"},{"taxonomy":"product_cat","embeddable":true,"href":"https:\/\/www.tornum.com\/lv\/wp-json\/wp\/v2\/product_cat?post=50149"},{"taxonomy":"product_tag","embeddable":true,"href":"https:\/\/www.tornum.com\/lv\/wp-json\/wp\/v2\/product_tag?post=50149"}],"curies":[{"name":"wp","href":"https:\/\/api.w.org\/{rel}","templated":true}]}}