{"id":53604,"date":"2026-02-19T12:48:58","date_gmt":"2026-02-19T12:48:58","guid":{"rendered":"https:\/\/www.tornum.com\/?post_type=product&#038;p=53604"},"modified":"2026-03-25T09:13:20","modified_gmt":"2026-03-25T09:13:20","slug":"atlas","status":"publish","type":"product","link":"https:\/\/www.tornum.com\/lv\/product\/atlas\/","title":{"rendered":"ATLAS"},"content":{"rendered":"<div class=\"wpb-content-wrapper\"><p>[vc_row][vc_column width=&#8221;1\/2&#8243;][vc_column_text css=&#8221;&#8221;]<\/p>\n<p data-start=\"138\" data-end=\"466\"><strong data-start=\"138\" data-end=\"157\">Rad\u012bts efektivit\u0101tei un dro\u0161\u012bbai<\/strong><\/p>\n<p data-start=\"138\" data-end=\"466\">Atlas Transport koordin\u0113 visas sist\u0113mas sast\u0101vda\u013cas, ietaupot laiku un nov\u0113r\u0161ot k\u013c\u016bdas. Operatoriem tikai j\u0101izv\u0113las s\u0101kuma un galapunkts, un Atlas paveic p\u0101r\u0113jo. Tas nodro\u0161ina nep\u0101rtrauktu darb\u012bbu ar maz\u0101ku uzraudz\u012bbu, re\u0101llaika atgriezenisko saiti un trauksmju apstr\u0101di, k\u0101 ar\u012b \u0101tr\u0101kus, dro\u0161\u0101kus un t\u012br\u0101kus p\u0101rvades ciklus.<\/p>\n<p data-start=\"468\" data-end=\"865\">K\u0101 da\u013ca no Atlas ekosist\u0113mas transporta sist\u0113ma integr\u0113jas ar visiem p\u0101r\u0113jiem modu\u013ciem, tostarp \u017e\u0101v\u0113t\u0101ju vad\u012bbas sist\u0113m\u0101m un viedo uzglab\u0101\u0161anas kontroli, nodro\u0161inot vienu saskarni visam objektam. Tas \u013cauj vienoti p\u0101rvald\u012bt visas iek\u0101rtas darb\u012bbas, nodro\u0161ina att\u0101lin\u0101tu piek\u013cuvi ar re\u0101llaika veiktsp\u0113jas datiem, k\u0101 ar\u012b prognoz\u0113jo\u0161u anal\u012bzi ar piln\u012bgu izsekojam\u012bbu, sniedzot operatoriem piln\u012bgu kontroli p\u0101r katru procesu.<\/p>\n<p>[\/vc_column_text][\/vc_column][vc_column width=&#8221;1\/2&#8243;][vc_column_text css=&#8221;&#8221;]<\/p>\n<p data-start=\"164\" data-end=\"347\"><strong data-start=\"164\" data-end=\"183\">Pan\u0101ciet, lai katrs grauds tiktu izmantots lietder\u012bgi<\/strong><\/p>\n<p data-start=\"164\" data-end=\"347\">Atlas Transport piln\u012bb\u0101 kontrol\u0113 graudu apstr\u0101di no pie\u0146em\u0161anas l\u012bdz uzglab\u0101\u0161anai un izkrau\u0161anai, nodro\u0161inot vienm\u0113r\u012bgu, autom\u0101tisku un inteli\u0123entu pl\u016bsmu vis\u0101 j\u016bsu objekt\u0101.<\/p>\n<p data-start=\"349\" data-end=\"739\">Sist\u0113ma ir izstr\u0101d\u0101ta, lai optimiz\u0113tu katru procesa soli. Ar pl\u0101no\u0161anu (Scheduling) un Auto Pit p\u0101rvieto\u0161anu var iepriek\u0161 iepl\u0101not un autom\u0101tiski izpild\u012bt, savuk\u0101rt vair\u0101ku galam\u0113r\u0137u rindas pl\u0101no\u0161ana (Multi Destination Queue Scheduling) \u013cauj p\u0101rvald\u012bt vair\u0101kus mar\u0161rutus sec\u012bgi. Izmantojot viedo mar\u0161rut\u0113\u0161anu (Intelligent Routing), konveijeri un elevatori katram ce\u013cam tiek izv\u0113l\u0113ti autom\u0101tiski, nodro\u0161inot efekt\u012bvu transport\u0113\u0161anu katru reizi.<\/p>\n<p data-start=\"741\" data-end=\"1025\">Operatori ieg\u016bst piln\u012bgu p\u0101rskat\u0101m\u012bbu, izmantojot Route Map Visualization, kas nodro\u0161ina skaidru p\u0101rskatu par katru graudu kust\u012bbu. Lai uztur\u0113tu sist\u0113mas uzticam\u012bbu, Blockage Detection and Resolution pal\u012bdz nov\u0113rst d\u012bkst\u0101vi, savuk\u0101rt Preventive Maintenance sniedz viedus br\u012bdin\u0101jumus v\u0113l pirms k\u013c\u016bmes rodas.<\/p>\n<p data-start=\"1027\" data-end=\"1165\">Procesa pabeig\u0161anas pazi\u0146ojumi (Process Completion Notifications) inform\u0113 operatorus, kad katrs p\u0101rvietojums ir pabeigts, nodro\u0161inot lab\u0101ku kontroli un koordin\u0101ciju.<\/p>\n<p data-start=\"1167\" data-end=\"1292\">\u0160\u012bs funkcijas kop\u0101 veido vied\u0101ku, dro\u0161\u0101ku un efekt\u012bv\u0101ku graudu apstr\u0101des sist\u0113mu, kas patiesi nodro\u0161ina, ka katrs grauds tiek izmantots lietder\u012bgi.<\/p>\n<p>[\/vc_column_text][\/vc_column][\/vc_row]<\/p>\n<\/div>","protected":false},"excerpt":{"rendered":"<h2 data-start=\"75\" data-end=\"132\">Atlas Transport \u2013 Vied\u0101ka graudu iek\u0101rtu p\u0101rvald\u012bba<\/h2>\n<p data-start=\"134\" data-end=\"638\">Atlas Transport ir uzlabota sist\u0113ma, kas paredz\u0113ta graudu apstr\u0101des optimiz\u0113\u0161anai no pie\u0146em\u0161anas l\u012bdz uzglab\u0101\u0161anai un izkrau\u0161anai, nodro\u0161inot vienm\u0113r\u012bgu, autom\u0101tisku un inteli\u0123entu pl\u016bsmu vis\u0101 objekt\u0101, vienlaikus uzlabojot efektivit\u0101ti un dro\u0161\u012bbu. K\u0101 da\u013ca no Atlas ekosist\u0113mas, Atlas Transport nevainojami integr\u0113jas ar citiem modu\u013ciem, tostarp \u017e\u0101v\u0113t\u0101ju vad\u012bbas sist\u0113m\u0101m un viedaj\u0101m uzglab\u0101\u0161anas sist\u0113m\u0101m, nodro\u0161inot vienotu platformu, kur operatori var uzraudz\u012bt un kontrol\u0113t visu objektu, izmantojot vienu saskarni.<\/p>\n<p>&nbsp;<\/p>\n<p>&nbsp;<\/p>\n","protected":false},"featured_media":53483,"comment_status":"open","ping_status":"closed","template":"","meta":{"_acf_changed":false},"product_brand":[],"product_cat":[845,864,874,936],"product_tag":[877,904],"class_list":{"0":"post-53604","1":"product","2":"type-product","3":"status-publish","4":"has-post-thumbnail","6":"product_cat-all-products-lv","7":"product_cat-grain-lv","8":"product_cat-grain-management-lv","9":"product_cat-nmc-lv","10":"product_tag-monitoring-lv","11":"product_tag-storage-lv","12":"description-off","14":"first","15":"instock","16":"shipping-taxable","17":"product-type-simple"},"acf":[],"_links":{"self":[{"href":"https:\/\/www.tornum.com\/lv\/wp-json\/wp\/v2\/product\/53604","targetHints":{"allow":["GET"]}}],"collection":[{"href":"https:\/\/www.tornum.com\/lv\/wp-json\/wp\/v2\/product"}],"about":[{"href":"https:\/\/www.tornum.com\/lv\/wp-json\/wp\/v2\/types\/product"}],"replies":[{"embeddable":true,"href":"https:\/\/www.tornum.com\/lv\/wp-json\/wp\/v2\/comments?post=53604"}],"version-history":[{"count":7,"href":"https:\/\/www.tornum.com\/lv\/wp-json\/wp\/v2\/product\/53604\/revisions"}],"predecessor-version":[{"id":53700,"href":"https:\/\/www.tornum.com\/lv\/wp-json\/wp\/v2\/product\/53604\/revisions\/53700"}],"wp:featuredmedia":[{"embeddable":true,"href":"https:\/\/www.tornum.com\/lv\/wp-json\/wp\/v2\/media\/53483"}],"wp:attachment":[{"href":"https:\/\/www.tornum.com\/lv\/wp-json\/wp\/v2\/media?parent=53604"}],"wp:term":[{"taxonomy":"product_brand","embeddable":true,"href":"https:\/\/www.tornum.com\/lv\/wp-json\/wp\/v2\/product_brand?post=53604"},{"taxonomy":"product_cat","embeddable":true,"href":"https:\/\/www.tornum.com\/lv\/wp-json\/wp\/v2\/product_cat?post=53604"},{"taxonomy":"product_tag","embeddable":true,"href":"https:\/\/www.tornum.com\/lv\/wp-json\/wp\/v2\/product_tag?post=53604"}],"curies":[{"name":"wp","href":"https:\/\/api.w.org\/{rel}","templated":true}]}}