{"id":32346,"date":"2023-09-01T16:14:34","date_gmt":"2023-09-01T16:14:34","guid":{"rendered":"https:\/\/www.tornum.com\/exhibitions\/"},"modified":"2024-07-01T08:45:08","modified_gmt":"2024-07-01T08:45:08","slug":"exhibitions","status":"publish","type":"page","link":"https:\/\/www.tornum.com\/pl\/exhibitions\/","title":{"rendered":"WYSTAWY I WYDARZENIA"},"content":{"rendered":"\t\t<div data-elementor-type=\"wp-page\" data-elementor-id=\"32346\" class=\"elementor elementor-32346 elementor-16168\" data-elementor-settings=\"{&quot;ha_cmc_init_switcher&quot;:&quot;no&quot;}\" data-elementor-post-type=\"page\">\n\t\t\t\t\t\t<section class=\"elementor-section elementor-top-section elementor-element elementor-element-1f116e6 elementor-section-boxed elementor-section-height-default elementor-section-height-default\" data-id=\"1f116e6\" data-element_type=\"section\" data-settings=\"{&quot;_ha_eqh_enable&quot;:false}\">\n\t\t\t\t\t\t<div class=\"elementor-container elementor-column-gap-default\">\n\t\t\t\t\t<div class=\"elementor-column elementor-col-100 elementor-top-column elementor-element elementor-element-279d573\" data-id=\"279d573\" data-element_type=\"column\">\n\t\t\t<div class=\"elementor-widget-wrap\">\n\t\t\t\t\t\t\t<\/div>\n\t\t<\/div>\n\t\t\t\t\t<\/div>\n\t\t<\/section>\n\t\t\t\t<section class=\"elementor-section elementor-top-section elementor-element elementor-element-2592c9a elementor-section-boxed elementor-section-height-default elementor-section-height-default\" data-id=\"2592c9a\" data-element_type=\"section\" data-settings=\"{&quot;_ha_eqh_enable&quot;:false}\">\n\t\t\t\t\t\t<div class=\"elementor-container elementor-column-gap-default\">\n\t\t\t\t\t<div class=\"elementor-column elementor-col-100 elementor-top-column elementor-element elementor-element-32f5386\" data-id=\"32f5386\" data-element_type=\"column\">\n\t\t\t<div class=\"elementor-widget-wrap elementor-element-populated\">\n\t\t\t\t\t\t<div class=\"elementor-element elementor-element-20f948b elementor-widget elementor-widget-spacer\" data-id=\"20f948b\" data-element_type=\"widget\" data-widget_type=\"spacer.default\">\n\t\t\t\t<div class=\"elementor-widget-container\">\n\t\t\t\t\t\t\t<div class=\"elementor-spacer\">\n\t\t\t<div class=\"elementor-spacer-inner\"><\/div>\n\t\t<\/div>\n\t\t\t\t\t\t<\/div>\n\t\t\t\t<\/div>\n\t\t\t\t<div class=\"elementor-element elementor-element-da06919 elementor-widget elementor-widget-heading\" data-id=\"da06919\" data-element_type=\"widget\" data-widget_type=\"heading.default\">\n\t\t\t\t<div class=\"elementor-widget-container\">\n\t\t\t\t\t<h2 class=\"elementor-heading-title elementor-size-default\">Wystawy i wydarzenia<\/h2>\t\t\t\t<\/div>\n\t\t\t\t<\/div>\n\t\t\t\t<div class=\"elementor-element elementor-element-788e190 elementor-widget elementor-widget-spacer\" data-id=\"788e190\" data-element_type=\"widget\" data-widget_type=\"spacer.default\">\n\t\t\t\t<div class=\"elementor-widget-container\">\n\t\t\t\t\t\t\t<div class=\"elementor-spacer\">\n\t\t\t<div class=\"elementor-spacer-inner\"><\/div>\n\t\t<\/div>\n\t\t\t\t\t\t<\/div>\n\t\t\t\t<\/div>\n\t\t\t\t<div class=\"elementor-element elementor-element-93293c6 elementor-widget elementor-widget-text-editor\" data-id=\"93293c6\" data-element_type=\"widget\" data-widget_type=\"text-editor.default\">\n\t\t\t\t<div class=\"elementor-widget-container\">\n\t\t\t\t\t\t\t\t\t<p>Opr\u00f3cz wydarze\u0144 i imprez og\u00f3lnokrajowych, w naszych biurach i zak\u0142adach oraz w ich okolicy odbywaj\u0105 si\u0119 mi\u0119dzy innymi liczne wystawy lokalne, dni otwarte i szkolenia. Wi\u0119cej informacji mo\u017cna uzyska\u0107 klikaj\u0105c opis lub tytu\u0142 wydarzenia lub w najbli\u017cszym biurze firmy Tornum.<\/p>\t\t\t\t\t\t\t\t<\/div>\n\t\t\t\t<\/div>\n\t\t\t\t<div class=\"elementor-element elementor-element-1cec8be elementor-widget elementor-widget-spacer\" data-id=\"1cec8be\" data-element_type=\"widget\" data-widget_type=\"spacer.default\">\n\t\t\t\t<div class=\"elementor-widget-container\">\n\t\t\t\t\t\t\t<div class=\"elementor-spacer\">\n\t\t\t<div class=\"elementor-spacer-inner\"><\/div>\n\t\t<\/div>\n\t\t\t\t\t\t<\/div>\n\t\t\t\t<\/div>\n\t\t\t\t\t<\/div>\n\t\t<\/div>\n\t\t\t\t\t<\/div>\n\t\t<\/section>\n\t\t\t\t<section class=\"elementor-section elementor-top-section elementor-element elementor-element-2a9c92b elementor-section-boxed elementor-section-height-default elementor-section-height-default\" data-id=\"2a9c92b\" data-element_type=\"section\" data-settings=\"{&quot;_ha_eqh_enable&quot;:false}\">\n\t\t\t\t\t\t<div class=\"elementor-container elementor-column-gap-default\">\n\t\t\t\t\t<div class=\"elementor-column elementor-col-33 elementor-top-column elementor-element elementor-element-b9a9355\" data-id=\"b9a9355\" data-element_type=\"column\">\n\t\t\t<div class=\"elementor-widget-wrap elementor-element-populated\">\n\t\t\t\t\t\t<div class=\"elementor-element elementor-element-cacc399 ha-card--top ha-card--tablet-top ha-card--mobile-top elementor-widget elementor-widget-ha-card happy-addon ha-card\" data-id=\"cacc399\" data-element_type=\"widget\" data-widget_type=\"ha-card.default\">\n\t\t\t\t<div class=\"elementor-widget-container\">\n\t\t\t\t\t\n\t\t\t\t\t<figure class=\"ha-card-figure\">\n\t\t\t\t<img fetchpriority=\"high\" decoding=\"async\" width=\"1024\" height=\"635\" src=\"https:\/\/www.tornum.com\/wp-content\/uploads\/2023\/11\/Lamma-2024-e1701168486446-1024x635.png\" class=\"attachment-large size-large wp-image-19055\" alt=\"\" srcset=\"https:\/\/www.tornum.com\/wp-content\/uploads\/2023\/11\/Lamma-2024-e1701168486446-1024x635.png 1024w, https:\/\/www.tornum.com\/wp-content\/uploads\/2023\/11\/Lamma-2024-e1701168486446-300x186.png 300w, https:\/\/www.tornum.com\/wp-content\/uploads\/2023\/11\/Lamma-2024-e1701168486446-768x476.png 768w, https:\/\/www.tornum.com\/wp-content\/uploads\/2023\/11\/Lamma-2024-e1701168486446-1536x952.png 1536w, https:\/\/www.tornum.com\/wp-content\/uploads\/2023\/11\/Lamma-2024-e1701168486446-2048x1270.png 2048w, https:\/\/www.tornum.com\/wp-content\/uploads\/2023\/11\/Lamma-2024-e1701168486446-24x15.png 24w, https:\/\/www.tornum.com\/wp-content\/uploads\/2023\/11\/Lamma-2024-e1701168486446-36x22.png 36w, https:\/\/www.tornum.com\/wp-content\/uploads\/2023\/11\/Lamma-2024-e1701168486446-48x30.png 48w, https:\/\/www.tornum.com\/wp-content\/uploads\/2023\/11\/Lamma-2024-e1701168486446-600x372.png 600w\" sizes=\"(max-width: 1024px) 100vw, 1024px\" \/>\t\t\t\t\t\t\t\t\t<div class=\"ha-badge ha-badge--top-right\">17-18.01.2024 Birmingham, UK<\/div>\n\t\t\t\t\t\t\t<\/figure>\n\t\t\n\t\t<div class=\"ha-card-body\">\n\n\t\t\t<h2 class=\"ha-card-title\">LAMMA 2024<\/h2>\n\t\t\t\t\t\t\t<div class=\"ha-card-text\">\n\t\t\t\t\t<p>Explore the UK's leading agricultural machinery, equipment and services show. LAMMA show is the ultimate showcase of agricultural innovation and expertise.<\/p>\n\t\t\t\t<\/div>\n\t\t\t\n\t\t\t<a class=\"ha-btn\" href=\"https:\/\/www.lammashow.com\/\" target=\"_blank\"><span class=\"ha-btn-text\">Czytaj wi\u0119cej <\/span><\/a>\t\t<\/div>\n\t\t\t\t\t\t<\/div>\n\t\t\t\t<\/div>\n\t\t\t\t\t<\/div>\n\t\t<\/div>\n\t\t\t\t<div class=\"elementor-column elementor-col-33 elementor-top-column elementor-element elementor-element-60f78f2\" data-id=\"60f78f2\" data-element_type=\"column\">\n\t\t\t<div class=\"elementor-widget-wrap elementor-element-populated\">\n\t\t\t\t\t\t<div class=\"elementor-element elementor-element-26eeffb ha-card--top ha-card--tablet-top ha-card--mobile-top elementor-widget elementor-widget-ha-card happy-addon ha-card\" data-id=\"26eeffb\" data-element_type=\"widget\" data-widget_type=\"ha-card.default\">\n\t\t\t\t<div class=\"elementor-widget-container\">\n\t\t\t\t\t\n\t\t\t\t\t<figure class=\"ha-card-figure\">\n\t\t\t\t<img decoding=\"async\" width=\"1024\" height=\"576\" src=\"https:\/\/www.tornum.com\/wp-content\/uploads\/2023\/11\/agromashlogo-1024x576.jpeg\" class=\"attachment-large size-large wp-image-19049\" alt=\"\" srcset=\"https:\/\/www.tornum.com\/wp-content\/uploads\/2023\/11\/agromashlogo-1024x576.jpeg 1024w, https:\/\/www.tornum.com\/wp-content\/uploads\/2023\/11\/agromashlogo-300x169.jpeg 300w, https:\/\/www.tornum.com\/wp-content\/uploads\/2023\/11\/agromashlogo-768x432.jpeg 768w, https:\/\/www.tornum.com\/wp-content\/uploads\/2023\/11\/agromashlogo-24x14.jpeg 24w, https:\/\/www.tornum.com\/wp-content\/uploads\/2023\/11\/agromashlogo-36x20.jpeg 36w, https:\/\/www.tornum.com\/wp-content\/uploads\/2023\/11\/agromashlogo-48x27.jpeg 48w, https:\/\/www.tornum.com\/wp-content\/uploads\/2023\/11\/agromashlogo-600x338.jpeg 600w, https:\/\/www.tornum.com\/wp-content\/uploads\/2023\/11\/agromashlogo.jpeg 1200w\" sizes=\"(max-width: 1024px) 100vw, 1024px\" \/>\t\t\t\t\t\t\t\t\t<div class=\"ha-badge ha-badge--top-right\">24-27.01.2024 Budapest, Hungary<\/div>\n\t\t\t\t\t\t\t<\/figure>\n\t\t\n\t\t<div class=\"ha-card-body\">\n\n\t\t\t<h2 class=\"ha-card-title\">AGROMASH EXPO<\/h2>\n\t\t\t\t\t\t\t<div class=\"ha-card-text\">\n\t\t\t\t\t<p>The AGROMASH EXPO in Budapest, Hungary, is a prominent agricultural exhibition that shows the latest advancements in farming technology and equipment.<\/p>\n\t\t\t\t<\/div>\n\t\t\t\n\t\t\t<a class=\"ha-btn\" href=\"https:\/\/agromashexpo.hu\/en\/\" target=\"_blank\"><span class=\"ha-btn-text\">Czytaj wi\u0119cej <\/span><\/a>\t\t<\/div>\n\t\t\t\t\t\t<\/div>\n\t\t\t\t<\/div>\n\t\t\t\t\t<\/div>\n\t\t<\/div>\n\t\t\t\t<div class=\"elementor-column elementor-col-33 elementor-top-column elementor-element elementor-element-6743f12\" data-id=\"6743f12\" data-element_type=\"column\">\n\t\t\t<div class=\"elementor-widget-wrap elementor-element-populated\">\n\t\t\t\t\t\t<div class=\"elementor-element elementor-element-6970c07 ha-card--top ha-card--tablet-top ha-card--mobile-top elementor-widget elementor-widget-ha-card happy-addon ha-card\" data-id=\"6970c07\" data-element_type=\"widget\" data-widget_type=\"ha-card.default\">\n\t\t\t\t<div class=\"elementor-widget-container\">\n\t\t\t\t\t\n\t\t\t\t\t<figure class=\"ha-card-figure\">\n\t\t\t\t<img decoding=\"async\" width=\"1024\" height=\"606\" src=\"https:\/\/www.tornum.com\/wp-content\/uploads\/2023\/12\/FIMA-2024_logo-1024x606.png\" class=\"attachment-large size-large wp-image-19265\" alt=\"\" srcset=\"https:\/\/www.tornum.com\/wp-content\/uploads\/2023\/12\/FIMA-2024_logo-1024x606.png 1024w, https:\/\/www.tornum.com\/wp-content\/uploads\/2023\/12\/FIMA-2024_logo-300x178.png 300w, https:\/\/www.tornum.com\/wp-content\/uploads\/2023\/12\/FIMA-2024_logo-768x455.png 768w, https:\/\/www.tornum.com\/wp-content\/uploads\/2023\/12\/FIMA-2024_logo-1536x910.png 1536w, https:\/\/www.tornum.com\/wp-content\/uploads\/2023\/12\/FIMA-2024_logo-2048x1213.png 2048w, https:\/\/www.tornum.com\/wp-content\/uploads\/2023\/12\/FIMA-2024_logo-24x14.png 24w, https:\/\/www.tornum.com\/wp-content\/uploads\/2023\/12\/FIMA-2024_logo-36x21.png 36w, https:\/\/www.tornum.com\/wp-content\/uploads\/2023\/12\/FIMA-2024_logo-48x28.png 48w, https:\/\/www.tornum.com\/wp-content\/uploads\/2023\/12\/FIMA-2024_logo-600x355.png 600w\" sizes=\"(max-width: 1024px) 100vw, 1024px\" \/>\t\t\t\t\t\t\t\t\t<div class=\"ha-badge ha-badge--top-right\">13-17.02.2024 Zaragoza, Spain<\/div>\n\t\t\t\t\t\t\t<\/figure>\n\t\t\n\t\t<div class=\"ha-card-body\">\n\n\t\t\t<h2 class=\"ha-card-title\">FIMA AGR\u00cdCOLA 2024<\/h2>\n\t\t\t\t\t\t\t<div class=\"ha-card-text\">\n\t\t\t\t\t<p>FIMA Agr\u00edcola, organized by Feria de Zaragoza, is a globally recognized hub for agricultural advancements, celebrating its 60th edition in 2024.<\/p>\n\t\t\t\t<\/div>\n\t\t\t\n\t\t\t<a class=\"ha-btn\" href=\"https:\/\/www.feriazaragoza.com\/fima-agricola\" target=\"_blank\"><span class=\"ha-btn-text\">Czytaj wi\u0119cej <\/span><\/a>\t\t<\/div>\n\t\t\t\t\t\t<\/div>\n\t\t\t\t<\/div>\n\t\t\t\t\t<\/div>\n\t\t<\/div>\n\t\t\t\t\t<\/div>\n\t\t<\/section>\n\t\t\t\t<section class=\"elementor-section elementor-top-section elementor-element elementor-element-df6083e elementor-section-boxed elementor-section-height-default elementor-section-height-default\" data-id=\"df6083e\" data-element_type=\"section\" data-settings=\"{&quot;_ha_eqh_enable&quot;:false}\">\n\t\t\t\t\t\t<div class=\"elementor-container elementor-column-gap-default\">\n\t\t\t\t\t<div class=\"elementor-column elementor-col-100 elementor-top-column elementor-element elementor-element-07f5d01\" data-id=\"07f5d01\" data-element_type=\"column\">\n\t\t\t<div class=\"elementor-widget-wrap elementor-element-populated\">\n\t\t\t\t\t\t<div class=\"elementor-element elementor-element-33467bd elementor-widget elementor-widget-spacer\" data-id=\"33467bd\" data-element_type=\"widget\" data-widget_type=\"spacer.default\">\n\t\t\t\t<div class=\"elementor-widget-container\">\n\t\t\t\t\t\t\t<div class=\"elementor-spacer\">\n\t\t\t<div class=\"elementor-spacer-inner\"><\/div>\n\t\t<\/div>\n\t\t\t\t\t\t<\/div>\n\t\t\t\t<\/div>\n\t\t\t\t\t<\/div>\n\t\t<\/div>\n\t\t\t\t\t<\/div>\n\t\t<\/section>\n\t\t\t\t<\/div>\n\t\t","protected":false},"excerpt":{"rendered":"<p>Wystawy i wydarzenia Opr\u00f3cz wydarze\u0144 i imprez og\u00f3lnokrajowych, w naszych biurach i zak\u0142adach oraz w ich okolicy odbywaj\u0105 si\u0119 mi\u0119dzy innymi liczne wystawy lokalne, dni otwarte i szkolenia. Wi\u0119cej informacji mo\u017cna uzyska\u0107 klikaj\u0105c opis lub tytu\u0142 wydarzenia lub w najbli\u017cszym biurze firmy Tornum. 17-18.01.2024 Birmingham, UK LAMMA 2024 Explore the UK&#8217;s leading agricultural machinery, equipment&hellip;<\/p>\n","protected":false},"author":1,"featured_media":0,"parent":0,"menu_order":0,"comment_status":"closed","ping_status":"closed","template":"","meta":{"_acf_changed":false,"footnotes":""},"class_list":["post-32346","page","type-page","status-publish","hentry"],"acf":[],"_links":{"self":[{"href":"https:\/\/www.tornum.com\/pl\/wp-json\/wp\/v2\/pages\/32346","targetHints":{"allow":["GET"]}}],"collection":[{"href":"https:\/\/www.tornum.com\/pl\/wp-json\/wp\/v2\/pages"}],"about":[{"href":"https:\/\/www.tornum.com\/pl\/wp-json\/wp\/v2\/types\/page"}],"author":[{"embeddable":true,"href":"https:\/\/www.tornum.com\/pl\/wp-json\/wp\/v2\/users\/1"}],"replies":[{"embeddable":true,"href":"https:\/\/www.tornum.com\/pl\/wp-json\/wp\/v2\/comments?post=32346"}],"version-history":[{"count":21,"href":"https:\/\/www.tornum.com\/pl\/wp-json\/wp\/v2\/pages\/32346\/revisions"}],"predecessor-version":[{"id":37377,"href":"https:\/\/www.tornum.com\/pl\/wp-json\/wp\/v2\/pages\/32346\/revisions\/37377"}],"wp:attachment":[{"href":"https:\/\/www.tornum.com\/pl\/wp-json\/wp\/v2\/media?parent=32346"}],"curies":[{"name":"wp","href":"https:\/\/api.w.org\/{rel}","templated":true}]}}