{"id":34164,"date":"2023-05-02T20:20:35","date_gmt":"2023-05-02T20:20:35","guid":{"rendered":"https:\/\/www.tornum.com\/reference-feed\/"},"modified":"2025-05-18T12:16:53","modified_gmt":"2025-05-18T12:16:53","slug":"reference-feed","status":"publish","type":"page","link":"https:\/\/www.tornum.com\/pl\/reference-feed\/","title":{"rendered":"BRA\u017bNA PASZOWA"},"content":{"rendered":"\t\t<div data-elementor-type=\"wp-page\" data-elementor-id=\"34164\" class=\"elementor elementor-34164 elementor-9944\" data-elementor-settings=\"{&quot;ha_cmc_init_switcher&quot;:&quot;no&quot;}\" data-elementor-post-type=\"page\">\n\t\t\t\t\t\t<section class=\"elementor-section elementor-top-section elementor-element elementor-element-6288721 elementor-section-boxed elementor-section-height-default elementor-section-height-default\" data-id=\"6288721\" data-element_type=\"section\" data-settings=\"{&quot;_ha_eqh_enable&quot;:false}\">\n\t\t\t\t\t\t<div class=\"elementor-container elementor-column-gap-default\">\n\t\t\t\t\t<div class=\"elementor-column elementor-col-100 elementor-top-column elementor-element elementor-element-145ab86\" data-id=\"145ab86\" data-element_type=\"column\">\n\t\t\t<div class=\"elementor-widget-wrap elementor-element-populated\">\n\t\t\t\t\t\t<div class=\"elementor-element elementor-element-b992879 elementor-widget elementor-widget-spacer\" data-id=\"b992879\" data-element_type=\"widget\" data-widget_type=\"spacer.default\">\n\t\t\t\t<div class=\"elementor-widget-container\">\n\t\t\t\t\t\t\t<div class=\"elementor-spacer\">\n\t\t\t<div class=\"elementor-spacer-inner\"><\/div>\n\t\t<\/div>\n\t\t\t\t\t\t<\/div>\n\t\t\t\t<\/div>\n\t\t\t\t<div class=\"elementor-element elementor-element-5f43abe elementor-widget elementor-widget-heading\" data-id=\"5f43abe\" data-element_type=\"widget\" data-widget_type=\"heading.default\">\n\t\t\t\t<div class=\"elementor-widget-container\">\n\t\t\t\t\t<h2 class=\"elementor-heading-title elementor-size-default\">Referencje paszowe\n<\/h2>\t\t\t\t<\/div>\n\t\t\t\t<\/div>\n\t\t\t\t<div class=\"elementor-element elementor-element-4878c3a elementor-widget elementor-widget-spacer\" data-id=\"4878c3a\" data-element_type=\"widget\" data-widget_type=\"spacer.default\">\n\t\t\t\t<div class=\"elementor-widget-container\">\n\t\t\t\t\t\t\t<div class=\"elementor-spacer\">\n\t\t\t<div class=\"elementor-spacer-inner\"><\/div>\n\t\t<\/div>\n\t\t\t\t\t\t<\/div>\n\t\t\t\t<\/div>\n\t\t\t\t<div class=\"elementor-element elementor-element-6ac81f1 elementor-widget elementor-widget-text-editor\" data-id=\"6ac81f1\" data-element_type=\"widget\" data-widget_type=\"text-editor.default\">\n\t\t\t\t<div class=\"elementor-widget-container\">\n\t\t\t\t\t\t\t\t\t<p>Odkryj rozleg\u0142\u0105 sie\u0107 referencyjn\u0105 zaawansowanych zak\u0142ad\u00f3w paszowych Tornum na ca\u0142ym \u015bwiecie. Te obiekty rozci\u0105gaj\u0105 si\u0119 na r\u00f3\u017cnych kontynentach, oferuj\u0105c usprawnione rozwi\u0105zania dla efektywnej obs\u0142ugi, magazynowania i transportu pasz. Elastyczne rozwi\u0105zania dostosowuj\u0105 si\u0119 do r\u00f3\u017cnorodnych wielko\u015bci produkcji, zapewniaj\u0105c szybkie i ekonomiczne wyniki.<\/p>\t\t\t\t\t\t\t\t<\/div>\n\t\t\t\t<\/div>\n\t\t\t\t<div class=\"elementor-element elementor-element-f812a79 elementor-widget elementor-widget-spacer\" data-id=\"f812a79\" data-element_type=\"widget\" data-widget_type=\"spacer.default\">\n\t\t\t\t<div class=\"elementor-widget-container\">\n\t\t\t\t\t\t\t<div class=\"elementor-spacer\">\n\t\t\t<div class=\"elementor-spacer-inner\"><\/div>\n\t\t<\/div>\n\t\t\t\t\t\t<\/div>\n\t\t\t\t<\/div>\n\t\t\t\t\t<\/div>\n\t\t<\/div>\n\t\t\t\t\t<\/div>\n\t\t<\/section>\n\t\t\t\t<section class=\"elementor-section elementor-top-section elementor-element elementor-element-db12f3f elementor-section-boxed elementor-section-height-default elementor-section-height-default\" data-id=\"db12f3f\" data-element_type=\"section\" data-settings=\"{&quot;background_background&quot;:&quot;classic&quot;,&quot;_ha_eqh_enable&quot;:false}\">\n\t\t\t\t\t\t<div class=\"elementor-container elementor-column-gap-default\">\n\t\t\t\t\t<div class=\"elementor-column elementor-col-100 elementor-top-column elementor-element elementor-element-8bdb751\" data-id=\"8bdb751\" data-element_type=\"column\">\n\t\t\t<div class=\"elementor-widget-wrap elementor-element-populated\">\n\t\t\t\t\t\t\t<\/div>\n\t\t<\/div>\n\t\t\t\t\t<\/div>\n\t\t<\/section>\n\t\t\t\t<section class=\"elementor-section elementor-top-section elementor-element elementor-element-5fcb1fa elementor-section-boxed elementor-section-height-default elementor-section-height-default\" data-id=\"5fcb1fa\" data-element_type=\"section\" data-settings=\"{&quot;_ha_eqh_enable&quot;:false}\">\n\t\t\t\t\t\t<div class=\"elementor-container elementor-column-gap-default\">\n\t\t\t\t\t<div class=\"elementor-column elementor-col-100 elementor-top-column elementor-element elementor-element-41aa65b\" data-id=\"41aa65b\" data-element_type=\"column\">\n\t\t\t<div class=\"elementor-widget-wrap elementor-element-populated\">\n\t\t\t\t\t\t<div class=\"elementor-element elementor-element-84669b3 elementor-widget elementor-widget-spacer\" data-id=\"84669b3\" data-element_type=\"widget\" data-widget_type=\"spacer.default\">\n\t\t\t\t<div class=\"elementor-widget-container\">\n\t\t\t\t\t\t\t<div class=\"elementor-spacer\">\n\t\t\t<div class=\"elementor-spacer-inner\"><\/div>\n\t\t<\/div>\n\t\t\t\t\t\t<\/div>\n\t\t\t\t<\/div>\n\t\t\t\t\t<\/div>\n\t\t<\/div>\n\t\t\t\t\t<\/div>\n\t\t<\/section>\n\t\t\t\t<\/div>\n\t\t","protected":false},"excerpt":{"rendered":"<p>Referencje paszowe Odkryj rozleg\u0142\u0105 sie\u0107 referencyjn\u0105 zaawansowanych zak\u0142ad\u00f3w paszowych Tornum na ca\u0142ym \u015bwiecie. Te obiekty rozci\u0105gaj\u0105 si\u0119 na r\u00f3\u017cnych kontynentach, oferuj\u0105c usprawnione rozwi\u0105zania dla efektywnej obs\u0142ugi, magazynowania i transportu pasz. Elastyczne rozwi\u0105zania dostosowuj\u0105 si\u0119 do r\u00f3\u017cnorodnych wielko\u015bci produkcji, zapewniaj\u0105c szybkie i ekonomiczne wyniki.<\/p>\n","protected":false},"author":1,"featured_media":0,"parent":0,"menu_order":0,"comment_status":"closed","ping_status":"closed","template":"","meta":{"_acf_changed":false,"footnotes":""},"class_list":["post-34164","page","type-page","status-publish","hentry"],"acf":[],"_links":{"self":[{"href":"https:\/\/www.tornum.com\/pl\/wp-json\/wp\/v2\/pages\/34164","targetHints":{"allow":["GET"]}}],"collection":[{"href":"https:\/\/www.tornum.com\/pl\/wp-json\/wp\/v2\/pages"}],"about":[{"href":"https:\/\/www.tornum.com\/pl\/wp-json\/wp\/v2\/types\/page"}],"author":[{"embeddable":true,"href":"https:\/\/www.tornum.com\/pl\/wp-json\/wp\/v2\/users\/1"}],"replies":[{"embeddable":true,"href":"https:\/\/www.tornum.com\/pl\/wp-json\/wp\/v2\/comments?post=34164"}],"version-history":[{"count":7,"href":"https:\/\/www.tornum.com\/pl\/wp-json\/wp\/v2\/pages\/34164\/revisions"}],"predecessor-version":[{"id":48447,"href":"https:\/\/www.tornum.com\/pl\/wp-json\/wp\/v2\/pages\/34164\/revisions\/48447"}],"wp:attachment":[{"href":"https:\/\/www.tornum.com\/pl\/wp-json\/wp\/v2\/media?parent=34164"}],"curies":[{"name":"wp","href":"https:\/\/api.w.org\/{rel}","templated":true}]}}