{"id":48373,"date":"2025-05-15T09:08:13","date_gmt":"2025-05-15T09:08:13","guid":{"rendered":"https:\/\/www.tornum.com\/?page_id=48373"},"modified":"2025-05-24T15:48:22","modified_gmt":"2025-05-24T15:48:22","slug":"lpt","status":"publish","type":"page","link":"https:\/\/www.tornum.com\/pl\/lpt\/","title":{"rendered":"LPT"},"content":{"rendered":"\t\t<div data-elementor-type=\"wp-page\" data-elementor-id=\"48373\" class=\"elementor elementor-48373 elementor-48372\" data-elementor-settings=\"{&quot;ha_cmc_init_switcher&quot;:&quot;no&quot;}\" data-elementor-post-type=\"page\">\n\t\t\t\t\t\t<section class=\"elementor-section elementor-top-section elementor-element elementor-element-b0df5a1 elementor-section-boxed elementor-section-height-default elementor-section-height-default\" data-id=\"b0df5a1\" data-element_type=\"section\" data-settings=\"{&quot;_ha_eqh_enable&quot;:false}\">\n\t\t\t\t\t\t<div class=\"elementor-container elementor-column-gap-default\">\n\t\t\t\t\t<div class=\"elementor-column elementor-col-100 elementor-top-column elementor-element elementor-element-e435765\" data-id=\"e435765\" data-element_type=\"column\">\n\t\t\t<div class=\"elementor-widget-wrap\">\n\t\t\t\t\t\t\t<\/div>\n\t\t<\/div>\n\t\t\t\t\t<\/div>\n\t\t<\/section>\n\t\t\t\t<section class=\"elementor-section elementor-top-section elementor-element elementor-element-91e0499 elementor-section-stretched elementor-section-full_width abt-header elementor-section-height-default elementor-section-height-default\" data-id=\"91e0499\" data-element_type=\"section\" data-settings=\"{&quot;stretch_section&quot;:&quot;section-stretched&quot;,&quot;_ha_eqh_enable&quot;:false}\">\n\t\t\t\t\t\t<div class=\"elementor-container elementor-column-gap-default\">\n\t\t\t\t\t<div class=\"elementor-column elementor-col-50 elementor-top-column elementor-element elementor-element-690b4fd dj-left-con\" data-id=\"690b4fd\" data-element_type=\"column\">\n\t\t\t<div class=\"elementor-widget-wrap elementor-element-populated\">\n\t\t\t\t\t\t<div class=\"elementor-element elementor-element-9a1b5cc elementor-hidden-desktop elementor-hidden-tablet elementor-widget elementor-widget-spacer\" data-id=\"9a1b5cc\" data-element_type=\"widget\" data-widget_type=\"spacer.default\">\n\t\t\t\t<div class=\"elementor-widget-container\">\n\t\t\t\t\t\t\t<div class=\"elementor-spacer\">\n\t\t\t<div class=\"elementor-spacer-inner\"><\/div>\n\t\t<\/div>\n\t\t\t\t\t\t<\/div>\n\t\t\t\t<\/div>\n\t\t\t\t<div class=\"elementor-element elementor-element-0e1de5f elementor-widget elementor-widget-heading\" data-id=\"0e1de5f\" data-element_type=\"widget\" data-widget_type=\"heading.default\">\n\t\t\t\t<div class=\"elementor-widget-container\">\n\t\t\t\t\t<h1 class=\"elementor-heading-title elementor-size-default\"><font color=\"#224585\">LPT<\/font><\/h1>\t\t\t\t<\/div>\n\t\t\t\t<\/div>\n\t\t\t\t<div class=\"elementor-element elementor-element-61d3e9e elementor-hidden-tablet elementor-hidden-mobile elementor-widget elementor-widget-heading\" data-id=\"61d3e9e\" data-element_type=\"widget\" data-widget_type=\"heading.default\">\n\t\t\t\t<div class=\"elementor-widget-container\">\n\t\t\t\t\t<h6 class=\"elementor-heading-title elementor-size-default\"><font color=\"#224585\">Obs\u0142uga dla najwa\u017cniejszej bran\u017cy na \u015bwiecie<\/font>\n\n<\/h6>\t\t\t\t<\/div>\n\t\t\t\t<\/div>\n\t\t\t\t<div class=\"elementor-element elementor-element-10d5e8f elementor-widget elementor-widget-text-editor\" data-id=\"10d5e8f\" data-element_type=\"widget\" data-widget_type=\"text-editor.default\">\n\t\t\t\t<div class=\"elementor-widget-container\">\n\t\t\t\t\t\t\t\t\t<p>Lidk\u00f6pings Pl\u00e5tteknik AB jest od kwietnia 2015 roku w pe\u0142ni zale\u017cn\u0105 sp\u00f3\u0142k\u0105-c\u00f3rk\u0105 Tornum AB z Kv\u00e4num i stanowi doskona\u0142e uzupe\u0142nienie szerokiej oferty Tornum w zakresie urz\u0105dze\u0144 do suszenia i przechowywania zb\u00f3\u017c. Przej\u0119cie Lidk\u00f6pings Pl\u00e5tteknik jest cz\u0119\u015bci\u0105 strategii Tornum, maj\u0105cej na celu rozw\u00f3j szwedzkiego przemys\u0142u zbo\u017cowego. <\/p>\n<p>LPT oferuje serwis, przebudowy, rozbudowy oraz budow\u0119 nowych instalacji zbo\u017cowych dla przemys\u0142u paszowego i zbo\u017cowego. Dzi\u0119ki wieloletniemu do\u015bwiadczeniu firma sta\u0142a si\u0119 wiod\u0105cym partnerem szwedzkiego przemys\u0142u paszowego i zbo\u017cowego. Nasi do\u015bwiadczeni monterzy wiedz\u0105, co jest potrzebne do serwisu i przebudowy, oraz maj\u0105 praktyczne do\u015bwiadczenie w zakresie wymaga\u0144 stawianych nowoczesnym instalacjom zbo\u017cowym. <\/p>\n<p>Poza typowymi pracami serwisowymi i monta\u017cowymi, LPT mo\u017ce zaoferowa\u0107 specjalnie projektowane elewatory, przeno\u015bniki i urz\u0105dzenia pomocnicze, kt\u00f3re s\u0105 projektowane przez naszych technik\u00f3w i produkowane we w\u0142asnym warsztacie.<\/p>\n\t\t\t\t\t\t\t\t<\/div>\n\t\t\t\t<\/div>\n\t\t\t\t\t<\/div>\n\t\t<\/div>\n\t\t\t\t<div class=\"elementor-column elementor-col-50 elementor-top-column elementor-element elementor-element-831b69e\" data-id=\"831b69e\" data-element_type=\"column\" data-settings=\"{&quot;background_background&quot;:&quot;classic&quot;}\">\n\t\t\t<div class=\"elementor-widget-wrap elementor-element-populated\">\n\t\t\t\t\t\t<div class=\"elementor-element elementor-element-b9045cb elementor-widget elementor-widget-image\" data-id=\"b9045cb\" data-element_type=\"widget\" data-widget_type=\"image.default\">\n\t\t\t\t<div class=\"elementor-widget-container\">\n\t\t\t\t\t\t\t\t\t\t\t\t\t\t\t<img fetchpriority=\"high\" decoding=\"async\" width=\"1024\" height=\"568\" src=\"https:\/\/www.tornum.com\/wp-content\/uploads\/2025\/03\/tmep_picture_1-3-1024x568.png\" class=\"attachment-large size-large wp-image-46955\" alt=\"\" srcset=\"https:\/\/www.tornum.com\/wp-content\/uploads\/2025\/03\/tmep_picture_1-3-1024x568.png 1024w, https:\/\/www.tornum.com\/wp-content\/uploads\/2025\/03\/tmep_picture_1-3-300x166.png 300w, https:\/\/www.tornum.com\/wp-content\/uploads\/2025\/03\/tmep_picture_1-3-768x426.png 768w, https:\/\/www.tornum.com\/wp-content\/uploads\/2025\/03\/tmep_picture_1-3-24x13.png 24w, https:\/\/www.tornum.com\/wp-content\/uploads\/2025\/03\/tmep_picture_1-3-36x20.png 36w, https:\/\/www.tornum.com\/wp-content\/uploads\/2025\/03\/tmep_picture_1-3-48x27.png 48w, https:\/\/www.tornum.com\/wp-content\/uploads\/2025\/03\/tmep_picture_1-3.png 1305w\" sizes=\"(max-width: 1024px) 100vw, 1024px\" \/>\t\t\t\t\t\t\t\t\t\t\t\t\t\t\t<\/div>\n\t\t\t\t<\/div>\n\t\t\t\t\t<\/div>\n\t\t<\/div>\n\t\t\t\t\t<\/div>\n\t\t<\/section>\n\t\t\t\t<section class=\"elementor-section elementor-top-section elementor-element elementor-element-2e675a4 elementor-section-stretched elementor-section-full_width abt-header elementor-section-height-default elementor-section-height-default\" data-id=\"2e675a4\" data-element_type=\"section\" data-settings=\"{&quot;stretch_section&quot;:&quot;section-stretched&quot;,&quot;_ha_eqh_enable&quot;:false}\">\n\t\t\t\t\t\t<div class=\"elementor-container elementor-column-gap-default\">\n\t\t\t\t\t<div class=\"elementor-column elementor-col-50 elementor-top-column elementor-element elementor-element-fc5fdbb\" data-id=\"fc5fdbb\" data-element_type=\"column\" data-settings=\"{&quot;background_background&quot;:&quot;classic&quot;}\">\n\t\t\t<div class=\"elementor-widget-wrap elementor-element-populated\">\n\t\t\t\t\t\t<div class=\"elementor-element elementor-element-a2ccc42 elementor-widget elementor-widget-image\" data-id=\"a2ccc42\" data-element_type=\"widget\" data-widget_type=\"image.default\">\n\t\t\t\t<div class=\"elementor-widget-container\">\n\t\t\t\t\t\t\t\t\t\t\t\t\t\t\t<img decoding=\"async\" width=\"720\" height=\"405\" src=\"https:\/\/www.tornum.com\/wp-content\/uploads\/2025\/03\/tornum-lpt-tjanster-1.jpg\" class=\"attachment-large size-large wp-image-47036\" alt=\"\" srcset=\"https:\/\/www.tornum.com\/wp-content\/uploads\/2025\/03\/tornum-lpt-tjanster-1.jpg 720w, https:\/\/www.tornum.com\/wp-content\/uploads\/2025\/03\/tornum-lpt-tjanster-1-300x169.jpg 300w, https:\/\/www.tornum.com\/wp-content\/uploads\/2025\/03\/tornum-lpt-tjanster-1-24x14.jpg 24w, https:\/\/www.tornum.com\/wp-content\/uploads\/2025\/03\/tornum-lpt-tjanster-1-36x20.jpg 36w, https:\/\/www.tornum.com\/wp-content\/uploads\/2025\/03\/tornum-lpt-tjanster-1-48x27.jpg 48w, https:\/\/www.tornum.com\/wp-content\/uploads\/2025\/03\/tornum-lpt-tjanster-1-600x338.jpg 600w\" sizes=\"(max-width: 720px) 100vw, 720px\" \/>\t\t\t\t\t\t\t\t\t\t\t\t\t\t\t<\/div>\n\t\t\t\t<\/div>\n\t\t\t\t\t<\/div>\n\t\t<\/div>\n\t\t\t\t<div class=\"elementor-column elementor-col-50 elementor-top-column elementor-element elementor-element-fe1e124 dj-left-con\" data-id=\"fe1e124\" data-element_type=\"column\">\n\t\t\t<div class=\"elementor-widget-wrap elementor-element-populated\">\n\t\t\t\t\t\t<div class=\"elementor-element elementor-element-1539af4 elementor-widget elementor-widget-heading\" data-id=\"1539af4\" data-element_type=\"widget\" data-widget_type=\"heading.default\">\n\t\t\t\t<div class=\"elementor-widget-container\">\n\t\t\t\t\t<h6 class=\"elementor-heading-title elementor-size-default\"><h1 style=\"font-style: normal;font-family: Poppins, sans-serif;text-transform: none;letter-spacing: normal\"><h1 style=\"font-style: normal;font-family: Poppins, sans-serif;text-transform: none;letter-spacing: normal\"><a>Us\u0142ugi<\/a><\/h1><\/h1><\/h6>\t\t\t\t<\/div>\n\t\t\t\t<\/div>\n\t\t\t\t<div class=\"elementor-element elementor-element-8e97840 elementor-widget elementor-widget-text-editor\" data-id=\"8e97840\" data-element_type=\"widget\" data-widget_type=\"text-editor.default\">\n\t\t\t\t<div class=\"elementor-widget-container\">\n\t\t\t\t\t\t\t\t\t<p class=\"p2\"><b>Lidk\u00f6pings Pl\u00e5tteknik \u015bwiadczy wszystkie us\u0142ugi w zakresie serwisu, konserwacji i monta\u017cu dla przemys\u0142u zbo\u017cowego i paszowego. Nasza wiedza i do\u015bwiadczenie sprawi\u0142y, \u017ce jeste\u015bmy cenionym partnerem w\u015br\u00f3d czo\u0142owych firm w Szwecji. <\/b><\/p>\n<p class=\"p2\">Kliknij na nag\u0142\u00f3wki, aby uzyska\u0107 wi\u0119cej informacji o poszczeg\u00f3lnych us\u0142ugach.<\/p>\n<p class=\"p2\"><span class=\"s1\"><a href=\"https:\/\/www2.tornum.com\/sv\/lpts-tjanster-projektinstallation\/\"><b>Instalacja projektowa<\/b><\/a><\/span><br \/>Budowa nowych obiekt\u00f3w wymaga dok\u0142adnego planowania oraz zaufanego partnera, kt\u00f3ry pomo\u017ce przej\u015b\u0107 przez ca\u0142y proces. LPT od pocz\u0105tku swojej dzia\u0142alno\u015bci realizuje budowy zar\u00f3wno konstrukcji stalowych, jak i instalacj\u0119 nowego wyposa\u017cenia maszynowego dla przemys\u0142u zbo\u017cowego w ca\u0142ej Szwecji. <\/p>\n<p class=\"p2\"><span class=\"s1\"><a href=\"https:\/\/www2.tornum.com\/sv\/lpts-tjanster-underhall\/\"><b>Konserwacja zapobiegawcza<\/b><\/a><\/span><br \/>Oferowane us\u0142ugi mog\u0105 obejmowa\u0107 pojedyncze prace serwisowe a\u017c po d\u0142ugoterminowe umowy serwisowe i dy\u017cury. Wszystkie prace wykonywane s\u0105 przez naszych do\u015bwiadczonych pracownik\u00f3w, kt\u00f3rzy posiadaj\u0105 solidn\u0105 wiedz\u0119 techniczn\u0105 oraz znajomo\u015b\u0107 wymaga\u0144 stawianych nowoczesnemu szwedzkiemu przemys\u0142owi zbo\u017cowemu. <\/p>\n<p class=\"p2\"><span class=\"s1\"><a href=\"https:\/\/www2.tornum.com\/sv\/lpts-tjanster-ombyggnation\/\"><b>Przebudowa<\/b><\/a><\/span><br \/>LPT oferuje wszystkie rodzaje przebud\u00f3w silos\u00f3w, przeno\u015bnik\u00f3w, elewator\u00f3w, system\u00f3w aspiracyjnych itp., aby zwi\u0119kszy\u0107 efektywno\u015b\u0107 energetyczn\u0105 i wydajno\u015b\u0107 zak\u0142ad\u00f3w.<\/p>\n<p class=\"p2\"><span class=\"s1\"><a href=\"https:\/\/www2.tornum.com\/sv\/lpts-tjanster-silorengoring\/\"><b>Czyszczenie silos\u00f3w<br \/><\/b><\/a><\/span><br \/>LPT wykonuje czyszczenie silos\u00f3w w spos\u00f3b profesjonalny i bezpieczny, w odpowiednich porach roku, aby jak najmniej zak\u0142\u00f3ca\u0107 prac\u0119 zak\u0142adu.<\/p>\n\t\t\t\t\t\t\t\t<\/div>\n\t\t\t\t<\/div>\n\t\t\t\t\t<\/div>\n\t\t<\/div>\n\t\t\t\t\t<\/div>\n\t\t<\/section>\n\t\t\t\t<section class=\"elementor-section elementor-top-section elementor-element elementor-element-53d26cb elementor-section-stretched elementor-section-full_width abt-header elementor-section-height-default elementor-section-height-default\" data-id=\"53d26cb\" data-element_type=\"section\" data-settings=\"{&quot;stretch_section&quot;:&quot;section-stretched&quot;,&quot;_ha_eqh_enable&quot;:false}\">\n\t\t\t\t\t\t<div class=\"elementor-container elementor-column-gap-default\">\n\t\t\t\t\t<div class=\"elementor-column elementor-col-50 elementor-top-column elementor-element elementor-element-28253eb dj-left-con\" data-id=\"28253eb\" data-element_type=\"column\">\n\t\t\t<div class=\"elementor-widget-wrap elementor-element-populated\">\n\t\t\t\t\t\t<div class=\"elementor-element elementor-element-654fe23 elementor-hidden-desktop elementor-hidden-tablet elementor-widget elementor-widget-spacer\" data-id=\"654fe23\" data-element_type=\"widget\" data-widget_type=\"spacer.default\">\n\t\t\t\t<div class=\"elementor-widget-container\">\n\t\t\t\t\t\t\t<div class=\"elementor-spacer\">\n\t\t\t<div class=\"elementor-spacer-inner\"><\/div>\n\t\t<\/div>\n\t\t\t\t\t\t<\/div>\n\t\t\t\t<\/div>\n\t\t\t\t<div class=\"elementor-element elementor-element-11cf90b elementor-widget elementor-widget-heading\" data-id=\"11cf90b\" data-element_type=\"widget\" data-widget_type=\"heading.default\">\n\t\t\t\t<div class=\"elementor-widget-container\">\n\t\t\t\t\t<h1 class=\"elementor-heading-title elementor-size-default\"><a>Asortyment<\/a><\/h1>\t\t\t\t<\/div>\n\t\t\t\t<\/div>\n\t\t\t\t<div class=\"elementor-element elementor-element-b8f9ad9 elementor-hidden-tablet elementor-hidden-mobile elementor-widget elementor-widget-heading\" data-id=\"b8f9ad9\" data-element_type=\"widget\" data-widget_type=\"heading.default\">\n\t\t\t\t<div class=\"elementor-widget-container\">\n\t\t\t\t\t<h6 class=\"elementor-heading-title elementor-size-default\"><p class=\"p2\" style=\"font-size: 16px\"><span style=\"font-weight: 700\">LPT oferuje wszystko, od pojedynczych cz\u0119\u015bci zamiennych po dopasowane na miar\u0119 elewatory, przeno\u015bniki oraz kompletne systemy aspiracyjne. Ca\u0142y asortyment mo\u017ce by\u0107 montowany przez naszych do\u015bwiadczonych i wykwalifikowanych monter\u00f3w. <\/span><\/p><ul class=\"ul1\" style=\"margin-bottom: 10px;font-size: 16px\"><li class=\"li2\"><span class=\"s1\"><a href=\"https:\/\/www2.tornum.com\/sv\/lpts-produkter\/\"><span class=\"s2\"><b>Rury zbo\u017cowe i rozdzielacze<\/b><\/span><\/a><\/span><\/li><li class=\"li2\"><span class=\"s1\"><a href=\"https:\/\/www2.tornum.com\/sv\/lpts-produkter-2\/\"><span class=\"s2\"><b>Elewatory<\/b><\/span><\/a><\/span><\/li><li class=\"li2\"><span class=\"s1\"><a href=\"https:\/\/www2.tornum.com\/sv\/lpts-produkter-3\/\"><span class=\"s2\"><b>Przeno\u015bniki<\/b><\/span><\/a><\/span><\/li><li class=\"li2\"><span class=\"s1\"><a href=\"https:\/\/www2.tornum.com\/sv\/lpts-produkter-4\/\"><span class=\"s2\"><b>Aspiracja<\/b><\/span><\/a><\/span><\/li><\/ul><\/h6>\t\t\t\t<\/div>\n\t\t\t\t<\/div>\n\t\t\t\t\t<\/div>\n\t\t<\/div>\n\t\t\t\t<div class=\"elementor-column elementor-col-50 elementor-top-column elementor-element elementor-element-52d458b\" data-id=\"52d458b\" data-element_type=\"column\" data-settings=\"{&quot;background_background&quot;:&quot;classic&quot;}\">\n\t\t\t<div class=\"elementor-widget-wrap elementor-element-populated\">\n\t\t\t\t\t\t<div class=\"elementor-element elementor-element-86e45e2 elementor-widget elementor-widget-image\" data-id=\"86e45e2\" data-element_type=\"widget\" data-widget_type=\"image.default\">\n\t\t\t\t<div class=\"elementor-widget-container\">\n\t\t\t\t\t\t\t\t\t\t\t\t\t\t\t<img decoding=\"async\" width=\"747\" height=\"420\" src=\"https:\/\/www.tornum.com\/wp-content\/uploads\/2025\/03\/lpt-jacob-spannmalsror-thumbnails.png\" class=\"attachment-large size-large wp-image-47047\" alt=\"\" srcset=\"https:\/\/www.tornum.com\/wp-content\/uploads\/2025\/03\/lpt-jacob-spannmalsror-thumbnails.png 747w, https:\/\/www.tornum.com\/wp-content\/uploads\/2025\/03\/lpt-jacob-spannmalsror-thumbnails-300x169.png 300w, https:\/\/www.tornum.com\/wp-content\/uploads\/2025\/03\/lpt-jacob-spannmalsror-thumbnails-24x13.png 24w, https:\/\/www.tornum.com\/wp-content\/uploads\/2025\/03\/lpt-jacob-spannmalsror-thumbnails-36x20.png 36w, https:\/\/www.tornum.com\/wp-content\/uploads\/2025\/03\/lpt-jacob-spannmalsror-thumbnails-48x27.png 48w, https:\/\/www.tornum.com\/wp-content\/uploads\/2025\/03\/lpt-jacob-spannmalsror-thumbnails-600x337.png 600w\" sizes=\"(max-width: 747px) 100vw, 747px\" \/>\t\t\t\t\t\t\t\t\t\t\t\t\t\t\t<\/div>\n\t\t\t\t<\/div>\n\t\t\t\t\t<\/div>\n\t\t<\/div>\n\t\t\t\t\t<\/div>\n\t\t<\/section>\n\t\t\t\t<section class=\"elementor-section elementor-top-section elementor-element elementor-element-e2b295d elementor-section-stretched elementor-section-full_width abt-header elementor-section-height-default elementor-section-height-default\" data-id=\"e2b295d\" data-element_type=\"section\" data-settings=\"{&quot;stretch_section&quot;:&quot;section-stretched&quot;,&quot;_ha_eqh_enable&quot;:false}\">\n\t\t\t\t\t\t<div class=\"elementor-container elementor-column-gap-default\">\n\t\t\t\t\t<div class=\"elementor-column elementor-col-50 elementor-top-column elementor-element elementor-element-5ba5b52\" data-id=\"5ba5b52\" data-element_type=\"column\" data-settings=\"{&quot;background_background&quot;:&quot;classic&quot;}\">\n\t\t\t<div class=\"elementor-widget-wrap elementor-element-populated\">\n\t\t\t\t\t\t<div class=\"elementor-element elementor-element-2b96108 elementor-widget elementor-widget-image\" data-id=\"2b96108\" data-element_type=\"widget\" data-widget_type=\"image.default\">\n\t\t\t\t<div class=\"elementor-widget-container\">\n\t\t\t\t\t\t\t\t\t\t\t\t\t\t\t<img loading=\"lazy\" decoding=\"async\" width=\"1024\" height=\"640\" src=\"https:\/\/www.tornum.com\/wp-content\/uploads\/2024\/08\/nidera-1024x640-1.jpg\" class=\"attachment-large size-large wp-image-42317\" alt=\"\" srcset=\"https:\/\/www.tornum.com\/wp-content\/uploads\/2024\/08\/nidera-1024x640-1.jpg 1024w, https:\/\/www.tornum.com\/wp-content\/uploads\/2024\/08\/nidera-1024x640-1-300x188.jpg 300w, https:\/\/www.tornum.com\/wp-content\/uploads\/2024\/08\/nidera-1024x640-1-768x480.jpg 768w, https:\/\/www.tornum.com\/wp-content\/uploads\/2024\/08\/nidera-1024x640-1-24x15.jpg 24w, https:\/\/www.tornum.com\/wp-content\/uploads\/2024\/08\/nidera-1024x640-1-36x23.jpg 36w, https:\/\/www.tornum.com\/wp-content\/uploads\/2024\/08\/nidera-1024x640-1-48x30.jpg 48w, https:\/\/www.tornum.com\/wp-content\/uploads\/2024\/08\/nidera-1024x640-1-600x375.jpg 600w\" sizes=\"(max-width: 1024px) 100vw, 1024px\" \/>\t\t\t\t\t\t\t\t\t\t\t\t\t\t\t<\/div>\n\t\t\t\t<\/div>\n\t\t\t\t\t<\/div>\n\t\t<\/div>\n\t\t\t\t<div class=\"elementor-column elementor-col-50 elementor-top-column elementor-element elementor-element-0d31128 dj-left-con\" data-id=\"0d31128\" data-element_type=\"column\">\n\t\t\t<div class=\"elementor-widget-wrap elementor-element-populated\">\n\t\t\t\t\t\t<div class=\"elementor-element elementor-element-4ac1eac elementor-widget elementor-widget-heading\" data-id=\"4ac1eac\" data-element_type=\"widget\" data-widget_type=\"heading.default\">\n\t\t\t\t<div class=\"elementor-widget-container\">\n\t\t\t\t\t<h1 class=\"elementor-heading-title elementor-size-default\"><a>Referencje<\/a><\/h1>\t\t\t\t<\/div>\n\t\t\t\t<\/div>\n\t\t\t\t<div class=\"elementor-element elementor-element-306a99b elementor-widget elementor-widget-text-editor\" data-id=\"306a99b\" data-element_type=\"widget\" data-widget_type=\"text-editor.default\">\n\t\t\t\t<div class=\"elementor-widget-container\">\n\t\t\t\t\t\t\t\t\t<p class=\"p1\" style=\"margin-bottom: 10px;\"><span class=\"s1\"><a href=\"https:\/\/www2.tornum.com\/reference\/lantmannen-energi-kvanum\/\"><span style=\"font-weight: bold;\">Lantm\u00e4nnen Energi Kv\u00e4num<\/span><\/a><\/span><br \/>\u2013 Odkurzacze do kontener\u00f3w wy\u0142adunkowych<\/p>\n<p class=\"p1\" style=\"margin-bottom: 10px;\"><span class=\"s1\"><a href=\"https:\/\/www2.tornum.com\/reference\/lantmannen-lidkoping\/\"><span style=\"font-weight: bold;\">Lantm\u00e4nnen Lidk\u00f6ping<\/span><\/a><\/span><br \/>\u2013Budowa nowych budynk\u00f3w terminali wagowych<br \/>\u2013 Monta\u017c komin\u00f3w do ch\u0142odzenia pellet\u00f3w<br \/>\u2013 Nowe t\u0142umiki do wentylator\u00f3w suszarniczych<br \/>\u2013 <a href=\"https:\/\/www2.tornum.com\/sv\/reference\/vakumsystem-for-foderblandningar\/\"><span class=\"s1\">Nowy system pr\u00f3\u017cniowy<\/span><\/a><\/p>\n<p class=\"p1\" style=\"margin-bottom: 10px;\"><span class=\"s1\"><a href=\"https:\/\/www2.tornum.com\/reference\/lantmannen-vasteras\/\"><span style=\"font-weight: bold;\">Lantm\u00e4nnen V\u00e4ster\u00e5s<\/span><\/a><\/span><br \/>\u2013 Nowe filtry zabezpieczaj\u0105ce do ch\u0142odzenia pellet\u00f3w<\/p>\n<p class=\"p1\" style=\"margin-bottom: 10px;\"><span class=\"s1\"><a href=\"https:\/\/www2.tornum.com\/reference\/lantmannen-ahus\/\"><span style=\"font-weight: bold;\">Lantm\u00e4nnen \u00c5hus<\/span><\/a><\/span><br \/>\u2013 Filtry nadci\u015bnieniowe do ch\u0142odzenia pellet\u00f3w<\/p>\n<p class=\"p1\"><span class=\"s1\"><a href=\"https:\/\/www2.tornum.com\/reference\/reppe-kvarn-lidkoping\/\"><span style=\"font-weight: bold;\">Reppe Kvarn Lidk\u00f6ping<\/span><\/a><\/span><br \/>\u2013 Monta\u017c nowych wa\u0142k\u00f3w zgniataj\u0105cych<\/p>\n\t\t\t\t\t\t\t\t<\/div>\n\t\t\t\t<\/div>\n\t\t\t\t\t<\/div>\n\t\t<\/div>\n\t\t\t\t\t<\/div>\n\t\t<\/section>\n\t\t\t\t<section class=\"elementor-section elementor-top-section elementor-element elementor-element-37b6ec7 elementor-section-stretched elementor-section-full_width abt-header elementor-section-height-default elementor-section-height-default\" data-id=\"37b6ec7\" data-element_type=\"section\" data-settings=\"{&quot;stretch_section&quot;:&quot;section-stretched&quot;,&quot;_ha_eqh_enable&quot;:false}\">\n\t\t\t\t\t\t<div class=\"elementor-container elementor-column-gap-default\">\n\t\t\t\t\t<div class=\"elementor-column elementor-col-50 elementor-top-column elementor-element elementor-element-2f88dff dj-left-con\" data-id=\"2f88dff\" data-element_type=\"column\">\n\t\t\t<div class=\"elementor-widget-wrap elementor-element-populated\">\n\t\t\t\t\t\t<div class=\"elementor-element elementor-element-b5b72d5 elementor-hidden-desktop elementor-hidden-tablet elementor-widget elementor-widget-spacer\" data-id=\"b5b72d5\" data-element_type=\"widget\" data-widget_type=\"spacer.default\">\n\t\t\t\t<div class=\"elementor-widget-container\">\n\t\t\t\t\t\t\t<div class=\"elementor-spacer\">\n\t\t\t<div class=\"elementor-spacer-inner\"><\/div>\n\t\t<\/div>\n\t\t\t\t\t\t<\/div>\n\t\t\t\t<\/div>\n\t\t\t\t<div class=\"elementor-element elementor-element-d1f49e9 elementor-widget elementor-widget-heading\" data-id=\"d1f49e9\" data-element_type=\"widget\" data-widget_type=\"heading.default\">\n\t\t\t\t<div class=\"elementor-widget-container\">\n\t\t\t\t\t<h1 class=\"elementor-heading-title elementor-size-default\"><a>Kontakt<\/a><\/h1>\t\t\t\t<\/div>\n\t\t\t\t<\/div>\n\t\t\t\t<div class=\"elementor-element elementor-element-bcdb519 elementor-widget elementor-widget-text-editor\" data-id=\"bcdb519\" data-element_type=\"widget\" data-widget_type=\"text-editor.default\">\n\t\t\t\t<div class=\"elementor-widget-container\">\n\t\t\t\t\t\t\t\t\t<h5 class=\"p1\">Inge Johansson<\/h5><h5 class=\"p1\">+46 708-40 16 61<\/h5><h5 class=\"p1\">inge.johansson@lpt.se<\/h5><h5 class=\"p1\">Lidk\u00f6pings Pl\u00e5tteknik AB<\/h5><h5 class=\"p1\">Fabriksgatan 2<\/h5><h5 class=\"p1\">SE-531 30 Lidk\u00f6ping<\/h5><h5 class=\"p1\">E-post: info@lpt.se<\/h5>\t\t\t\t\t\t\t\t<\/div>\n\t\t\t\t<\/div>\n\t\t\t\t\t<\/div>\n\t\t<\/div>\n\t\t\t\t<div class=\"elementor-column elementor-col-50 elementor-top-column elementor-element elementor-element-4b72bea\" data-id=\"4b72bea\" data-element_type=\"column\" data-settings=\"{&quot;background_background&quot;:&quot;classic&quot;}\">\n\t\t\t<div class=\"elementor-widget-wrap elementor-element-populated\">\n\t\t\t\t\t\t<div class=\"elementor-element elementor-element-547fa94 elementor-widget elementor-widget-image\" data-id=\"547fa94\" data-element_type=\"widget\" data-widget_type=\"image.default\">\n\t\t\t\t<div class=\"elementor-widget-container\">\n\t\t\t\t\t\t\t\t\t\t\t\t\t\t\t<img loading=\"lazy\" decoding=\"async\" width=\"637\" height=\"358\" src=\"https:\/\/www.tornum.com\/wp-content\/uploads\/2025\/03\/tornum-lpt-lidkopings-hamn-anlaggning-1.jpg\" class=\"attachment-large size-large wp-image-47097\" alt=\"\" srcset=\"https:\/\/www.tornum.com\/wp-content\/uploads\/2025\/03\/tornum-lpt-lidkopings-hamn-anlaggning-1.jpg 637w, https:\/\/www.tornum.com\/wp-content\/uploads\/2025\/03\/tornum-lpt-lidkopings-hamn-anlaggning-1-300x169.jpg 300w, https:\/\/www.tornum.com\/wp-content\/uploads\/2025\/03\/tornum-lpt-lidkopings-hamn-anlaggning-1-24x13.jpg 24w, https:\/\/www.tornum.com\/wp-content\/uploads\/2025\/03\/tornum-lpt-lidkopings-hamn-anlaggning-1-36x20.jpg 36w, https:\/\/www.tornum.com\/wp-content\/uploads\/2025\/03\/tornum-lpt-lidkopings-hamn-anlaggning-1-48x27.jpg 48w, https:\/\/www.tornum.com\/wp-content\/uploads\/2025\/03\/tornum-lpt-lidkopings-hamn-anlaggning-1-600x337.jpg 600w\" sizes=\"(max-width: 637px) 100vw, 637px\" \/>\t\t\t\t\t\t\t\t\t\t\t\t\t\t\t<\/div>\n\t\t\t\t<\/div>\n\t\t\t\t\t<\/div>\n\t\t<\/div>\n\t\t\t\t\t<\/div>\n\t\t<\/section>\n\t\t\t\t<\/div>\n\t\t","protected":false},"excerpt":{"rendered":"<p>LPT Obs\u0142uga dla najwa\u017cniejszej bran\u017cy na \u015bwiecie Lidk\u00f6pings Pl\u00e5tteknik AB jest od kwietnia 2015 roku w pe\u0142ni zale\u017cn\u0105 sp\u00f3\u0142k\u0105-c\u00f3rk\u0105 Tornum AB z Kv\u00e4num i stanowi doskona\u0142e uzupe\u0142nienie szerokiej oferty Tornum w zakresie urz\u0105dze\u0144 do suszenia i przechowywania zb\u00f3\u017c. Przej\u0119cie Lidk\u00f6pings Pl\u00e5tteknik jest cz\u0119\u015bci\u0105 strategii Tornum, maj\u0105cej na celu rozw\u00f3j szwedzkiego przemys\u0142u zbo\u017cowego. LPT oferuje serwis,&hellip;<\/p>\n","protected":false},"author":9,"featured_media":0,"parent":0,"menu_order":0,"comment_status":"closed","ping_status":"closed","template":"elementor_header_footer","meta":{"_acf_changed":false,"footnotes":""},"class_list":["post-48373","page","type-page","status-publish","hentry"],"acf":[],"_links":{"self":[{"href":"https:\/\/www.tornum.com\/pl\/wp-json\/wp\/v2\/pages\/48373","targetHints":{"allow":["GET"]}}],"collection":[{"href":"https:\/\/www.tornum.com\/pl\/wp-json\/wp\/v2\/pages"}],"about":[{"href":"https:\/\/www.tornum.com\/pl\/wp-json\/wp\/v2\/types\/page"}],"author":[{"embeddable":true,"href":"https:\/\/www.tornum.com\/pl\/wp-json\/wp\/v2\/users\/9"}],"replies":[{"embeddable":true,"href":"https:\/\/www.tornum.com\/pl\/wp-json\/wp\/v2\/comments?post=48373"}],"version-history":[{"count":8,"href":"https:\/\/www.tornum.com\/pl\/wp-json\/wp\/v2\/pages\/48373\/revisions"}],"predecessor-version":[{"id":48616,"href":"https:\/\/www.tornum.com\/pl\/wp-json\/wp\/v2\/pages\/48373\/revisions\/48616"}],"wp:attachment":[{"href":"https:\/\/www.tornum.com\/pl\/wp-json\/wp\/v2\/media?parent=48373"}],"curies":[{"name":"wp","href":"https:\/\/api.w.org\/{rel}","templated":true}]}}