{"id":48472,"date":"2023-09-06T21:55:23","date_gmt":"2023-09-06T21:55:23","guid":{"rendered":"https:\/\/www.tornum.com\/cookies-policy\/"},"modified":"2025-05-22T09:33:14","modified_gmt":"2025-05-22T09:33:14","slug":"cookies-policy","status":"publish","type":"page","link":"https:\/\/www.tornum.com\/pl\/cookies-policy\/","title":{"rendered":"Cookies Policy"},"content":{"rendered":"\t\t<div data-elementor-type=\"wp-page\" data-elementor-id=\"48472\" class=\"elementor elementor-48472 elementor-16822\" data-elementor-settings=\"{&quot;ha_cmc_init_switcher&quot;:&quot;no&quot;}\" data-elementor-post-type=\"page\">\n\t\t\t\t\t\t<section class=\"elementor-section elementor-top-section elementor-element elementor-element-abaac7d elementor-section-boxed elementor-section-height-default elementor-section-height-default\" data-id=\"abaac7d\" data-element_type=\"section\" data-settings=\"{&quot;_ha_eqh_enable&quot;:false}\">\n\t\t\t\t\t\t<div class=\"elementor-container elementor-column-gap-default\">\n\t\t\t\t\t<div class=\"elementor-column elementor-col-100 elementor-top-column elementor-element elementor-element-3b05e14\" data-id=\"3b05e14\" data-element_type=\"column\">\n\t\t\t<div class=\"elementor-widget-wrap elementor-element-populated\">\n\t\t\t\t\t\t<div class=\"elementor-element elementor-element-63258a3 elementor-widget elementor-widget-spacer\" data-id=\"63258a3\" data-element_type=\"widget\" data-widget_type=\"spacer.default\">\n\t\t\t\t<div class=\"elementor-widget-container\">\n\t\t\t\t\t\t\t<div class=\"elementor-spacer\">\n\t\t\t<div class=\"elementor-spacer-inner\"><\/div>\n\t\t<\/div>\n\t\t\t\t\t\t<\/div>\n\t\t\t\t<\/div>\n\t\t\t\t\t<\/div>\n\t\t<\/div>\n\t\t\t\t\t<\/div>\n\t\t<\/section>\n\t\t\t\t<section class=\"elementor-section elementor-top-section elementor-element elementor-element-1f696030 elementor-section-boxed elementor-section-height-default elementor-section-height-default\" data-id=\"1f696030\" data-element_type=\"section\" data-settings=\"{&quot;_ha_eqh_enable&quot;:false}\">\n\t\t\t\t\t\t<div class=\"elementor-container elementor-column-gap-default\">\n\t\t\t\t\t<div class=\"elementor-column elementor-col-100 elementor-top-column elementor-element elementor-element-4a74929\" data-id=\"4a74929\" data-element_type=\"column\">\n\t\t\t<div class=\"elementor-widget-wrap elementor-element-populated\">\n\t\t\t\t\t\t<div class=\"elementor-element elementor-element-1f31462b elementor-widget elementor-widget-text-editor\" data-id=\"1f31462b\" data-element_type=\"widget\" data-widget_type=\"text-editor.default\">\n\t\t\t\t<div class=\"elementor-widget-container\">\n\t\t\t\t\t\t\t\t\t<h3><strong>Cookies Policy<\/strong><\/h3>\n<p>Ta strona u\u017cywa plik\u00f3w cookie \u2013 ma\u0142ych plik\u00f3w tekstowych, kt\u00f3re s\u0105 zapisywane na Twoim urz\u0105dzeniu, aby poprawi\u0107 komfort korzystania ze strony. Zazwyczaj pliki cookie s\u0142u\u017c\u0105 do zapisywania preferencji u\u017cytkownika, przechowywania informacji takich jak zawarto\u015b\u0107 koszyka zakupowego oraz do przekazywania anonimowych danych \u015bledz\u0105cych do aplikacji zewn\u0119trznych, takich jak Google Analytics. Z regu\u0142y pliki cookie poprawiaj\u0105 komfort przegl\u0105dania stron internetowych. Mo\u017cesz jednak zdecydowa\u0107 si\u0119 na wy\u0142\u0105czenie plik\u00f3w cookie na tej oraz innych stronach. Najskuteczniejszym sposobem jest wy\u0142\u0105czenie plik\u00f3w cookie w ustawieniach przegl\u0105darki. Zalecamy zapoznanie si\u0119 z sekcj\u0105 Pomoc w Twojej przegl\u0105darce lub odwiedzenie strony <a href=\"http:\/\/www.aboutcookies.org\/\" target=\"_blank\" rel=\"noopener noreferrer\">About Cookies<\/a> kt\u00f3ra oferuje wskaz\u00f3wki dotycz\u0105ce wszystkich nowoczesnych przegl\u0105darek.<\/p>\n\t\t\t\t\t\t\t\t<\/div>\n\t\t\t\t<\/div>\n\t\t\t\t<div class=\"elementor-element elementor-element-5e8e5a9 elementor-widget elementor-widget-spacer\" data-id=\"5e8e5a9\" data-element_type=\"widget\" data-widget_type=\"spacer.default\">\n\t\t\t\t<div class=\"elementor-widget-container\">\n\t\t\t\t\t\t\t<div class=\"elementor-spacer\">\n\t\t\t<div class=\"elementor-spacer-inner\"><\/div>\n\t\t<\/div>\n\t\t\t\t\t\t<\/div>\n\t\t\t\t<\/div>\n\t\t\t\t\t<\/div>\n\t\t<\/div>\n\t\t\t\t\t<\/div>\n\t\t<\/section>\n\t\t\t\t<\/div>\n\t\t","protected":false},"excerpt":{"rendered":"<p>Cookies Policy Ta strona u\u017cywa plik\u00f3w cookie \u2013 ma\u0142ych plik\u00f3w tekstowych, kt\u00f3re s\u0105 zapisywane na Twoim urz\u0105dzeniu, aby poprawi\u0107 komfort korzystania ze strony. Zazwyczaj pliki cookie s\u0142u\u017c\u0105 do zapisywania preferencji u\u017cytkownika, przechowywania informacji takich jak zawarto\u015b\u0107 koszyka zakupowego oraz do przekazywania anonimowych danych \u015bledz\u0105cych do aplikacji zewn\u0119trznych, takich jak Google Analytics. Z regu\u0142y pliki cookie&hellip;<\/p>\n","protected":false},"author":1,"featured_media":0,"parent":0,"menu_order":0,"comment_status":"closed","ping_status":"closed","template":"elementor_header_footer","meta":{"_acf_changed":false,"footnotes":""},"class_list":["post-48472","page","type-page","status-publish","hentry"],"acf":[],"_links":{"self":[{"href":"https:\/\/www.tornum.com\/pl\/wp-json\/wp\/v2\/pages\/48472","targetHints":{"allow":["GET"]}}],"collection":[{"href":"https:\/\/www.tornum.com\/pl\/wp-json\/wp\/v2\/pages"}],"about":[{"href":"https:\/\/www.tornum.com\/pl\/wp-json\/wp\/v2\/types\/page"}],"author":[{"embeddable":true,"href":"https:\/\/www.tornum.com\/pl\/wp-json\/wp\/v2\/users\/1"}],"replies":[{"embeddable":true,"href":"https:\/\/www.tornum.com\/pl\/wp-json\/wp\/v2\/comments?post=48472"}],"version-history":[{"count":1,"href":"https:\/\/www.tornum.com\/pl\/wp-json\/wp\/v2\/pages\/48472\/revisions"}],"predecessor-version":[{"id":48473,"href":"https:\/\/www.tornum.com\/pl\/wp-json\/wp\/v2\/pages\/48472\/revisions\/48473"}],"wp:attachment":[{"href":"https:\/\/www.tornum.com\/pl\/wp-json\/wp\/v2\/media?parent=48472"}],"curies":[{"name":"wp","href":"https:\/\/api.w.org\/{rel}","templated":true}]}}