{"id":32765,"date":"2023-05-17T13:04:39","date_gmt":"2023-05-17T13:04:39","guid":{"rendered":"https:\/\/www.tornum.com\/product\/alfaflame-bioheating-systems-edit\/"},"modified":"2025-07-30T06:28:20","modified_gmt":"2025-07-30T06:28:20","slug":"alfaflame-systemy-grzewcze-na-biomase","status":"publish","type":"product","link":"https:\/\/www.tornum.com\/pl\/produkt\/alfaflame-systemy-grzewcze-na-biomase\/","title":{"rendered":"ALFAFLAME \u2013 SYSTEMY GRZEWCZE NA BIOMAS\u0118"},"content":{"rendered":"\t\t<div data-elementor-type=\"product-post\" data-elementor-id=\"32765\" class=\"elementor elementor-32765 elementor-11838\" data-elementor-settings=\"{&quot;ha_cmc_init_switcher&quot;:&quot;no&quot;}\" data-elementor-post-type=\"product\">\n\t\t\t\t\t\t<section class=\"elementor-section elementor-top-section elementor-element elementor-element-532b129 elementor-section-boxed elementor-section-height-default elementor-section-height-default\" data-id=\"532b129\" data-element_type=\"section\" data-settings=\"{&quot;_ha_eqh_enable&quot;:false}\">\n\t\t\t\t\t\t<div class=\"elementor-container elementor-column-gap-default\">\n\t\t\t\t\t<div class=\"elementor-column elementor-col-100 elementor-top-column elementor-element elementor-element-67db0c1b\" data-id=\"67db0c1b\" data-element_type=\"column\">\n\t\t\t<div class=\"elementor-widget-wrap elementor-element-populated\">\n\t\t\t\t\t\t<div class=\"elementor-element elementor-element-16129989 elementor-widget elementor-widget-text-editor\" data-id=\"16129989\" data-element_type=\"widget\" data-widget_type=\"text-editor.default\">\n\t\t\t\t<div class=\"elementor-widget-container\">\n\t\t\t\t\t\t\t\t\t<p>Kocio\u0142 na biomas\u0119 AlfaFlame 800 kW, dost\u0119pny zar\u00f3wno w konfiguracji kot\u0142a pojedynczego 800 kW, jak i podw\u00f3jnego (2\u00d7800 kW), zaprojektowano z my\u015bl\u0105 <br \/>o szeregu zastosowa\u0144 \u2013 dla suszarni do ziarna, instalacji przemys\u0142owych, szklarni <br \/>i wszelkich innych obiekt\u00f3w wymagaj\u0105cych du\u017cej ilo\u015bci ciep\u0142a i suchego powietrza. Kocio\u0142 przeznaczony jest do pracy w warunkach nadci\u015bnienia. Dost\u0119pny jest r\u00f3wnie\u017c jako instalacja dwukot\u0142owa, w kt\u00f3rej kot\u0142y pracuj\u0105 na przemian lub jednocze\u015bnie.<\/p>\t\t\t\t\t\t\t\t<\/div>\n\t\t\t\t<\/div>\n\t\t\t\t\t<\/div>\n\t\t<\/div>\n\t\t\t\t\t<\/div>\n\t\t<\/section>\n\t\t\t\t<\/div>\n\t\t","protected":false},"excerpt":{"rendered":"<p>Kocio\u0142 na biomas\u0119 AlfaFlame 800 kW to urz\u0105dzenie wszechstronne i nadaj\u0105ce si\u0119 do takich zastosowa\u0144, jak suszenie ziarna, wytwarzanie ciep\u0142a przemys\u0142owego czy ogrzewanie szklarni. Jest to kocio\u0142 pracuj\u0105cy na nadci\u015bnienie, dost\u0119pny r\u00f3wnie\u017c jako instalacja dwukot\u0142owa, z kot\u0142ami pracuj\u0105cymi naprzemiennie lub r\u00f3wnocze\u015bnie.<\/p>\n","protected":false},"featured_media":32769,"comment_status":"open","ping_status":"closed","template":"","meta":{"_acf_changed":false},"product_brand":[],"product_cat":[955,962,963,956,964],"product_tag":[965,966,967,971],"class_list":{"0":"post-32765","1":"product","2":"type-product","3":"status-publish","4":"has-post-thumbnail","6":"product_cat-all-products-pl","7":"product_cat-food-2-pl","8":"product_cat-grain-pl","9":"product_cat-conditioning-pl","10":"product_cat-heat-sources-pl","11":"product_tag-burner-pl","12":"product_tag-dryer-pl","13":"product_tag-dryer-tkr-pl","14":"product_tag-tecflam-pl","16":"first","17":"instock","18":"shipping-taxable","19":"product-type-simple"},"acf":[],"_links":{"self":[{"href":"https:\/\/www.tornum.com\/pl\/wp-json\/wp\/v2\/product\/32765","targetHints":{"allow":["GET"]}}],"collection":[{"href":"https:\/\/www.tornum.com\/pl\/wp-json\/wp\/v2\/product"}],"about":[{"href":"https:\/\/www.tornum.com\/pl\/wp-json\/wp\/v2\/types\/product"}],"replies":[{"embeddable":true,"href":"https:\/\/www.tornum.com\/pl\/wp-json\/wp\/v2\/comments?post=32765"}],"version-history":[{"count":5,"href":"https:\/\/www.tornum.com\/pl\/wp-json\/wp\/v2\/product\/32765\/revisions"}],"predecessor-version":[{"id":50429,"href":"https:\/\/www.tornum.com\/pl\/wp-json\/wp\/v2\/product\/32765\/revisions\/50429"}],"wp:featuredmedia":[{"embeddable":true,"href":"https:\/\/www.tornum.com\/pl\/wp-json\/wp\/v2\/media\/32769"}],"wp:attachment":[{"href":"https:\/\/www.tornum.com\/pl\/wp-json\/wp\/v2\/media?parent=32765"}],"wp:term":[{"taxonomy":"product_brand","embeddable":true,"href":"https:\/\/www.tornum.com\/pl\/wp-json\/wp\/v2\/product_brand?post=32765"},{"taxonomy":"product_cat","embeddable":true,"href":"https:\/\/www.tornum.com\/pl\/wp-json\/wp\/v2\/product_cat?post=32765"},{"taxonomy":"product_tag","embeddable":true,"href":"https:\/\/www.tornum.com\/pl\/wp-json\/wp\/v2\/product_tag?post=32765"}],"curies":[{"name":"wp","href":"https:\/\/api.w.org\/{rel}","templated":true}]}}