{"id":32766,"date":"2023-05-14T21:52:41","date_gmt":"2023-05-14T21:52:41","guid":{"rendered":"https:\/\/www.tornum.com\/product\/aspirator-2\/"},"modified":"2025-07-30T07:03:05","modified_gmt":"2025-07-30T07:03:05","slug":"aspirator","status":"publish","type":"product","link":"https:\/\/www.tornum.com\/pl\/produkt\/aspirator\/","title":{"rendered":"ASPIRATOR"},"content":{"rendered":"<div class=\"wpb-content-wrapper\"><p>[vc_row][vc_column width=&#8221;2\/3&#8243;][vc_column_text]Aspirator firmy Tornum jest przeznaczony do odpylania ziarna i innych materia\u0142\u00f3w w postaci granulatu \u2013 oferuj\u0105c du\u017c\u0105 wydajno\u015b\u0107 pracy pomimo niewielkich rozmiar\u00f3w.[\/vc_column_text][\/vc_column][vc_column width=&#8221;1\/3&#8243;][vc_column_text]<strong>CECHY<\/strong><br \/>\n\u2022 Wykonanie z blachy malowanej proszkowo<br \/>\n\u2022 Dost\u0119pny w trzech rozmiarach<br \/>\n\u2022 Proste \u0142opatki promieniowe<br \/>\n\u2022 Aspirator o przepustowo\u015bci 25 ton mo\u017ce przenosi\u0107 odpady zbo\u017cowe na odleg\u0142o\u015b\u0107 oko\u0142o 24 metr\u00f3w, za\u015b aspirator 60-tonowy \u2013 na odleg\u0142o\u015b\u0107 21 metr\u00f3w<br \/>\n\u2022 Regulowana moc ssania zapewnia maksymaln\u0105 wydajno\u015b\u0107 odpylania[\/vc_column_text][\/vc_column][\/vc_row]<\/p>\n<\/div>","protected":false},"excerpt":{"rendered":"<div class=\"flex flex-grow flex-col gap-3 max-w-full\">\n<div class=\"min-h-[20px] flex flex-col items-start gap-3 overflow-x-auto whitespace-pre-wrap break-words\">\n<div class=\"markdown prose w-full break-words dark:prose-invert light\">\n<p>Pomimo swoich niewielkich rozmiar\u00f3w, aspirator firmy Tornum umo\u017cliwia sprawne i skuteczne odpylanie podczas transportu ziarna i materia\u0142\u00f3w w postaci granulatu. Wyr\u00f3\u017cnia si\u0119 metalow\u0105 konstrukcj\u0105 malowan\u0105 proszkowo i jest dost\u0119pny w trzech wielko\u015bciach, a tak\u017ce wyposa\u017cony w proste \u0142opatki promieniowe.<\/p>\n<\/div>\n<\/div>\n<\/div>\n","protected":false},"featured_media":32767,"comment_status":"open","ping_status":"closed","template":"","meta":{"_acf_changed":false},"product_brand":[],"product_cat":[955,963,968,969],"product_tag":[958,970,959,972],"class_list":{"0":"post-32766","1":"product","2":"type-product","3":"status-publish","4":"has-post-thumbnail","6":"product_cat-all-products-pl","7":"product_cat-grain-pl","8":"product_cat-material-handling-pl","9":"product_cat-dust-separation-pl","10":"product_tag-axial-pl","11":"product_tag-conditioning-pl","12":"product_tag-conditioning-laterals-pl","13":"product_tag-separation-pl","14":"description-off","16":"first","17":"instock","18":"shipping-taxable","19":"product-type-simple"},"acf":[],"_links":{"self":[{"href":"https:\/\/www.tornum.com\/pl\/wp-json\/wp\/v2\/product\/32766","targetHints":{"allow":["GET"]}}],"collection":[{"href":"https:\/\/www.tornum.com\/pl\/wp-json\/wp\/v2\/product"}],"about":[{"href":"https:\/\/www.tornum.com\/pl\/wp-json\/wp\/v2\/types\/product"}],"replies":[{"embeddable":true,"href":"https:\/\/www.tornum.com\/pl\/wp-json\/wp\/v2\/comments?post=32766"}],"version-history":[{"count":2,"href":"https:\/\/www.tornum.com\/pl\/wp-json\/wp\/v2\/product\/32766\/revisions"}],"predecessor-version":[{"id":32941,"href":"https:\/\/www.tornum.com\/pl\/wp-json\/wp\/v2\/product\/32766\/revisions\/32941"}],"wp:featuredmedia":[{"embeddable":true,"href":"https:\/\/www.tornum.com\/pl\/wp-json\/wp\/v2\/media\/32767"}],"wp:attachment":[{"href":"https:\/\/www.tornum.com\/pl\/wp-json\/wp\/v2\/media?parent=32766"}],"wp:term":[{"taxonomy":"product_brand","embeddable":true,"href":"https:\/\/www.tornum.com\/pl\/wp-json\/wp\/v2\/product_brand?post=32766"},{"taxonomy":"product_cat","embeddable":true,"href":"https:\/\/www.tornum.com\/pl\/wp-json\/wp\/v2\/product_cat?post=32766"},{"taxonomy":"product_tag","embeddable":true,"href":"https:\/\/www.tornum.com\/pl\/wp-json\/wp\/v2\/product_tag?post=32766"}],"curies":[{"name":"wp","href":"https:\/\/api.w.org\/{rel}","templated":true}]}}