{"id":32771,"date":"2023-05-14T21:39:02","date_gmt":"2023-05-14T21:39:02","guid":{"rendered":"https:\/\/www.tornum.com\/product\/aspiration-filtersystem\/"},"modified":"2025-07-30T06:55:59","modified_gmt":"2025-07-30T06:55:59","slug":"system-aspiracji-z-filtracja","status":"publish","type":"product","link":"https:\/\/www.tornum.com\/pl\/produkt\/system-aspiracji-z-filtracja\/","title":{"rendered":"SYSTEM ASPIRACJI Z FILTRACJ\u0104"},"content":{"rendered":"<div class=\"wpb-content-wrapper\"><p>[vc_row][vc_column width=&#8221;2\/3&#8243;][vc_column_text]Systemy aspiracji Tornum s\u0105 przeznaczone dla koszy przyj\u0119ciowych i urz\u0105dze\u0144 do transportu ziarna. Podci\u015bnienie powstaj\u0105ce podczas pracy takiego systemu zapobiega uwalnianiu si\u0119 zapylonego powietrza do otoczenia.<\/p>\n<p>Tornum projektuje rozwi\u0105zania specjalnie na zam\u00f3wienie klient\u00f3w. Nasze urz\u0105dzenia ograniczaj\u0105 do minimum rozprzestrzenianie si\u0119 py\u0142u, sprzyjaj\u0105c zdrowszemu \u015brodowisku pracy.<\/p>\n<p>Wydajno\u015b\u0107 filtra zale\u017cy od szeregu parametr\u00f3w.[\/vc_column_text][\/vc_column][vc_column width=&#8221;1\/3&#8243;][vc_column_text]<strong>Do najwa\u017cniejszych czynnik\u00f3w nale\u017c\u0105:<\/strong><br \/>\n\u2022 Typ produktu<br \/>\n\u2022 Wielko\u015b\u0107 obci\u0105\u017cenia produktem (wielko\u015b\u0107 przep\u0142ywu)<br \/>\n\u2022 Warunki zastosowania<br \/>\n\u2022 \u015arodowisko pracy (temperatura i wilgotno\u015b\u0107 powietrza)<br \/>\n\u2022 Materia\u0142 filtracyjny<br \/>\n\u2022 Rodzaj konstrukcji filtra[\/vc_column_text][\/vc_column][\/vc_row]<\/p>\n<\/div>","protected":false},"excerpt":{"rendered":"<div class=\"flex flex-grow flex-col gap-3 max-w-full\">\n<div class=\"min-h-[20px] flex flex-col items-start gap-3 overflow-x-auto whitespace-pre-wrap break-words\">\n<div class=\"markdown prose w-full break-words dark:prose-invert light\">\n<p>Tornum oferuje systemy aspiracji przeznaczone dla koszy przyj\u0119ciowych na ziarno i urz\u0105dze\u0144 transportowych. Systemy te wytwarzaj\u0105c podci\u015bnienie przechwytuj\u0105 py\u0142 z instalacji, chroni\u0105c przed jego emisjami do otoczenia. S\u0105 to rozwi\u0105zania projektowane na zam\u00f3wienie, dzi\u0119ki czemu spe\u0142niaj\u0105 konkretne wymagania klienta, skutecznie ograniczaj\u0105c rozprzestrzenianie si\u0119 py\u0142u i poprawiaj\u0105c og\u00f3lne warunki w \u015brodowisku pracy.<\/p>\n<\/div>\n<\/div>\n<\/div>\n","protected":false},"featured_media":32776,"comment_status":"open","ping_status":"closed","template":"","meta":{"_acf_changed":false},"product_brand":[],"product_cat":[955,973,962,963,968,969],"product_tag":[970,974,960,972],"class_list":{"0":"post-32771","1":"product","2":"type-product","3":"status-publish","4":"has-post-thumbnail","6":"product_cat-all-products-pl","7":"product_cat-feed-pl","8":"product_cat-food-2-pl","9":"product_cat-grain-pl","10":"product_cat-material-handling-pl","11":"product_cat-dust-separation-pl","12":"product_tag-conditioning-pl","13":"product_tag-dust-pl","14":"product_tag-fan-pl","15":"product_tag-separation-pl","16":"description-off","18":"first","19":"instock","20":"shipping-taxable","21":"product-type-simple"},"acf":[],"_links":{"self":[{"href":"https:\/\/www.tornum.com\/pl\/wp-json\/wp\/v2\/product\/32771","targetHints":{"allow":["GET"]}}],"collection":[{"href":"https:\/\/www.tornum.com\/pl\/wp-json\/wp\/v2\/product"}],"about":[{"href":"https:\/\/www.tornum.com\/pl\/wp-json\/wp\/v2\/types\/product"}],"replies":[{"embeddable":true,"href":"https:\/\/www.tornum.com\/pl\/wp-json\/wp\/v2\/comments?post=32771"}],"version-history":[{"count":2,"href":"https:\/\/www.tornum.com\/pl\/wp-json\/wp\/v2\/product\/32771\/revisions"}],"predecessor-version":[{"id":32937,"href":"https:\/\/www.tornum.com\/pl\/wp-json\/wp\/v2\/product\/32771\/revisions\/32937"}],"wp:featuredmedia":[{"embeddable":true,"href":"https:\/\/www.tornum.com\/pl\/wp-json\/wp\/v2\/media\/32776"}],"wp:attachment":[{"href":"https:\/\/www.tornum.com\/pl\/wp-json\/wp\/v2\/media?parent=32771"}],"wp:term":[{"taxonomy":"product_brand","embeddable":true,"href":"https:\/\/www.tornum.com\/pl\/wp-json\/wp\/v2\/product_brand?post=32771"},{"taxonomy":"product_cat","embeddable":true,"href":"https:\/\/www.tornum.com\/pl\/wp-json\/wp\/v2\/product_cat?post=32771"},{"taxonomy":"product_tag","embeddable":true,"href":"https:\/\/www.tornum.com\/pl\/wp-json\/wp\/v2\/product_tag?post=32771"}],"curies":[{"name":"wp","href":"https:\/\/api.w.org\/{rel}","templated":true}]}}