{"id":32779,"date":"2023-04-03T11:57:24","date_gmt":"2023-04-03T11:57:24","guid":{"rendered":"https:\/\/www.tornum.com\/product\/axial-fan\/"},"modified":"2025-07-14T09:17:53","modified_gmt":"2025-07-14T09:17:53","slug":"wentylator-osiowy","status":"publish","type":"product","link":"https:\/\/www.tornum.com\/pl\/produkt\/wentylator-osiowy\/","title":{"rendered":"WENTYLATOR OSIOWY"},"content":{"rendered":"<div class=\"wpb-content-wrapper\"><p>[vc_row gap=&#8221;35&#8243;][vc_column width=&#8221;2\/3&#8243;][vc_column_text]Wentylatory osiowe Tornum s\u0142u\u017c\u0105 g\u0142\u00f3wnie w roli wentylator\u00f3w wyci\u0105gowych<br \/>\nw suszarniach do pracy ci\u0105g\u0142ej, lecz mog\u0105 by\u0107 r\u00f3wnie\u017c u\u017cywane jako wentylatory kondycjonuj\u0105ce w silosach kondycjonuj\u0105cych LT naszej produkcji. Wentylatory s\u0105 dost\u0119pne w trzech \u015brednicach: 500 mm, 630 mm i 1130 mm, za\u015b dost\u0119pny zakres mocy wynosi od 2,2 do 22 kW. Wentylatory montowane na suszarniach najlepiej wyposa\u017cy\u0107 w t\u0142umik, co pozwoli zmniejszy\u0107 poziom emisji ha\u0142asu do otoczenia.[\/vc_column_text][\/vc_column][vc_column width=&#8221;1\/3&#8243;][vc_column_text]<strong>CECHY<\/strong><br \/>\n\u2022 Obudowa wentylatora jest ocynkowana ogniowo, co daje znakomit\u0105 ochron\u0119 przed korozj\u0105<br \/>\n\u2022 T\u0142umiki dla wentylator\u00f3w dost\u0119pne s\u0105 w ofercie akcesori\u00f3w. T\u0142umiki o konstrukcji podw\u00f3jnej s\u0105 znacznie skuteczniejsze od klasycznych ich rozwi\u0105za\u0144.<br \/>\n\u2022 Wirniki wywa\u017cane zar\u00f3wno statycznie, jak i dynamicznie<br \/>\n\u2022 Wentylatory o \u015brednicy \u00d8 500 mm i \u00d8 630 mm maj\u0105 jednocz\u0119\u015bciowe wirniki odlewane z aluminium; wentylatory \u00d8 1130 mm maj\u0105 \u0142opatki z tworzywa sztucznego osadzone na aluminiowej pia\u015bcie.[\/vc_column_text][\/vc_column][\/vc_row]<\/p>\n<\/div>","protected":false},"excerpt":{"rendered":"<p>Wentylatory osiowe TORNUM s\u0105 wykorzystywane g\u0142\u00f3wnie jako wentylatory wyci\u0105gowe w suszarniach do pracy ci\u0105g\u0142ej. Mog\u0105 s\u0142u\u017cy\u0107 te\u017c jako wentylatory kondycjonuj\u0105ce w silosach kondycjonuj\u0105cych LT. Wentylatory s\u0105 dost\u0119pne w trzech \u015brednicach (500 mm, 630 mm i 1130 mm), za\u015b dost\u0119pny zakres mocy wyj\u015bciowej wynosi od 2,2 do 22 kW.<\/p>\n","protected":false},"featured_media":32780,"comment_status":"open","ping_status":"closed","template":"","meta":{"_acf_changed":false},"product_brand":[],"product_cat":[955,963,956,981],"product_tag":[958,970,966,960],"class_list":{"0":"post-32779","1":"product","2":"type-product","3":"status-publish","4":"has-post-thumbnail","6":"product_cat-all-products-pl","7":"product_cat-grain-pl","8":"product_cat-conditioning-pl","9":"product_cat-axial-fan-pl","10":"product_tag-axial-pl","11":"product_tag-conditioning-pl","12":"product_tag-dryer-pl","13":"product_tag-fan-pl","14":"pa_products-type-grain-pl","15":"description-off","17":"first","18":"instock","19":"shipping-taxable","20":"product-type-simple"},"acf":[],"_links":{"self":[{"href":"https:\/\/www.tornum.com\/pl\/wp-json\/wp\/v2\/product\/32779","targetHints":{"allow":["GET"]}}],"collection":[{"href":"https:\/\/www.tornum.com\/pl\/wp-json\/wp\/v2\/product"}],"about":[{"href":"https:\/\/www.tornum.com\/pl\/wp-json\/wp\/v2\/types\/product"}],"replies":[{"embeddable":true,"href":"https:\/\/www.tornum.com\/pl\/wp-json\/wp\/v2\/comments?post=32779"}],"version-history":[{"count":2,"href":"https:\/\/www.tornum.com\/pl\/wp-json\/wp\/v2\/product\/32779\/revisions"}],"predecessor-version":[{"id":32954,"href":"https:\/\/www.tornum.com\/pl\/wp-json\/wp\/v2\/product\/32779\/revisions\/32954"}],"wp:featuredmedia":[{"embeddable":true,"href":"https:\/\/www.tornum.com\/pl\/wp-json\/wp\/v2\/media\/32780"}],"wp:attachment":[{"href":"https:\/\/www.tornum.com\/pl\/wp-json\/wp\/v2\/media?parent=32779"}],"wp:term":[{"taxonomy":"product_brand","embeddable":true,"href":"https:\/\/www.tornum.com\/pl\/wp-json\/wp\/v2\/product_brand?post=32779"},{"taxonomy":"product_cat","embeddable":true,"href":"https:\/\/www.tornum.com\/pl\/wp-json\/wp\/v2\/product_cat?post=32779"},{"taxonomy":"product_tag","embeddable":true,"href":"https:\/\/www.tornum.com\/pl\/wp-json\/wp\/v2\/product_tag?post=32779"}],"curies":[{"name":"wp","href":"https:\/\/api.w.org\/{rel}","templated":true}]}}