{"id":32784,"date":"2023-05-14T20:21:14","date_gmt":"2023-05-14T20:21:14","guid":{"rendered":"https:\/\/www.tornum.com\/product\/belt-conveyor-bti\/"},"modified":"2025-07-14T08:57:45","modified_gmt":"2025-07-14T08:57:45","slug":"przenosnik-tasmowy-bti","status":"publish","type":"product","link":"https:\/\/www.tornum.com\/pl\/produkt\/przenosnik-tasmowy-bti\/","title":{"rendered":"PRZENO\u015aNIK TA\u015aMOWY BTI"},"content":{"rendered":"<p><strong>LEPSZE PRZENOSZENIE<\/strong><br \/>\nZar\u00f3wno szeroko\u015b\u0107 ta\u015bmy, jak i szeroko\u015b\u0107 rolki prowadz\u0105cej oraz b\u0119bna s\u0105 ustandaryzowane wedle norm ISO, a tak\u017ce dobiera si\u0119 je z my\u015bl\u0105 o mo\u017cliwie najwi\u0119kszej wydajno\u015bci. Ziarno na takim przeno\u015bniku ma du\u017co miejsca, za\u015b ta\u015bma ma idealnie dobrane parametry luz\u00f3w poprzecznych. Pr\u0119dko\u015b\u0107 biegu ta\u015bmy dobierana jest w oparciu o najlepsze praktyki, a ponadto przeno\u015bniki o d\u0142ugo\u015bci 20 metr\u00f3w i wi\u0119kszej s\u0105 wyposa\u017cone w zestawy rolek centruj\u0105cych, dzi\u0119ki czemu ta\u015bma jest lepiej prowadzona na odcinku powrotnym. Umieszczona dok\u0142adnie w osi przeno\u015bnika \u0142adowarka ziarna jest uszczelniona listw\u0105 PUR. Innymi s\u0142owy, ten przeno\u015bnik uniemo\u017cliwia straty ziarna i pozwala stabilniej je przenosi\u0107.<\/p>\n<p><strong>PROSTA REGULACJA<\/strong><br \/>\nRegulacja na tylnym ko\u0144cu ta\u015bmy ma du\u017cy zakres, co ogranicza konieczno\u015b\u0107 ponownej wulkanizacji ta\u015bmy po jej rozci\u0105gni\u0119ciu. Szeroko\u015b\u0107 rolki prowadz\u0105cej dobrano tak, \u017ce przeno\u015bnik lepiej znosi zmienn\u0105 precyzj\u0119 wulkanizacji ta\u015bmy. Zestawy rolek prowadz\u0105cych centruj\u0105 ta\u015bm\u0119 kasuj\u0105c zbieganie na boki, za\u015b po\u0142o\u017cenie obu rolek prowadz\u0105cych mo\u017cna regulowa\u0107 niezale\u017cnie, co zwi\u0119ksza precyzj\u0119 ustawienia biegu<br \/>\ni schodzenia, umo\u017cliwiaj\u0105c prac\u0119 rewersyjn\u0105 przeno\u015bnika.<\/p>\n<p><strong>PROSTY MONTA\u017b<\/strong><br \/>\nJak zawsze zadbali\u015bmy o to, by monta\u017c by\u0142 prosty i nie sprawia\u0142 problem\u00f3w. Przeno\u015bnik ta\u015bmowy BTI jest elementem systemu modu\u0142owego, do kt\u00f3rego nale\u017c\u0105 wszystkie urz\u0105dzenia Skandia Elevator. U\u0142atwia to monta\u017c i przebudow\u0119, co zawdzi\u0119cza\u0107 mo\u017cna kontroli nad procesem produkcji i poprawnemu spasowaniu element\u00f3w. Prosty monta\u017c w po\u0142\u0105czeniu z efektami naszej in\u017cynierii produkcji daj\u0105 urz\u0105dzenie o lepszej prostoliniowo\u015bci i stabilno\u015bci \u2013 tego za\u015b oczekuj\u0105 odbiorcy.<\/p>\n<p><strong>ELASTYCZNO\u015a\u0106<\/strong><br \/>\nPrzeno\u015bnik BTI jest przeznaczony do pracy w ka\u017cdych mo\u017cliwych warunkach<br \/>\ni instalacjach na zewn\u0105trz lub wewn\u0105trz budynk\u00f3w. D\u0142ugo\u015b\u0107 odcinka samono\u015bnego (bez podparcia) si\u0119ga 6 metr\u00f3w. Dost\u0119pne s\u0105 trzy modele przeno\u015bnika BTI, a ka\u017cdy z nich ma dwa warianty przepustowo\u015bci. Dlatego mo\u017cna dobra\u0107 takie przeno\u015bniki do ka\u017cdej instalacji, bez wzgl\u0119du na jej wielko\u015b\u0107 \u2013 i bez perspektywy niepotrzebnie zwi\u0119kszonego zu\u017cycia energii elektrycznej.<\/p>\n<p><strong>NIEZR\u00d3WNANA JAKO\u015a\u0106<\/strong><br \/>\nSkandia Elevator zawsze traktuje jako\u015b\u0107 bezkompromisowo. Producent u\u017cywa wy\u0142\u0105cznie najlepszych materia\u0142\u00f3w i podzespo\u0142\u00f3w. Przek\u0142ada si\u0119 to na wi\u0119ksz\u0105 niezawodno\u015b\u0107, d\u0142u\u017csz\u0105 \u017cywotno\u015b\u0107 i mniejsze koszty napraw.<\/p>\n<p>&nbsp;<\/p>\n","protected":false},"excerpt":{"rendered":"<p>Przeno\u015bnik ta\u015bmowy Skandia BTI przeznaczony jest do wydajnego i niezawodnego przenoszenia ziarna w spos\u00f3b uniemo\u017cliwiaj\u0105cy rozsypywanie go na boki. Wyr\u00f3\u017cnia si\u0119 uproszczon\u0105 regulacj\u0105 i monta\u017cem, ograniczaj\u0105c konieczno\u015b\u0107 ponownej wulkanizacji ta\u015bmy. Dzi\u0119ki temu urz\u0105dzenie lepiej zachowuje stateczno\u015b\u0107 i prostoliniowo\u015b\u0107, za\u015b jednocze\u015bnie jest wystarczaj\u0105co elastyczne, aby nadawa\u0142o si\u0119 do pracy w r\u00f3\u017cnych warunkach otoczenia i instalacjach.<\/p>\n","protected":false},"featured_media":32785,"comment_status":"open","ping_status":"closed","template":"","meta":{"_acf_changed":false},"product_brand":[],"product_cat":[955,973,962,963,968,986],"product_tag":[987,988,966,989],"class_list":{"0":"post-32784","1":"product","2":"type-product","3":"status-publish","4":"has-post-thumbnail","6":"product_cat-all-products-pl","7":"product_cat-feed-pl","8":"product_cat-food-2-pl","9":"product_cat-grain-pl","10":"product_cat-material-handling-pl","11":"product_cat-belt-conveyors-pl","12":"product_tag-bin-pl","13":"product_tag-conveyor-pl","14":"product_tag-dryer-pl","15":"product_tag-transport-pl","16":"description-off","18":"first","19":"instock","20":"shipping-taxable","21":"product-type-simple"},"acf":[],"_links":{"self":[{"href":"https:\/\/www.tornum.com\/pl\/wp-json\/wp\/v2\/product\/32784","targetHints":{"allow":["GET"]}}],"collection":[{"href":"https:\/\/www.tornum.com\/pl\/wp-json\/wp\/v2\/product"}],"about":[{"href":"https:\/\/www.tornum.com\/pl\/wp-json\/wp\/v2\/types\/product"}],"replies":[{"embeddable":true,"href":"https:\/\/www.tornum.com\/pl\/wp-json\/wp\/v2\/comments?post=32784"}],"version-history":[{"count":2,"href":"https:\/\/www.tornum.com\/pl\/wp-json\/wp\/v2\/product\/32784\/revisions"}],"predecessor-version":[{"id":32966,"href":"https:\/\/www.tornum.com\/pl\/wp-json\/wp\/v2\/product\/32784\/revisions\/32966"}],"wp:featuredmedia":[{"embeddable":true,"href":"https:\/\/www.tornum.com\/pl\/wp-json\/wp\/v2\/media\/32785"}],"wp:attachment":[{"href":"https:\/\/www.tornum.com\/pl\/wp-json\/wp\/v2\/media?parent=32784"}],"wp:term":[{"taxonomy":"product_brand","embeddable":true,"href":"https:\/\/www.tornum.com\/pl\/wp-json\/wp\/v2\/product_brand?post=32784"},{"taxonomy":"product_cat","embeddable":true,"href":"https:\/\/www.tornum.com\/pl\/wp-json\/wp\/v2\/product_cat?post=32784"},{"taxonomy":"product_tag","embeddable":true,"href":"https:\/\/www.tornum.com\/pl\/wp-json\/wp\/v2\/product_tag?post=32784"}],"curies":[{"name":"wp","href":"https:\/\/api.w.org\/{rel}","templated":true}]}}