{"id":32786,"date":"2023-04-03T12:49:18","date_gmt":"2023-04-03T12:49:18","guid":{"rendered":"https:\/\/www.tornum.com\/product\/bucket-and-chain-elevator-pits\/"},"modified":"2025-07-30T07:28:42","modified_gmt":"2025-07-30T07:28:42","slug":"kosze-podnosnikowe-kubelkowe-i-lancuchowe","status":"publish","type":"product","link":"https:\/\/www.tornum.com\/pl\/produkt\/kosze-podnosnikowe-kubelkowe-i-lancuchowe\/","title":{"rendered":"KOSZE PODNO\u015aNIKOWE KUBE\u0141KOWE  I \u0141A\u0143CUCHOWE"},"content":{"rendered":"<div class=\"wpb-content-wrapper\"><p>[vc_row gap=&#8221;35&#8243;][vc_column width=&#8221;1\/2&#8243;][vc_column_text]Kosze podno\u015bnikowe kube\u0142kowe i \u0142a\u0144cuchowe firmy Tornum to kosze samowysypowe. Ich dzia\u0142anie polega na grawitacyjnym przesypie materia\u0142u z sekcji przyj\u0119ciowej do podno\u015bnika. Oba rodzaje koszy nadaj\u0105 si\u0119 do trwa\u0142ego posadowienia w podstawie betonowej. Du\u017ca g\u0142\u0119boko\u015b\u0107 kosza przeno\u015bnika kube\u0142kowego cz\u0119stokro\u0107 okazuje si\u0119 jego zalet\u0105 \u2013 pozwala przesypywa\u0107 materia\u0142 do podno\u015bnik\u00f3w z silos\u00f3w i suszarni. Sekcja przyj\u0119ciowa kosza podno\u015bnikowego \u0142a\u0144cuchowego mo\u017ce by\u0107 zamkni\u0119ta zasuw\u0105, dzi\u0119ki czemu przeno\u015bnik \u0142a\u0144cuchowy mo\u017ce s\u0142u\u017cy\u0107 do wysypu zbo\u017ca<br \/>\nz suszarni.[\/vc_column_text][\/vc_column][vc_column width=&#8221;1\/2&#8243;][vc_column_text]<strong>CECHY<\/strong><br \/>\n\u2022 Wyko\u0144czenie dwuwarstwowe farb\u0105 podk\u0142adow\u0105 i nawierzchniow\u0105 daje dobr\u0105 ochron\u0119 antykorozyjn\u0105<br \/>\n\u2022 Solidne belki no\u015bne pod szyny najazdowe<br \/>\n\u2022 \u015aciany kosza s\u0105 g\u0142adkie, co sprzyja higienie i u\u0142atwia mycie<br \/>\n\u2022 Mo\u017cliwo\u015b\u0107 zamkni\u0119cia sekcji podno\u015bnikowej obudow\u0105<\/p>\n<p><strong>WYPOSA\u017bENIE DODATKOWE<\/strong><br \/>\n\u2022 Kraty pomostowe<br \/>\n\u2022 Os\u0142ona boczna kosza przyj\u0119ciowego<br \/>\n\u2022 Wska\u017anik poziomu[\/vc_column_text][\/vc_column][\/vc_row]<\/p>\n<\/div>","protected":false},"excerpt":{"rendered":"<p>Kosze podno\u015bnikowe kube\u0142kowe i \u0142a\u0144cuchowe firmy Tornum to kosze samowysypowe. Materia\u0142 przesypywany jest z sekcji przyj\u0119ciowej grawitacyjnie, dzi\u0119ki czemu urz\u0105dzenia te doskonale nadaj\u0105 si\u0119 do monta\u017cu na sta\u0142e na podstawach betonowych.<\/p>\n","protected":false},"featured_media":32787,"comment_status":"open","ping_status":"closed","template":"","meta":{"_acf_changed":false},"product_brand":[],"product_cat":[955,973,962,963,968,990,991],"product_tag":[992,993,966,994],"class_list":{"0":"post-32786","1":"product","2":"type-product","3":"status-publish","4":"has-post-thumbnail","6":"product_cat-all-products-pl","7":"product_cat-feed-pl","8":"product_cat-food-2-pl","9":"product_cat-grain-pl","10":"product_cat-material-handling-pl","11":"product_cat-intake-pit-pl","12":"product_cat-intake-pit-storage-pl","13":"product_tag-bucket-pl","14":"product_tag-chain-pl","15":"product_tag-dryer-pl","16":"product_tag-elevator-pl","17":"pa_products-type-feed-pl","18":"description-off","20":"first","21":"instock","22":"shipping-taxable","23":"product-type-simple"},"acf":[],"_links":{"self":[{"href":"https:\/\/www.tornum.com\/pl\/wp-json\/wp\/v2\/product\/32786","targetHints":{"allow":["GET"]}}],"collection":[{"href":"https:\/\/www.tornum.com\/pl\/wp-json\/wp\/v2\/product"}],"about":[{"href":"https:\/\/www.tornum.com\/pl\/wp-json\/wp\/v2\/types\/product"}],"replies":[{"embeddable":true,"href":"https:\/\/www.tornum.com\/pl\/wp-json\/wp\/v2\/comments?post=32786"}],"version-history":[{"count":2,"href":"https:\/\/www.tornum.com\/pl\/wp-json\/wp\/v2\/product\/32786\/revisions"}],"predecessor-version":[{"id":32979,"href":"https:\/\/www.tornum.com\/pl\/wp-json\/wp\/v2\/product\/32786\/revisions\/32979"}],"wp:featuredmedia":[{"embeddable":true,"href":"https:\/\/www.tornum.com\/pl\/wp-json\/wp\/v2\/media\/32787"}],"wp:attachment":[{"href":"https:\/\/www.tornum.com\/pl\/wp-json\/wp\/v2\/media?parent=32786"}],"wp:term":[{"taxonomy":"product_brand","embeddable":true,"href":"https:\/\/www.tornum.com\/pl\/wp-json\/wp\/v2\/product_brand?post=32786"},{"taxonomy":"product_cat","embeddable":true,"href":"https:\/\/www.tornum.com\/pl\/wp-json\/wp\/v2\/product_cat?post=32786"},{"taxonomy":"product_tag","embeddable":true,"href":"https:\/\/www.tornum.com\/pl\/wp-json\/wp\/v2\/product_tag?post=32786"}],"curies":[{"name":"wp","href":"https:\/\/api.w.org\/{rel}","templated":true}]}}