{"id":32788,"date":"2023-01-29T20:07:08","date_gmt":"2023-01-29T20:07:08","guid":{"rendered":"https:\/\/www.tornum.com\/product\/buhler-grainplus-laga\/"},"modified":"2025-07-30T08:04:58","modified_gmt":"2025-07-30T08:04:58","slug":"buhler-grainplus-laga","status":"publish","type":"product","link":"https:\/\/www.tornum.com\/pl\/produkt\/buhler-grainplus-laga\/","title":{"rendered":"B\u00dcHLER GRAINPLUS\u2122 \u2013 LAGA"},"content":{"rendered":"<div class=\"wpb-content-wrapper\"><p>[vc_row][vc_column width=&#8221;2\/3&#8243;][vc_column_text]GrainPLUS\u2122 to niedroga i uniwersalna maszyna oczyszczaj\u0105ca do czyszczenia ziarna przy przyj\u0119ciu, kt\u00f3ra nadaje si\u0119 r\u00f3wnie\u017c do doczyszczania i sortowania j\u0119czmienia. GrainPLUS\u2122 jest urz\u0105dzeniem przeznaczonym dla bran\u017c, w kt\u00f3rych obowi\u0105zuj\u0105 mniej wy\u015brubowane wymagania wobec przepustowo\u015bci tego typu urz\u0105dze\u0144, za to oczekuje si\u0119 d\u0142ugich cykli pracy i wysokiej dyspozycyjno\u015bci. Solidne wykonanie gwarantuje d\u0142ug\u0105 \u017cywotno\u015b\u0107. Dost\u0119pne s\u0105 3 modele GrainPLUS\u2122 o przepustowo\u015bci od 12 do 50 ton\/h.[\/vc_column_text][\/vc_column][vc_column width=&#8221;1\/3&#8243;][vc_column_text]<strong>CECHY<\/strong><br \/>\n\u2022 Oscyluj\u0105ca komora sita przek\u0142ada si\u0119 na p\u0142ynn\u0105 prac\u0119 bez drga\u0144<br \/>\n\u2022 Zaprojektowana z my\u015bl\u0105 o minimalnym obci\u0105\u017ceniu pod\u0142o\u017ca<br \/>\n\u2022 Stalowe kasety sit czyszczone za pomoc\u0105 kul<br \/>\n\u2022 Ca\u0142kowicie zamkni\u0119ta komora sita chroni przed zapyleniem otoczenia<br \/>\n\u2022 Sekcja wylotowa z kana\u0142em przep\u0142ywu powietrza skierowanym w g\u00f3r\u0119<\/p>\n<p><strong>WYPOSA\u017bENIE DODATKOWE<\/strong><br \/>\n\u2022 Sekcja wlotowa z aspiracj\u0105 i rolk\u0105 podaj\u0105c\u0105<br \/>\n\u2022 Lej wylotowy z separatorem magnetycznym<br \/>\n\u2022 <a href=\"https:\/\/www.tornum.com\/product\/cyclone\/\">Cyklon<\/a><br \/>\n\u2022 Wentylator<br \/>\n\u2022 Filtr[\/vc_column_text][\/vc_column][\/vc_row]<\/p>\n<\/div>","protected":false},"excerpt":{"rendered":"<p>GrainPLUS\u2122 jest ekonomiczn\u0105 i uniwersaln\u0105 maszyn\u0105 oczyszczaj\u0105c\u0105 przeznaczon\u0105 zasadniczo do czyszczenia ziarna przy przyj\u0119ciu, z dodatkow\u0105 mo\u017cliwo\u015bci\u0105 doczyszczania i sortowania j\u0119czmienia.<\/p>\n","protected":false},"featured_media":32790,"comment_status":"open","ping_status":"closed","template":"","meta":{"_acf_changed":false},"product_brand":[],"product_cat":[955,973,962,963,968,996],"product_tag":[997,998,974,972],"class_list":{"0":"post-32788","1":"product","2":"type-product","3":"status-publish","4":"has-post-thumbnail","6":"product_cat-all-products-pl","7":"product_cat-feed-pl","8":"product_cat-food-2-pl","9":"product_cat-grain-pl","10":"product_cat-material-handling-pl","11":"product_cat-cleaning-machines-pl","12":"product_tag-cleaning-pl","13":"product_tag-dc-remover-pl","14":"product_tag-dust-pl","15":"product_tag-separation-pl","16":"pa_products-type-all-products-pl","17":"pa_products-type-feed-pl","18":"description-off","20":"first","21":"instock","22":"shipping-taxable","23":"product-type-simple"},"acf":[],"_links":{"self":[{"href":"https:\/\/www.tornum.com\/pl\/wp-json\/wp\/v2\/product\/32788","targetHints":{"allow":["GET"]}}],"collection":[{"href":"https:\/\/www.tornum.com\/pl\/wp-json\/wp\/v2\/product"}],"about":[{"href":"https:\/\/www.tornum.com\/pl\/wp-json\/wp\/v2\/types\/product"}],"replies":[{"embeddable":true,"href":"https:\/\/www.tornum.com\/pl\/wp-json\/wp\/v2\/comments?post=32788"}],"version-history":[{"count":3,"href":"https:\/\/www.tornum.com\/pl\/wp-json\/wp\/v2\/product\/32788\/revisions"}],"predecessor-version":[{"id":50454,"href":"https:\/\/www.tornum.com\/pl\/wp-json\/wp\/v2\/product\/32788\/revisions\/50454"}],"wp:featuredmedia":[{"embeddable":true,"href":"https:\/\/www.tornum.com\/pl\/wp-json\/wp\/v2\/media\/32790"}],"wp:attachment":[{"href":"https:\/\/www.tornum.com\/pl\/wp-json\/wp\/v2\/media?parent=32788"}],"wp:term":[{"taxonomy":"product_brand","embeddable":true,"href":"https:\/\/www.tornum.com\/pl\/wp-json\/wp\/v2\/product_brand?post=32788"},{"taxonomy":"product_cat","embeddable":true,"href":"https:\/\/www.tornum.com\/pl\/wp-json\/wp\/v2\/product_cat?post=32788"},{"taxonomy":"product_tag","embeddable":true,"href":"https:\/\/www.tornum.com\/pl\/wp-json\/wp\/v2\/product_tag?post=32788"}],"curies":[{"name":"wp","href":"https:\/\/api.w.org\/{rel}","templated":true}]}}