{"id":32793,"date":"2023-03-05T22:37:28","date_gmt":"2023-03-05T22:37:28","guid":{"rendered":"https:\/\/www.tornum.com\/product\/buhler-sma-laca\/"},"modified":"2025-07-30T08:23:23","modified_gmt":"2025-07-30T08:23:23","slug":"buhler-sma-laca","status":"publish","type":"product","link":"https:\/\/www.tornum.com\/pl\/produkt\/buhler-sma-laca\/","title":{"rendered":"B\u00dcHLER SMA \u2013 LACB"},"content":{"rendered":"<div class=\"wpb-content-wrapper\"><p>[vc_row gap=&#8221;35&#8243;][vc_column width=&#8221;2\/3&#8243;][vc_column_text]<\/p>\n<h3><strong>UNIWERSALNA MASZYNA OCZYSZCZAJ\u0104CA B\u00dcHLER LACB SMA 203-3 \/ 206-6<\/strong><\/h3>\n<p>SMA to niedroga i uniwersalna maszyna oczyszczaj\u0105ca do czyszczenia ziarna przy przyj\u0119ciu, kt\u00f3ra nadaje si\u0119 r\u00f3wnie\u017c do doczyszczania i sortowania j\u0119czmienia. Solidne wykonanie gwarantuje d\u0142ug\u0105 \u017cywotno\u015b\u0107 i bezawaryjn\u0105 prac\u0119. Dost\u0119pnych jest 5 modeli SMA o przepustowo\u015bci od 12 do 220 ton\/h.[\/vc_column_text][\/vc_column][vc_column width=&#8221;1\/3&#8243;][vc_column_text]<strong>CECHY<\/strong><br \/>\n\u2022 Oscyluj\u0105ca komora sita przek\u0142ada si\u0119 na p\u0142ynn\u0105 prac\u0119 bez drga\u0144<br \/>\n\u2022 Zaprojektowana z my\u015bl\u0105 o minimalnym obci\u0105\u017ceniu pod\u0142o\u017ca<br \/>\n\u2022 Stalowe kasety sit czyszczone za pomoc\u0105 kul<br \/>\n\u2022 Ca\u0142kowicie zamkni\u0119ta komora sita chroni przed zapyleniem otoczenia<br \/>\n\u2022 Sekcja wylotowa z kana\u0142em przep\u0142ywu powietrza skierowanym w g\u00f3r\u0119<br \/>\n\u2022 Sekcja wlotowa z aspiratorem i rolk\u0105 podaj\u0105c\u0105 (w modelach 203 i 206)<\/p>\n<p><strong>WYPOSA\u017bENIE DODATKOWE<\/strong><br \/>\n\u2022 Lej wylotowy z separatorem magnetycznym<br \/>\n\u2022 Wentylator<br \/>\n\u2022 Cyklon<br \/>\n\u2022 Filtr[\/vc_column_text][\/vc_column][\/vc_row]<\/p>\n<\/div>","protected":false},"excerpt":{"rendered":"<div class=\"flex flex-grow flex-col gap-3 max-w-full\">\n<div class=\"min-h-[20px] flex flex-col items-start gap-3 overflow-x-auto whitespace-pre-wrap break-words\">\n<div class=\"markdown prose w-full break-words dark:prose-invert light\">\n<p>SMA to solidne, przyst\u0119pne cenowo i uniwersalne urz\u0105dzenie do czyszczenia ziarna przy przyj\u0119ciu, doczyszczania ziarna i sortowania j\u0119czmienia. Dost\u0119pnych jest pi\u0119\u0107 modeli o przepustowo\u015bci od 12 do 220 ton\/h, wyr\u00f3\u017cniaj\u0105cych si\u0119 d\u0142ugotrwa\u0142\u0105 \u017cywotno\u015bci\u0105 i bezawaryjn\u0105 prac\u0105.<\/p>\n<\/div>\n<\/div>\n<\/div>\n","protected":false},"featured_media":48261,"comment_status":"open","ping_status":"closed","template":"","meta":{"_acf_changed":false},"product_brand":[],"product_cat":[955,962,963,968,996],"product_tag":[997,998,974,972],"class_list":{"0":"post-32793","1":"product","2":"type-product","3":"status-publish","4":"has-post-thumbnail","6":"product_cat-all-products-pl","7":"product_cat-food-2-pl","8":"product_cat-grain-pl","9":"product_cat-material-handling-pl","10":"product_cat-cleaning-machines-pl","11":"product_tag-cleaning-pl","12":"product_tag-dc-remover-pl","13":"product_tag-dust-pl","14":"product_tag-separation-pl","15":"pa_products-type-all-products-pl","16":"pa_products-type-grain-pl","17":"description-off","19":"first","20":"instock","21":"shipping-taxable","22":"product-type-simple"},"acf":[],"_links":{"self":[{"href":"https:\/\/www.tornum.com\/pl\/wp-json\/wp\/v2\/product\/32793","targetHints":{"allow":["GET"]}}],"collection":[{"href":"https:\/\/www.tornum.com\/pl\/wp-json\/wp\/v2\/product"}],"about":[{"href":"https:\/\/www.tornum.com\/pl\/wp-json\/wp\/v2\/types\/product"}],"replies":[{"embeddable":true,"href":"https:\/\/www.tornum.com\/pl\/wp-json\/wp\/v2\/comments?post=32793"}],"version-history":[{"count":2,"href":"https:\/\/www.tornum.com\/pl\/wp-json\/wp\/v2\/product\/32793\/revisions"}],"predecessor-version":[{"id":32994,"href":"https:\/\/www.tornum.com\/pl\/wp-json\/wp\/v2\/product\/32793\/revisions\/32994"}],"wp:featuredmedia":[{"embeddable":true,"href":"https:\/\/www.tornum.com\/pl\/wp-json\/wp\/v2\/media\/48261"}],"wp:attachment":[{"href":"https:\/\/www.tornum.com\/pl\/wp-json\/wp\/v2\/media?parent=32793"}],"wp:term":[{"taxonomy":"product_brand","embeddable":true,"href":"https:\/\/www.tornum.com\/pl\/wp-json\/wp\/v2\/product_brand?post=32793"},{"taxonomy":"product_cat","embeddable":true,"href":"https:\/\/www.tornum.com\/pl\/wp-json\/wp\/v2\/product_cat?post=32793"},{"taxonomy":"product_tag","embeddable":true,"href":"https:\/\/www.tornum.com\/pl\/wp-json\/wp\/v2\/product_tag?post=32793"}],"curies":[{"name":"wp","href":"https:\/\/api.w.org\/{rel}","templated":true}]}}