{"id":32798,"date":"2023-05-14T21:11:40","date_gmt":"2023-05-14T21:11:40","guid":{"rendered":"https:\/\/www.tornum.com\/product\/buhler-tas-laab\/"},"modified":"2025-07-30T08:38:22","modified_gmt":"2025-07-30T08:38:22","slug":"buhler-tas-laab","status":"publish","type":"product","link":"https:\/\/www.tornum.com\/pl\/produkt\/buhler-tas-laab\/","title":{"rendered":"B\u00dcHLER TAS\u2122 \u2013 LAAB"},"content":{"rendered":"<div class=\"wpb-content-wrapper\"><p>[vc_row][vc_column width=&#8221;2\/3&#8243;][vc_column_text]Uniwersalna maszyna oczyszczaj\u0105ca TAS\u2122 jest przeznaczona przede wszystkim do wst\u0119pnego czyszczenia ziarna i innych materia\u0142\u00f3w w postaci granulatu, cho\u0107 mo\u017ce r\u00f3wnie\u017c s\u0142u\u017cy\u0107 do czyszczenia z sortowaniem. Solidne wykonanie gwarantuje d\u0142ug\u0105 \u017cywotno\u015b\u0107 i niezawodn\u0105 prac\u0119. Dost\u0119pnych jest 8 modeli TAS\u2122 o r\u00f3\u017cnym przeznaczeniu i przepustowo\u015bci od 60 do 250 ton\/h.[\/vc_column_text][\/vc_column][vc_column width=&#8221;1\/3&#8243;][vc_column_text]<strong>CECHY<\/strong><br \/>\n\u2022 Oscyluj\u0105ca komora sita przek\u0142ada si\u0119 na p\u0142ynn\u0105 prac\u0119 bez drga\u0144<br \/>\n\u2022 Zaprojektowana z my\u015bl\u0105 o minimalnym obci\u0105\u017ceniu pod\u0142o\u017ca<br \/>\n\u2022 Stalowe kasety sit czyszczone za pomoc\u0105 kul<br \/>\n\u2022 Ca\u0142kowicie zamkni\u0119ta komora sita chroni przed zapyleniem otoczenia<br \/>\n\u2022 Kana\u0142y ssania wst\u0119pnego i ko\u0144cowego dostarczane w standardzie<br \/>\n\u2022 Sekcja wlotowa z aspiratorem i rolk\u0105 podaj\u0105c\u0105<br \/>\n\u2022 Sekcja wylotowa z kana\u0142em przep\u0142ywu powietrza skierowanym w g\u00f3r\u0119<\/p>\n<p><strong>WYPOSA\u017bENIE DODATKOWE<\/strong><br \/>\n\u2022 Klapa umo\u017cliwiaj\u0105ca naprzemienne czyszczenie sit<br \/>\n\u2022 Wentylator<br \/>\n\u2022 Cyklon<br \/>\n\u2022 Filtr[\/vc_column_text][\/vc_column][\/vc_row]<\/p>\n<\/div>","protected":false},"excerpt":{"rendered":"<p>Uniwersalna maszyna oczyszczaj\u0105ca TAS\u2122 jest przeznaczona przede wszystkim do wst\u0119pnego czyszczenia ziarna i granulat\u00f3w, ale w razie potrzeby mo\u017ce r\u00f3wnie\u017c s\u0142u\u017cy\u0107 do czyszczenia z sortowaniem.<\/p>\n","protected":false},"featured_media":32800,"comment_status":"open","ping_status":"closed","template":"","meta":{"_acf_changed":false},"product_brand":[],"product_cat":[955,962,963,968,996],"product_tag":[997,998,974,972],"class_list":{"0":"post-32798","1":"product","2":"type-product","3":"status-publish","4":"has-post-thumbnail","6":"product_cat-all-products-pl","7":"product_cat-food-2-pl","8":"product_cat-grain-pl","9":"product_cat-material-handling-pl","10":"product_cat-cleaning-machines-pl","11":"product_tag-cleaning-pl","12":"product_tag-dc-remover-pl","13":"product_tag-dust-pl","14":"product_tag-separation-pl","15":"description-off","17":"first","18":"instock","19":"shipping-taxable","20":"product-type-simple"},"acf":[],"_links":{"self":[{"href":"https:\/\/www.tornum.com\/pl\/wp-json\/wp\/v2\/product\/32798","targetHints":{"allow":["GET"]}}],"collection":[{"href":"https:\/\/www.tornum.com\/pl\/wp-json\/wp\/v2\/product"}],"about":[{"href":"https:\/\/www.tornum.com\/pl\/wp-json\/wp\/v2\/types\/product"}],"replies":[{"embeddable":true,"href":"https:\/\/www.tornum.com\/pl\/wp-json\/wp\/v2\/comments?post=32798"}],"version-history":[{"count":3,"href":"https:\/\/www.tornum.com\/pl\/wp-json\/wp\/v2\/product\/32798\/revisions"}],"predecessor-version":[{"id":50502,"href":"https:\/\/www.tornum.com\/pl\/wp-json\/wp\/v2\/product\/32798\/revisions\/50502"}],"wp:featuredmedia":[{"embeddable":true,"href":"https:\/\/www.tornum.com\/pl\/wp-json\/wp\/v2\/media\/32800"}],"wp:attachment":[{"href":"https:\/\/www.tornum.com\/pl\/wp-json\/wp\/v2\/media?parent=32798"}],"wp:term":[{"taxonomy":"product_brand","embeddable":true,"href":"https:\/\/www.tornum.com\/pl\/wp-json\/wp\/v2\/product_brand?post=32798"},{"taxonomy":"product_cat","embeddable":true,"href":"https:\/\/www.tornum.com\/pl\/wp-json\/wp\/v2\/product_cat?post=32798"},{"taxonomy":"product_tag","embeddable":true,"href":"https:\/\/www.tornum.com\/pl\/wp-json\/wp\/v2\/product_tag?post=32798"}],"curies":[{"name":"wp","href":"https:\/\/api.w.org\/{rel}","templated":true}]}}