{"id":32802,"date":"2023-05-14T21:55:41","date_gmt":"2023-05-14T21:55:41","guid":{"rendered":"https:\/\/www.tornum.com\/product\/buildings\/"},"modified":"2025-07-30T08:47:54","modified_gmt":"2025-07-30T08:47:54","slug":"budynki-zabudowa","status":"publish","type":"product","link":"https:\/\/www.tornum.com\/pl\/produkt\/budynki-zabudowa\/","title":{"rendered":"BUDYNKI \/ ZABUDOWA"},"content":{"rendered":"<p>W krajach skandynawskich tradycj\u0105 jest, \u017ce suszarnie i sk\u0142ady ziarna znajduj\u0105 si\u0119<br \/>\nw budynkach. Tornum specjalizuje si\u0119 w wykonawstwie wyj\u0105tkowej zabudowy i obud\u00f3w dla suszarni, wykonuj\u0105c ka\u017cd\u0105 z nich wedle konkretnych potrzeb i upodoba\u0144 klient\u00f3w.<\/p>\n<p>Ze wzgl\u0119du na obowi\u0105zuj\u0105ce przepisy UE, od 1 lipca 2014 r. wszystkie wyroby budowlane sprzedawane na rynku unijnym musz\u0105 nosi\u0107 oznaczenie CE. Firma Tornum dba o zgodno\u015b\u0107 z obowi\u0105zuj\u0105cymi normami prawa, gwarantuj\u0105c, \u017ce jej suszarnie spe\u0142niaj\u0105 wymagania prawne Unii Europejskiej.<\/p>\n","protected":false},"excerpt":{"rendered":"<p>W krajach skandynawskich tradycj\u0105 jest, \u017ce suszarnie i sk\u0142ady ziarna znajduj\u0105 si\u0119 w budynkach. Tornum wykonuje zabudow\u0119 dla suszarni zgodnie z \u017cyczeniami i pomys\u0142ami klient\u00f3w, za\u015b ka\u017cdy taki budynek jest niepowtarzalny.<\/p>\n","protected":false},"featured_media":32804,"comment_status":"open","ping_status":"closed","template":"","meta":{"_acf_changed":false},"product_brand":[],"product_cat":[955,973,962,963,1000,1001],"product_tag":[1002,988,966,1003],"class_list":{"0":"post-32802","1":"product","2":"type-product","3":"status-publish","4":"has-post-thumbnail","6":"product_cat-all-products-pl","7":"product_cat-feed-pl","8":"product_cat-food-2-pl","9":"product_cat-grain-pl","10":"product_cat-storage-pl","11":"product_cat-building-storage-pl","12":"product_tag-bins-pl","13":"product_tag-conveyor-pl","14":"product_tag-dryer-pl","15":"product_tag-storage-pl","16":"description-off","18":"first","19":"instock","20":"shipping-taxable","21":"product-type-simple"},"acf":[],"_links":{"self":[{"href":"https:\/\/www.tornum.com\/pl\/wp-json\/wp\/v2\/product\/32802","targetHints":{"allow":["GET"]}}],"collection":[{"href":"https:\/\/www.tornum.com\/pl\/wp-json\/wp\/v2\/product"}],"about":[{"href":"https:\/\/www.tornum.com\/pl\/wp-json\/wp\/v2\/types\/product"}],"replies":[{"embeddable":true,"href":"https:\/\/www.tornum.com\/pl\/wp-json\/wp\/v2\/comments?post=32802"}],"version-history":[{"count":2,"href":"https:\/\/www.tornum.com\/pl\/wp-json\/wp\/v2\/product\/32802\/revisions"}],"predecessor-version":[{"id":33012,"href":"https:\/\/www.tornum.com\/pl\/wp-json\/wp\/v2\/product\/32802\/revisions\/33012"}],"wp:featuredmedia":[{"embeddable":true,"href":"https:\/\/www.tornum.com\/pl\/wp-json\/wp\/v2\/media\/32804"}],"wp:attachment":[{"href":"https:\/\/www.tornum.com\/pl\/wp-json\/wp\/v2\/media?parent=32802"}],"wp:term":[{"taxonomy":"product_brand","embeddable":true,"href":"https:\/\/www.tornum.com\/pl\/wp-json\/wp\/v2\/product_brand?post=32802"},{"taxonomy":"product_cat","embeddable":true,"href":"https:\/\/www.tornum.com\/pl\/wp-json\/wp\/v2\/product_cat?post=32802"},{"taxonomy":"product_tag","embeddable":true,"href":"https:\/\/www.tornum.com\/pl\/wp-json\/wp\/v2\/product_tag?post=32802"}],"curies":[{"name":"wp","href":"https:\/\/api.w.org\/{rel}","templated":true}]}}