{"id":32819,"date":"2023-05-04T11:17:37","date_gmt":"2023-05-04T11:17:37","guid":{"rendered":"https:\/\/www.tornum.com\/product\/bulk-loading-bin-ut\/"},"modified":"2025-07-14T07:19:11","modified_gmt":"2025-07-14T07:19:11","slug":"silos-spedycyjny-ut","status":"publish","type":"product","link":"https:\/\/www.tornum.com\/pl\/produkt\/silos-spedycyjny-ut\/","title":{"rendered":"SILOS SPEDYCYJNY UT"},"content":{"rendered":"<div class=\"wpb-content-wrapper\"><p>[vc_row gap=&#8221;35&#8243;][vc_column width=&#8221;2\/3&#8243;][vc_column_text]Silos spedycyjny firmy Tornum umo\u017cliwia szybki i sprawny za\u0142adunek ziarna. Wysoko\u015b\u0107 i szeroko\u015b\u0107 w \u015bwietle ramy s\u0105 dostosowane do du\u017cych pojazd\u00f3w ci\u0119\u017carowych, dlatego mo\u017cna je \u0142atwo za\u0142adowa\u0107 ziarnem podczas postoju pod silosem. Silos wyr\u00f3\u017cnia si\u0119 bardzo solidn\u0105 konstrukcj\u0105 o ramie kratowej wykonanej z k\u0105townik\u00f3w. Silos spedycyjny jest r\u00f3wnie\u017c niezwykle \u0142atwy w monta\u017cu za pomoc\u0105 \u015brub i nakr\u0119tek.[\/vc_column_text][\/vc_column][vc_column width=&#8221;1\/3&#8243;][vc_column_text]<strong>Cechy<\/strong><br \/>\n\u2022 Wykonanie z blachy stalowej ocynkowanej ogniowo<br \/>\n\u2022 Sekcje magazynowe o wysoko\u015bci 505 mm, z mo\u017cliwo\u015bci\u0105 rozbudowy do oczekiwanej pojemno\u015bci<br \/>\n\u2022 G\u0142adkie \u015bcianki wewn\u0119trzne u\u0142atwiaj\u0105 mycie<br \/>\n\u2022 Konstrukcja umo\u017cliwia kilka metod zabudowy, co oszcz\u0119dza czas.<br \/>\n\u2022 Wylot silosu ma wymiary 300 x 300 mm w \u015bwietle i ma zasuw\u0119 z ko\u0142em z\u0119batym, kt\u00f3r\u0105 mo\u017cna obs\u0142ugiwa\u0107 z poziomu ziemi za pomoc\u0105 ci\u0119gna steruj\u0105cego<br \/>\n\u2022 Standardowa wysoko\u015b\u0107 w \u015bwietle pod zasuw\u0105 z ko\u0142em z\u0119batym wynosi 4620 mm<\/p>\n<p><strong>Opcje<\/strong><br \/>\n\u2022 Wska\u017anik poziomu<br \/>\n\u2022 Otw\u00f3r rewizyjny z kratk\u0105 zabezpieczaj\u0105c\u0105, zamontowany w pod\u0142odze<br \/>\n\u2022 Przegroda<br \/>\n\u2022 Zasuwa z elementami steruj\u0105cymi<br \/>\n\u2022 Zasuwa z nap\u0119dem elektrycznym<br \/>\n\u2022 Drabina<br \/>\n\u2022 Por\u0119cze[\/vc_column_text][\/vc_column][\/vc_row]<\/p>\n<\/div>","protected":false},"excerpt":{"rendered":"<p>Silos spedycyjny firmy Tornum umo\u017cliwia sprawny za\u0142adunek ziarna na du\u017ce pojazdy dzi\u0119ki wytrzyma\u0142ej ramie kratowej z k\u0105townik\u00f3w. Jest prosty w monta\u017cu za pomoc\u0105 \u015brub i nakr\u0119tek.<\/p>\n","protected":false},"featured_media":32823,"comment_status":"open","ping_status":"closed","template":"","meta":{"_acf_changed":false},"product_brand":[],"product_cat":[955,973,962,963,1000,1004],"product_tag":[987,1005,961,1003],"class_list":{"0":"post-32819","1":"product","2":"type-product","3":"status-publish","4":"has-post-thumbnail","6":"product_cat-all-products-pl","7":"product_cat-feed-pl","8":"product_cat-food-2-pl","9":"product_cat-grain-pl","10":"product_cat-storage-pl","11":"product_cat-bulk-loading-bin-pl","12":"product_tag-bin-pl","13":"product_tag-building-pl","14":"product_tag-silo-pl","15":"product_tag-storage-pl","16":"description-off","18":"first","19":"instock","20":"shipping-taxable","21":"product-type-simple"},"acf":[],"_links":{"self":[{"href":"https:\/\/www.tornum.com\/pl\/wp-json\/wp\/v2\/product\/32819","targetHints":{"allow":["GET"]}}],"collection":[{"href":"https:\/\/www.tornum.com\/pl\/wp-json\/wp\/v2\/product"}],"about":[{"href":"https:\/\/www.tornum.com\/pl\/wp-json\/wp\/v2\/types\/product"}],"replies":[{"embeddable":true,"href":"https:\/\/www.tornum.com\/pl\/wp-json\/wp\/v2\/comments?post=32819"}],"version-history":[{"count":3,"href":"https:\/\/www.tornum.com\/pl\/wp-json\/wp\/v2\/product\/32819\/revisions"}],"predecessor-version":[{"id":45692,"href":"https:\/\/www.tornum.com\/pl\/wp-json\/wp\/v2\/product\/32819\/revisions\/45692"}],"wp:featuredmedia":[{"embeddable":true,"href":"https:\/\/www.tornum.com\/pl\/wp-json\/wp\/v2\/media\/32823"}],"wp:attachment":[{"href":"https:\/\/www.tornum.com\/pl\/wp-json\/wp\/v2\/media?parent=32819"}],"wp:term":[{"taxonomy":"product_brand","embeddable":true,"href":"https:\/\/www.tornum.com\/pl\/wp-json\/wp\/v2\/product_brand?post=32819"},{"taxonomy":"product_cat","embeddable":true,"href":"https:\/\/www.tornum.com\/pl\/wp-json\/wp\/v2\/product_cat?post=32819"},{"taxonomy":"product_tag","embeddable":true,"href":"https:\/\/www.tornum.com\/pl\/wp-json\/wp\/v2\/product_tag?post=32819"}],"curies":[{"name":"wp","href":"https:\/\/api.w.org\/{rel}","templated":true}]}}