{"id":32824,"date":"2023-05-14T20:51:26","date_gmt":"2023-05-14T20:51:26","guid":{"rendered":"https:\/\/www.tornum.com\/product\/centrifugal-fans\/"},"modified":"2025-07-30T09:02:20","modified_gmt":"2025-07-30T09:02:20","slug":"wentylatory-odsrodkowe","status":"publish","type":"product","link":"https:\/\/www.tornum.com\/pl\/produkt\/wentylatory-odsrodkowe\/","title":{"rendered":"WENTYLATORY OD\u015aRODKOWE"},"content":{"rendered":"<div class=\"wpb-content-wrapper\"><p>[vc_row][vc_column width=&#8221;2\/3&#8243;][vc_column_text]Wentylatory od\u015brodkowe firmy Tornum s\u0105 przeznaczone do kondycjonowania, ch\u0142odzenia i suszenia ziarna. Wentylatory te s\u0105 niezwykle wydajne i wyr\u00f3\u017cniaj\u0105 si\u0119 niskim poziomem ha\u0142asu. Dzi\u0119ki wysokiej wydajno\u015bci spr\u0119\u017cu, nasze wentylatory od\u015brodkowe s\u0105 idealne do kondycjonowania ziarna wilgotnego. Wiele mo\u017cliwo\u015bci monta\u017cu u\u0142atwia ich zabudow\u0119.[\/vc_column_text][\/vc_column][vc_column width=&#8221;1\/3&#8243;][vc_column_text]<strong>CECHY<\/strong><br \/>\n\u2022 Nieskomplikowana i solidna konstrukcja<br \/>\n\u2022 Wykonanie ze stali ocynkowanej ogniowo \u2013 konstrukcja spawana i malowana do pracy w trudnych warunkach<br \/>\n\u2022 Mo\u017cliwo\u015b\u0107 wykonania ze specjalnie zam\u00f3wionym kierunkiem wylotu<br \/>\n\u2022 Wydajno\u015b\u0107 nawet 120 000 m\u00b3 na godzin\u0119, zakres spr\u0119\u017cu 10-1300 mm s\u0142upa wody<\/p>\n<p><strong>WYPOSA\u017bENIE DODATKOWE<\/strong><br \/>\n\u2022 Kr\u00f3\u0107ce przej\u015bciowe na wlocie i wylocie pod kana\u0142y spiro[\/vc_column_text][\/vc_column][\/vc_row]<\/p>\n<\/div>","protected":false},"excerpt":{"rendered":"<p>Wentylatory od\u015brodkowe firmy Tornum zaprojektowano do kondycjonowania, ch\u0142odzenia i suszenia ziarna. Charakteryzuj\u0105 si\u0119 bardzo dobr\u0105 wydajno\u015bci\u0105 i niskim poziomem ha\u0142asu.<\/p>\n","protected":false},"featured_media":50240,"comment_status":"open","ping_status":"closed","template":"","meta":{"_acf_changed":false},"product_brand":[],"product_cat":[955,956,1006],"product_tag":[958,1002,970,961],"class_list":{"0":"post-32824","1":"product","2":"type-product","3":"status-publish","4":"has-post-thumbnail","6":"product_cat-all-products-pl","7":"product_cat-conditioning-pl","8":"product_cat-centrifugal-fan-pl","9":"product_tag-axial-pl","10":"product_tag-bins-pl","11":"product_tag-conditioning-pl","12":"product_tag-silo-pl","13":"description-off","15":"first","16":"instock","17":"shipping-taxable","18":"product-type-simple"},"acf":[],"_links":{"self":[{"href":"https:\/\/www.tornum.com\/pl\/wp-json\/wp\/v2\/product\/32824","targetHints":{"allow":["GET"]}}],"collection":[{"href":"https:\/\/www.tornum.com\/pl\/wp-json\/wp\/v2\/product"}],"about":[{"href":"https:\/\/www.tornum.com\/pl\/wp-json\/wp\/v2\/types\/product"}],"replies":[{"embeddable":true,"href":"https:\/\/www.tornum.com\/pl\/wp-json\/wp\/v2\/comments?post=32824"}],"version-history":[{"count":3,"href":"https:\/\/www.tornum.com\/pl\/wp-json\/wp\/v2\/product\/32824\/revisions"}],"predecessor-version":[{"id":40309,"href":"https:\/\/www.tornum.com\/pl\/wp-json\/wp\/v2\/product\/32824\/revisions\/40309"}],"wp:featuredmedia":[{"embeddable":true,"href":"https:\/\/www.tornum.com\/pl\/wp-json\/wp\/v2\/media\/50240"}],"wp:attachment":[{"href":"https:\/\/www.tornum.com\/pl\/wp-json\/wp\/v2\/media?parent=32824"}],"wp:term":[{"taxonomy":"product_brand","embeddable":true,"href":"https:\/\/www.tornum.com\/pl\/wp-json\/wp\/v2\/product_brand?post=32824"},{"taxonomy":"product_cat","embeddable":true,"href":"https:\/\/www.tornum.com\/pl\/wp-json\/wp\/v2\/product_cat?post=32824"},{"taxonomy":"product_tag","embeddable":true,"href":"https:\/\/www.tornum.com\/pl\/wp-json\/wp\/v2\/product_tag?post=32824"}],"curies":[{"name":"wp","href":"https:\/\/api.w.org\/{rel}","templated":true}]}}